{"id":3468,"date":"2021-09-02T14:33:31","date_gmt":"2021-09-02T11:33:31","guid":{"rendered":"http:\/\/xclub.ee\/veeshow\/"},"modified":"2025-04-09T12:15:26","modified_gmt":"2025-04-09T09:15:26","slug":"veeshow","status":"publish","type":"page","link":"https:\/\/xclub.ee\/et\/veeshow\/","title":{"rendered":"Veeshow"},"content":{"rendered":"<div class=\"wpb-content-wrapper\"><p>[vc_row][vc_column][vc_column_text]<\/p>\n<div style=\"width: 860px;\" class=\"wp-video\"><video class=\"wp-video-shortcode\" id=\"video-3468-1\" width=\"860\" height=\"484\" poster=\"http:\/\/xclub.ee\/wp-content\/uploads\/2021\/08\/Xclub-Water-Show-mp4-image.png\" preload=\"metadata\" controls=\"controls\"><source type=\"video\/mp4\" src=\"http:\/\/xclub.ee\/wp-content\/uploads\/2021\/08\/Xclub-Water-Show.mp4?_=1\" \/><a href=\"http:\/\/xclub.ee\/wp-content\/uploads\/2021\/08\/Xclub-Water-Show.mp4\">http:\/\/xclub.ee\/wp-content\/uploads\/2021\/08\/Xclub-Water-Show.mp4<\/a><\/video><\/div>\n<p>Vee\u0161\u00f5u on hapruse ja peenuse ilu kehastus. \u00d5rn valgustus ja magus muusika viivad teid imedemaailma, kus k\u00f5ige suurep\u00e4rasem t\u00fcdruk m\u00e4ngib mullidega. N\u00e4ete, kuidas veetilgad s\u00e4ravad tema t\u00e4iuslikul kehal, samal ajal kui ta liigub uskumatu graatsiaga.<\/p>\n<div class=\"mob-show\"><div id=\"metaslider-id-3103\" style=\"width: 100%;\" class=\"ml-slider-3-107-0 metaslider metaslider-flex metaslider-3103 ml-slider has-dots-nav ms-theme-default\" role=\"region\" aria-label=\"Watershow mobile\" data-height=\"800\" data-width=\"600\">\n    <div id=\"metaslider_container_3103\">\n        <div id=\"temp_metaslider_3103\" class=\"flexslider\"><ul class='slides'><\/ul><\/div><div id=\"metaslider_3103\">\n            <ul class='slides'>\n                <li style=\"display: none; width: 100%;\" class=\"slide-3104 ms-image hidden_tablet hidden_laptop hidden_desktop \" aria-roledescription=\"slide\" data-date=\"2021-08-20 17:23:07\" data-filename=\"dsc00239_resize-scaled-600x800.jpg\" data-slide-type=\"image\"><img decoding=\"async\" src=\"https:\/\/xclub.ee\/wp-content\/uploads\/2024\/09\/dsc00239_resize-scaled-600x800.jpg\" height=\"800\" width=\"600\" alt=\"best stripclub tallinn\" class=\"slider-3103 slide-3104 msDefaultImage\" title=\"best stripclub tallinn\" \/><div class=\"caption-wrap\"><div class=\"caption\">Exciting night out in Tallinn nightlife<\/div><\/div><\/li>\n                <li style=\"display: none; width: 100%;\" class=\"slide-3105 ms-image hidden_tablet hidden_laptop hidden_desktop \" aria-roledescription=\"slide\" data-date=\"2021-08-20 17:23:17\" data-filename=\"dsc00143_resize-scaled-600x800.jpg\" data-slide-type=\"image\"><img decoding=\"async\" src=\"https:\/\/xclub.ee\/wp-content\/uploads\/2024\/09\/dsc00143_resize-scaled-600x800.jpg\" height=\"800\" width=\"600\" alt=\"striptease club\" class=\"slider-3103 slide-3105 msDefaultImage\" title=\"striptease club\" \/><\/li>\n                <li style=\"display: none; width: 100%;\" class=\"slide-3106 ms-image hidden_tablet hidden_laptop hidden_desktop \" aria-roledescription=\"slide\" data-date=\"2021-08-20 17:23:29\" data-filename=\"dsc00104_resize-scaled-600x800.jpg\" data-slide-type=\"image\"><img decoding=\"async\" src=\"https:\/\/xclub.ee\/wp-content\/uploads\/2024\/09\/dsc00104_resize-scaled-600x800.jpg\" height=\"800\" width=\"600\" alt=\"striptease club\" class=\"slider-3103 slide-3106 msDefaultImage\" title=\"striptease club\" \/><\/li>\n                <li style=\"display: none; width: 100%;\" class=\"slide-5496 ms-image hidden_tablet hidden_laptop hidden_desktop \" aria-roledescription=\"slide\" data-date=\"2025-04-02 20:24:47\" data-filename=\"dsc00230_resize-scaled-600x800.jpg\" data-slide-type=\"image\"><img decoding=\"async\" src=\"https:\/\/xclub.ee\/wp-content\/uploads\/2024\/09\/dsc00230_resize-scaled-600x800.jpg\" height=\"800\" width=\"600\" alt=\"best stripclub tallinn\" class=\"slider-3103 slide-5496 msDefaultImage\" title=\"best stripclub tallinn\" \/><div class=\"caption-wrap\"><div class=\"caption\">Exciting night out in Tallinn nightlife<\/div><\/div><\/li>\n            <\/ul>\n        <\/div>\n        \n    <\/div>\n<\/div><\/div>\n<div><\/div>\n<p>[\/vc_column_text][\/vc_column][\/vc_row][vc_row bg_type=&#8221;bg_color&#8221; ult_hide_row=&#8221;ult_hide_row_value&#8221; ult_hide_row_mobile=&#8221;mobile&#8221; ult_hide_row_mobile_large=&#8221;xl_mobile&#8221; bg_color_value=&#8221;rgba(255,255,255,0.01)&#8221;][vc_column][vc_column_text]<\/p>\n\n\t\t<style type=\"text\/css\">\n\t\t\t#gallery-1 {\n\t\t\t\tmargin: auto;\n\t\t\t}\n\t\t\t#gallery-1 .gallery-item {\n\t\t\t\tfloat: left;\n\t\t\t\tmargin-top: 10px;\n\t\t\t\ttext-align: center;\n\t\t\t\twidth: 50%;\n\t\t\t}\n\t\t\t#gallery-1 img {\n\t\t\t\tborder: 2px solid #cfcfcf;\n\t\t\t}\n\t\t\t#gallery-1 .gallery-caption {\n\t\t\t\tmargin-left: 0;\n\t\t\t}\n\t\t\t\/* see gallery_shortcode() in wp-includes\/media.php *\/\n\t\t<\/style>\n\t\t<div id='gallery-1' class='gallery galleryid-3468 gallery-columns-2 gallery-size-thumbnail'><dl class='gallery-item'>\n\t\t\t<dt class='gallery-icon portrait'>\n\t\t\t\t<a href='https:\/\/xclub.ee\/wp-content\/uploads\/2024\/09\/dsc00239_resize-scaled.jpg'><img decoding=\"async\" width=\"260\" height=\"184\" src=\"https:\/\/xclub.ee\/wp-content\/uploads\/2024\/09\/dsc00239_resize-260x184.jpg\" class=\"attachment-thumbnail size-thumbnail\" alt=\"best stripclub tallinn\" aria-describedby=\"gallery-1-4524\" title=\"\"><\/a>\n\t\t\t<\/dt>\n\t\t\t\t<dd class='wp-caption-text gallery-caption' id='gallery-1-4524'>\n\t\t\t\tExciting night out in Tallinn nightlife\n\t\t\t\t<\/dd><\/dl><dl class='gallery-item'>\n\t\t\t<dt class='gallery-icon landscape'>\n\t\t\t\t<a href='https:\/\/xclub.ee\/wp-content\/uploads\/2024\/09\/dsc00230_resize-scaled.jpg'><img decoding=\"async\" width=\"260\" height=\"184\" src=\"https:\/\/xclub.ee\/wp-content\/uploads\/2024\/09\/dsc00230_resize-260x184.jpg\" class=\"attachment-thumbnail size-thumbnail\" alt=\"best stripclub tallinn\" aria-describedby=\"gallery-1-4519\" title=\"\"><\/a>\n\t\t\t<\/dt>\n\t\t\t\t<dd class='wp-caption-text gallery-caption' id='gallery-1-4519'>\n\t\t\t\tExciting night out in Tallinn nightlife\n\t\t\t\t<\/dd><\/dl><br style=\"clear: both\" \/><dl class='gallery-item'>\n\t\t\t<dt class='gallery-icon landscape'>\n\t\t\t\t<a href='https:\/\/xclub.ee\/wp-content\/uploads\/2024\/09\/dsc00196_resize-scaled.jpg'><img decoding=\"async\" width=\"260\" height=\"184\" src=\"https:\/\/xclub.ee\/wp-content\/uploads\/2024\/09\/dsc00196_resize-260x184.jpg\" class=\"attachment-thumbnail size-thumbnail\" alt=\"striptease club\" aria-describedby=\"gallery-1-4499\" title=\"\"><\/a>\n\t\t\t<\/dt>\n\t\t\t\t<dd class='wp-caption-text gallery-caption' id='gallery-1-4499'>\n\t\t\t\tExciting night out in Tallinn nightlife\n\t\t\t\t<\/dd><\/dl><dl class='gallery-item'>\n\t\t\t<dt class='gallery-icon landscape'>\n\t\t\t\t<a href='https:\/\/xclub.ee\/wp-content\/uploads\/2024\/09\/dsc00218_resize-scaled.jpg'><img decoding=\"async\" width=\"260\" height=\"184\" src=\"https:\/\/xclub.ee\/wp-content\/uploads\/2024\/09\/dsc00218_resize-260x184.jpg\" class=\"attachment-thumbnail size-thumbnail\" alt=\"striptease club\" aria-describedby=\"gallery-1-4514\" title=\"\"><\/a>\n\t\t\t<\/dt>\n\t\t\t\t<dd class='wp-caption-text gallery-caption' id='gallery-1-4514'>\n\t\t\t\tExciting night out in Tallinn nightlife\n\t\t\t\t<\/dd><\/dl><br style=\"clear: both\" \/><dl class='gallery-item'>\n\t\t\t<dt class='gallery-icon landscape'>\n\t\t\t\t<a href='https:\/\/xclub.ee\/wp-content\/uploads\/2024\/09\/dsc00177_resize-scaled.jpg'><img decoding=\"async\" width=\"260\" height=\"184\" src=\"https:\/\/xclub.ee\/wp-content\/uploads\/2024\/09\/dsc00177_resize-260x184.jpg\" class=\"attachment-thumbnail size-thumbnail\" alt=\"xclub best stripclub tallinn\" title=\"\"><\/a>\n\t\t\t<\/dt><\/dl><dl class='gallery-item'>\n\t\t\t<dt class='gallery-icon portrait'>\n\t\t\t\t<a href='https:\/\/xclub.ee\/wp-content\/uploads\/2024\/09\/dsc00104_resize-scaled.jpg'><img decoding=\"async\" width=\"260\" height=\"184\" src=\"https:\/\/xclub.ee\/wp-content\/uploads\/2024\/09\/dsc00104_resize-260x184.jpg\" class=\"attachment-thumbnail size-thumbnail\" alt=\"striptease club\" title=\"\"><\/a>\n\t\t\t<\/dt><\/dl><br style=\"clear: both\" \/><dl class='gallery-item'>\n\t\t\t<dt class='gallery-icon landscape'>\n\t\t\t\t<a href='https:\/\/xclub.ee\/wp-content\/uploads\/2024\/09\/dsc00213_resize-scaled.jpg'><img decoding=\"async\" width=\"260\" height=\"184\" src=\"https:\/\/xclub.ee\/wp-content\/uploads\/2024\/09\/dsc00213_resize-260x184.jpg\" class=\"attachment-thumbnail size-thumbnail\" alt=\"striptease club\" aria-describedby=\"gallery-1-4509\" title=\"\"><\/a>\n\t\t\t<\/dt>\n\t\t\t\t<dd class='wp-caption-text gallery-caption' id='gallery-1-4509'>\n\t\t\t\tExciting night out in Tallinn nightlife\n\t\t\t\t<\/dd><\/dl><dl class='gallery-item'>\n\t\t\t<dt class='gallery-icon landscape'>\n\t\t\t\t<a href='https:\/\/xclub.ee\/wp-content\/uploads\/2024\/09\/dsc00181_resize-scaled.jpg'><img decoding=\"async\" width=\"260\" height=\"184\" src=\"https:\/\/xclub.ee\/wp-content\/uploads\/2024\/09\/dsc00181_resize-260x184.jpg\" class=\"attachment-thumbnail size-thumbnail\" alt=\"xclub best stripclub tallinn\" title=\"\"><\/a>\n\t\t\t<\/dt><\/dl><br style=\"clear: both\" \/><dl class='gallery-item'>\n\t\t\t<dt class='gallery-icon landscape'>\n\t\t\t\t<a href='https:\/\/xclub.ee\/wp-content\/uploads\/2024\/09\/dsc00211_resize-scaled.jpg'><img decoding=\"async\" width=\"260\" height=\"184\" src=\"https:\/\/xclub.ee\/wp-content\/uploads\/2024\/09\/dsc00211_resize-260x184.jpg\" class=\"attachment-thumbnail size-thumbnail\" alt=\"striptease club\" aria-describedby=\"gallery-1-4504\" title=\"\"><\/a>\n\t\t\t<\/dt>\n\t\t\t\t<dd class='wp-caption-text gallery-caption' id='gallery-1-4504'>\n\t\t\t\tExciting night out in Tallinn nightlife\n\t\t\t\t<\/dd><\/dl><dl class='gallery-item'>\n\t\t\t<dt class='gallery-icon portrait'>\n\t\t\t\t<a href='https:\/\/xclub.ee\/wp-content\/uploads\/2024\/09\/dsc00143_resize-scaled.jpg'><img decoding=\"async\" width=\"260\" height=\"184\" src=\"https:\/\/xclub.ee\/wp-content\/uploads\/2024\/09\/dsc00143_resize-260x184.jpg\" class=\"attachment-thumbnail size-thumbnail\" alt=\"striptease club\" title=\"\"><\/a>\n\t\t\t<\/dt><\/dl><br style=\"clear: both\" \/>\n\t\t<\/div>\n\n<p>[\/vc_column_text][\/vc_column][\/vc_row]<\/p>\n<\/div>","protected":false},"excerpt":{"rendered":"<p>[vc_row][vc_column][vc_column_text] Vee\u0161\u00f5u on hapruse ja peenuse ilu kehastus. \u00d5rn valgustus ja magus muusika viivad teid imedemaailma, kus k\u00f5ige suurep\u00e4rasem t\u00fcdruk m\u00e4ngib mullidega. N\u00e4ete, kuidas veetilgad s\u00e4ravad tema t\u00e4iuslikul kehal, samal ajal kui ta liigub uskumatu graatsiaga. [\/vc_column_text][\/vc_column][\/vc_row][vc_row bg_type=&#8221;bg_color&#8221; ult_hide_row=&#8221;ult_hide_row_value&#8221; ult_hide_row_mobile=&#8221;mobile&#8221; ult_hide_row_mobile_large=&#8221;xl_mobile&#8221; bg_color_value=&#8221;rgba(255,255,255,0.01)&#8221;][vc_column][vc_column_text] [\/vc_column_text][\/vc_column][\/vc_row]<\/p>\n","protected":false},"author":1,"featured_media":1404,"parent":0,"menu_order":0,"comment_status":"closed","ping_status":"closed","template":"","meta":{"_acf_changed":false,"footnotes":""},"class_list":["post-3468","page","type-page","status-publish","has-post-thumbnail","hentry"],"acf":[],"_links":{"self":[{"href":"https:\/\/xclub.ee\/et\/wp-json\/wp\/v2\/pages\/3468","targetHints":{"allow":["GET"]}}],"collection":[{"href":"https:\/\/xclub.ee\/et\/wp-json\/wp\/v2\/pages"}],"about":[{"href":"https:\/\/xclub.ee\/et\/wp-json\/wp\/v2\/types\/page"}],"author":[{"embeddable":true,"href":"https:\/\/xclub.ee\/et\/wp-json\/wp\/v2\/users\/1"}],"replies":[{"embeddable":true,"href":"https:\/\/xclub.ee\/et\/wp-json\/wp\/v2\/comments?post=3468"}],"version-history":[{"count":2,"href":"https:\/\/xclub.ee\/et\/wp-json\/wp\/v2\/pages\/3468\/revisions"}],"predecessor-version":[{"id":5658,"href":"https:\/\/xclub.ee\/et\/wp-json\/wp\/v2\/pages\/3468\/revisions\/5658"}],"wp:featuredmedia":[{"embeddable":true,"href":"https:\/\/xclub.ee\/et\/wp-json\/wp\/v2\/media\/1404"}],"wp:attachment":[{"href":"https:\/\/xclub.ee\/et\/wp-json\/wp\/v2\/media?parent=3468"}],"curies":[{"name":"wp","href":"https:\/\/api.w.org\/{rel}","templated":true}]}}