{"id":3476,"date":"2021-09-02T14:39:50","date_gmt":"2021-09-02T11:39:50","guid":{"rendered":"http:\/\/xclub.ee\/erashow\/"},"modified":"2025-04-09T12:19:30","modified_gmt":"2025-04-09T09:19:30","slug":"erashow","status":"publish","type":"page","link":"https:\/\/xclub.ee\/et\/erashow\/","title":{"rendered":"Erashow"},"content":{"rendered":"<div class=\"wpb-content-wrapper\"><p>[vc_row][vc_column][vc_column_text]<\/p>\n<div style=\"width: 860px;\" class=\"wp-video\"><video class=\"wp-video-shortcode\" id=\"video-3476-1\" width=\"860\" height=\"484\" poster=\"http:\/\/xclub.ee\/wp-content\/uploads\/2021\/08\/xclub-privat-show-mp4-image.png\" preload=\"metadata\" controls=\"controls\"><source type=\"video\/mp4\" src=\"http:\/\/xclub.ee\/wp-content\/uploads\/2021\/08\/xclub-privat-show.mp4?_=1\" \/><a href=\"http:\/\/xclub.ee\/wp-content\/uploads\/2021\/08\/xclub-privat-show.mp4\">http:\/\/xclub.ee\/wp-content\/uploads\/2021\/08\/xclub-privat-show.mp4<\/a><\/video><\/div>\n<p>Etendused, mis toimuvad selle ruumi intiimses \u00f5hkkonnas, on loodud konkreetsele k\u00fclalisele. K\u00fclaline v\u00f5ib tellida privaatse erootilise tantsu s\u00fcles, et nautida oma julgeid fantaasiaid v\u00f5i kinkida see s\u00f5brale.<\/p>\n<div id=\"metaslider-id-3108\" style=\"width: 100%;\" class=\"ml-slider-3-107-0 metaslider metaslider-flex metaslider-3108 ml-slider has-dots-nav ms-theme-default\" role=\"region\" aria-label=\"Private mobile\" data-height=\"800\" data-width=\"600\">\n    <div id=\"metaslider_container_3108\">\n        <div id=\"temp_metaslider_3108\" class=\"flexslider\"><ul class='slides'><\/ul><\/div><div id=\"metaslider_3108\">\n            <ul class='slides'>\n                <li style=\"display: none; width: 100%;\" class=\"slide-5466 ms-image hidden_tablet hidden_laptop hidden_desktop \" aria-roledescription=\"slide\" data-date=\"2025-03-20 18:15:44\" data-filename=\"dsc08135_resize-scaled-600x800.jpg\" data-slide-type=\"image\"><img decoding=\"async\" src=\"https:\/\/xclub.ee\/wp-content\/uploads\/2024\/12\/dsc08135_resize-scaled-600x800.jpg\" height=\"800\" width=\"600\" alt=\"A seductive and intimate performance in the exclusive VIP lounge.\" class=\"slider-3108 slide-5466 msDefaultImage\" title=\"A seductive and intimate performance in the exclusive VIP lounge.\" \/><\/li>\n                <li style=\"display: none; width: 100%;\" class=\"slide-3114 ms-image hidden_tablet hidden_laptop hidden_desktop \" aria-roledescription=\"slide\" data-date=\"2021-08-20 17:25:19\" data-filename=\"2I7A9299-600x800.jpg\" data-slide-type=\"image\"><img decoding=\"async\" src=\"https:\/\/xclub.ee\/wp-content\/uploads\/2019\/06\/2I7A9299-600x800.jpg\" height=\"800\" width=\"600\" alt=\"aikuisten viihde Tallinna\" class=\"slider-3108 slide-3114 msDefaultImage\" title=\"aikuisten viihde Tallinna\" \/><\/li>\n                <li style=\"display: none; width: 100%;\" class=\"slide-5467 ms-image hidden_tablet hidden_laptop hidden_desktop \" aria-roledescription=\"slide\" data-date=\"2025-03-20 18:16:18\" data-filename=\"dsc08229_resize-scaled-600x800.jpg\" data-slide-type=\"image\"><img decoding=\"async\" src=\"https:\/\/xclub.ee\/wp-content\/uploads\/2024\/12\/dsc08229_resize-scaled-600x800.jpg\" height=\"800\" width=\"600\" alt=\"An exciting and vibrant nightlife experience at XClub Tallinn, featuring world-class performances.\" class=\"slider-3108 slide-5467 msDefaultImage\" title=\"An exciting and vibrant nightlife experience at XClub Tallinn, featuring world-class performances.\" \/><\/li>\n                <li style=\"display: none; width: 100%;\" class=\"slide-5468 ms-image hidden_tablet hidden_laptop hidden_desktop \" aria-roledescription=\"slide\" data-date=\"2025-03-20 18:16:45\" data-filename=\"dsc08121_resize-scaled-600x800.jpg\" data-slide-type=\"image\"><img decoding=\"async\" src=\"https:\/\/xclub.ee\/wp-content\/uploads\/2024\/12\/dsc08121_resize-scaled-600x800.jpg\" height=\"800\" width=\"600\" alt=\"A seductive and intimate performance in the exclusive VIP lounge.\" class=\"slider-3108 slide-5468 msDefaultImage\" title=\"A seductive and intimate performance in the exclusive VIP lounge.\" \/><\/li>\n                <li style=\"display: none; width: 100%;\" class=\"slide-5470 ms-image hidden_tablet hidden_laptop hidden_desktop \" aria-roledescription=\"slide\" data-date=\"2025-03-20 18:17:46\" data-filename=\"dsc00409_resize-scaled-600x800.jpg\" data-slide-type=\"image\"><img decoding=\"async\" src=\"https:\/\/xclub.ee\/wp-content\/uploads\/2024\/09\/dsc00409_resize-scaled-600x800.jpg\" height=\"800\" width=\"600\" alt=\"xclub best stripclub tallinn\" class=\"slider-3108 slide-5470 msDefaultImage\" title=\"xclub best stripclub tallinn\" \/><\/li>\n                <li style=\"display: none; width: 100%;\" class=\"slide-5471 ms-image hidden_tablet hidden_laptop hidden_desktop \" aria-roledescription=\"slide\" data-date=\"2025-03-20 18:18:50\" data-filename=\"dsc08275_resize-scaled-600x800.jpg\" data-slide-type=\"image\"><img decoding=\"async\" src=\"https:\/\/xclub.ee\/wp-content\/uploads\/2024\/12\/dsc08275_resize-scaled-600x800.jpg\" height=\"800\" width=\"600\" alt=\"strip bar. striptiis tallinn\" class=\"slider-3108 slide-5471 msDefaultImage\" title=\"strip bar. striptiis tallinn\" \/><\/li>\n                <li style=\"display: none; width: 100%;\" class=\"slide-5472 ms-image hidden_tablet hidden_laptop hidden_desktop \" aria-roledescription=\"slide\" data-date=\"2025-03-20 18:19:10\" data-filename=\"dsc08303_resize-scaled-600x800.jpg\" data-slide-type=\"image\"><img decoding=\"async\" src=\"https:\/\/xclub.ee\/wp-content\/uploads\/2024\/12\/dsc08303_resize-scaled-600x800.jpg\" height=\"800\" width=\"600\" alt=\"strip bar. striptiis tallinn\" class=\"slider-3108 slide-5472 msDefaultImage\" title=\"strip bar. striptiis tallinn\" \/><\/li>\n            <\/ul>\n        <\/div>\n        \n    <\/div>\n<\/div>\n<div class=\"mob-hide\"><\/div>\n<p>[\/vc_column_text][\/vc_column][\/vc_row][vc_row bg_type=&#8221;bg_color&#8221; ult_hide_row=&#8221;ult_hide_row_value&#8221; ult_hide_row_mobile=&#8221;mobile&#8221; ult_hide_row_mobile_large=&#8221;xl_mobile&#8221; bg_color_value=&#8221;rgba(255,255,255,0.01)&#8221;][vc_column][vc_column_text]<\/p>\n\n\t\t<style type=\"text\/css\">\n\t\t\t#gallery-1 {\n\t\t\t\tmargin: auto;\n\t\t\t}\n\t\t\t#gallery-1 .gallery-item {\n\t\t\t\tfloat: left;\n\t\t\t\tmargin-top: 10px;\n\t\t\t\ttext-align: center;\n\t\t\t\twidth: 50%;\n\t\t\t}\n\t\t\t#gallery-1 img {\n\t\t\t\tborder: 2px solid #cfcfcf;\n\t\t\t}\n\t\t\t#gallery-1 .gallery-caption {\n\t\t\t\tmargin-left: 0;\n\t\t\t}\n\t\t\t\/* see gallery_shortcode() in wp-includes\/media.php *\/\n\t\t<\/style>\n\t\t<div id='gallery-1' class='gallery galleryid-3476 gallery-columns-2 gallery-size-thumbnail'><dl class='gallery-item'>\n\t\t\t<dt class='gallery-icon portrait'>\n\t\t\t\t<a href='https:\/\/xclub.ee\/wp-content\/uploads\/2024\/12\/dsc08312_resize-scaled.jpg'><img decoding=\"async\" width=\"260\" height=\"184\" src=\"https:\/\/xclub.ee\/wp-content\/uploads\/2024\/12\/dsc08312_resize-260x184.jpg\" class=\"attachment-thumbnail size-thumbnail\" alt=\"Gentlemen clubs. X club. Strip\" title=\"\"><\/a>\n\t\t\t<\/dt><\/dl><dl class='gallery-item'>\n\t\t\t<dt class='gallery-icon portrait'>\n\t\t\t\t<a href='https:\/\/xclub.ee\/wp-content\/uploads\/2024\/12\/dsc08220_resize-scaled.jpg'><img decoding=\"async\" width=\"260\" height=\"184\" src=\"https:\/\/xclub.ee\/wp-content\/uploads\/2024\/12\/dsc08220_resize-260x184.jpg\" class=\"attachment-thumbnail size-thumbnail\" alt=\"A high-end gentlemen\u2019s club experience with the best exotic dancers in Tallinn.\" title=\"\"><\/a>\n\t\t\t<\/dt><\/dl><br style=\"clear: both\" \/><dl class='gallery-item'>\n\t\t\t<dt class='gallery-icon landscape'>\n\t\t\t\t<a href='https:\/\/xclub.ee\/wp-content\/uploads\/2024\/12\/dsc08298_resize-scaled.jpg'><img decoding=\"async\" width=\"260\" height=\"184\" src=\"https:\/\/xclub.ee\/wp-content\/uploads\/2024\/12\/dsc08298_resize-260x184.jpg\" class=\"attachment-thumbnail size-thumbnail\" alt=\"strip bar. striptiis tallinn\" title=\"\"><\/a>\n\t\t\t<\/dt><\/dl><dl class='gallery-item'>\n\t\t\t<dt class='gallery-icon portrait'>\n\t\t\t\t<a href='https:\/\/xclub.ee\/wp-content\/uploads\/2024\/12\/dsc08139_resize-scaled.jpg'><img decoding=\"async\" width=\"260\" height=\"184\" src=\"https:\/\/xclub.ee\/wp-content\/uploads\/2024\/12\/dsc08139_resize-260x184.jpg\" class=\"attachment-thumbnail size-thumbnail\" alt=\"A seductive and intimate performance in the exclusive VIP lounge.\" title=\"\"><\/a>\n\t\t\t<\/dt><\/dl><br style=\"clear: both\" \/><dl class='gallery-item'>\n\t\t\t<dt class='gallery-icon portrait'>\n\t\t\t\t<a href='https:\/\/xclub.ee\/wp-content\/uploads\/2024\/12\/dsc08290_resize-scaled.jpg'><img decoding=\"async\" width=\"260\" height=\"184\" src=\"https:\/\/xclub.ee\/wp-content\/uploads\/2024\/12\/dsc08290_resize-260x184.jpg\" class=\"attachment-thumbnail size-thumbnail\" alt=\"strip bar. striptiis tallinn\" title=\"\"><\/a>\n\t\t\t<\/dt><\/dl><dl class='gallery-item'>\n\t\t\t<dt class='gallery-icon landscape'>\n\t\t\t\t<a href='https:\/\/xclub.ee\/wp-content\/uploads\/2024\/09\/dsc09894_resize-scaled.jpg'><img decoding=\"async\" width=\"260\" height=\"184\" src=\"https:\/\/xclub.ee\/wp-content\/uploads\/2024\/09\/dsc09894_resize-260x184.jpg\" class=\"attachment-thumbnail size-thumbnail\" alt=\"xclub best stripclub tallinn\" title=\"\"><\/a>\n\t\t\t<\/dt><\/dl><br style=\"clear: both\" \/><dl class='gallery-item'>\n\t\t\t<dt class='gallery-icon portrait'>\n\t\t\t\t<a href='https:\/\/xclub.ee\/wp-content\/uploads\/2024\/12\/dsc08275_resize-scaled.jpg'><img decoding=\"async\" width=\"260\" height=\"184\" src=\"https:\/\/xclub.ee\/wp-content\/uploads\/2024\/12\/dsc08275_resize-260x184.jpg\" class=\"attachment-thumbnail size-thumbnail\" alt=\"strip bar. striptiis tallinn\" title=\"\"><\/a>\n\t\t\t<\/dt><\/dl><dl class='gallery-item'>\n\t\t\t<dt class='gallery-icon portrait'>\n\t\t\t\t<a href='https:\/\/xclub.ee\/wp-content\/uploads\/2024\/09\/dsc09876_resize-scaled.jpg'><img decoding=\"async\" width=\"260\" height=\"184\" src=\"https:\/\/xclub.ee\/wp-content\/uploads\/2024\/09\/dsc09876_resize-260x184.jpg\" class=\"attachment-thumbnail size-thumbnail\" alt=\"xclub best stripclub tallinn\" title=\"\"><\/a>\n\t\t\t<\/dt><\/dl><br style=\"clear: both\" \/><dl class='gallery-item'>\n\t\t\t<dt class='gallery-icon portrait'>\n\t\t\t\t<a href='https:\/\/xclub.ee\/wp-content\/uploads\/2024\/09\/dsc09916_resize-scaled.jpg'><img decoding=\"async\" width=\"260\" height=\"184\" src=\"https:\/\/xclub.ee\/wp-content\/uploads\/2024\/09\/dsc09916_resize-260x184.jpg\" class=\"attachment-thumbnail size-thumbnail\" alt=\"xclub best stripclub tallinn\" title=\"\"><\/a>\n\t\t\t<\/dt><\/dl><dl class='gallery-item'>\n\t\t\t<dt class='gallery-icon landscape'>\n\t\t\t\t<a href='https:\/\/xclub.ee\/wp-content\/uploads\/2024\/09\/dsc09991_resize-scaled.jpg'><img decoding=\"async\" width=\"260\" height=\"184\" src=\"https:\/\/xclub.ee\/wp-content\/uploads\/2024\/09\/dsc09991_resize-260x184.jpg\" class=\"attachment-thumbnail size-thumbnail\" alt=\"stripclub tallinn\" title=\"\"><\/a>\n\t\t\t<\/dt><\/dl><br style=\"clear: both\" \/>\n\t\t<\/div>\n\n<p>[\/vc_column_text][\/vc_column][\/vc_row]<\/p>\n<\/div>","protected":false},"excerpt":{"rendered":"<p>[vc_row][vc_column][vc_column_text] Etendused, mis toimuvad selle ruumi intiimses \u00f5hkkonnas, on loodud konkreetsele k\u00fclalisele. K\u00fclaline v\u00f5ib tellida privaatse erootilise tantsu s\u00fcles, et nautida oma julgeid fantaasiaid v\u00f5i kinkida see s\u00f5brale. [\/vc_column_text][\/vc_column][\/vc_row][vc_row bg_type=&#8221;bg_color&#8221; ult_hide_row=&#8221;ult_hide_row_value&#8221; ult_hide_row_mobile=&#8221;mobile&#8221; ult_hide_row_mobile_large=&#8221;xl_mobile&#8221; bg_color_value=&#8221;rgba(255,255,255,0.01)&#8221;][vc_column][vc_column_text] [\/vc_column_text][\/vc_column][\/vc_row]<\/p>\n","protected":false},"author":1,"featured_media":1394,"parent":0,"menu_order":0,"comment_status":"closed","ping_status":"closed","template":"","meta":{"_acf_changed":false,"footnotes":""},"class_list":["post-3476","page","type-page","status-publish","has-post-thumbnail","hentry"],"acf":[],"_links":{"self":[{"href":"https:\/\/xclub.ee\/et\/wp-json\/wp\/v2\/pages\/3476","targetHints":{"allow":["GET"]}}],"collection":[{"href":"https:\/\/xclub.ee\/et\/wp-json\/wp\/v2\/pages"}],"about":[{"href":"https:\/\/xclub.ee\/et\/wp-json\/wp\/v2\/types\/page"}],"author":[{"embeddable":true,"href":"https:\/\/xclub.ee\/et\/wp-json\/wp\/v2\/users\/1"}],"replies":[{"embeddable":true,"href":"https:\/\/xclub.ee\/et\/wp-json\/wp\/v2\/comments?post=3476"}],"version-history":[{"count":2,"href":"https:\/\/xclub.ee\/et\/wp-json\/wp\/v2\/pages\/3476\/revisions"}],"predecessor-version":[{"id":5659,"href":"https:\/\/xclub.ee\/et\/wp-json\/wp\/v2\/pages\/3476\/revisions\/5659"}],"wp:featuredmedia":[{"embeddable":true,"href":"https:\/\/xclub.ee\/et\/wp-json\/wp\/v2\/media\/1394"}],"wp:attachment":[{"href":"https:\/\/xclub.ee\/et\/wp-json\/wp\/v2\/media?parent=3476"}],"curies":[{"name":"wp","href":"https:\/\/api.w.org\/{rel}","templated":true}]}}