{"id":3527,"date":"2021-09-02T15:23:58","date_gmt":"2021-09-02T12:23:58","guid":{"rendered":"http:\/\/xclub.ee\/kontakt\/"},"modified":"2025-04-09T12:39:54","modified_gmt":"2025-04-09T09:39:54","slug":"kontakt","status":"publish","type":"page","link":"https:\/\/xclub.ee\/et\/kontakt\/","title":{"rendered":"Kontakt"},"content":{"rendered":"<div class=\"wpb-content-wrapper\"><p>[vc_row][vc_column][vc_empty_space height=&#8221;30&#8243;][\/vc_column][\/vc_row][vc_row gap=&#8221;35&#8243;][vc_column width=&#8221;1\/2&#8243;][vc_column_text]<\/p>\n<h2>Meil on hea meel teid tervitada<\/h2>\n<p>[\/vc_column_text]<div class=\"aio-icon-component  vc_custom_1708504945964   style_1\"><div id=\"Info-box-wrap-2781\" class=\"aio-icon-box default-icon\" style=\"\"  ><div class=\"aio-icon-default\"><div class=\"ult-just-icon-wrapper  \"><div class=\"align-icon\" style=\"text-align:center;\">\n<div class=\"aio-icon none \"  style=\"color:#92815e;font-size:26px;display:inline-block;\">\n\t<i class=\"Defaults-clock-o\"><\/i>\n<\/div><\/div><\/div><\/div><div class=\"aio-icon-header\" ><div class=\"aio-icon-title ult-responsive\"  data-ultimate-target='#Info-box-wrap-2781 .aio-icon-title'  data-responsive-json-new='{\"font-size\":\"\",\"line-height\":\"\"}'  style=\"\">21.00 \u2013 06.00<\/div><\/div> <!-- header --><\/div> <!-- aio-icon-box --><\/div> <!-- aio-icon-component --><div class=\"aio-icon-component  vc_custom_1708504954703   style_1\"><a class=\"aio-icon-box-link\" href=\"tel:+3726310575\" ><div id=\"Info-box-wrap-1746\" class=\"aio-icon-box default-icon\" style=\"\"  ><div class=\"aio-icon-default\"><div class=\"ult-just-icon-wrapper  \"><div class=\"align-icon\" style=\"text-align:center;\">\n<div class=\"aio-icon none \"  style=\"color:#92815e;font-size:26px;display:inline-block;\">\n\t<i class=\"Defaults-phone-square\"><\/i>\n<\/div><\/div><\/div><\/div><div class=\"aio-icon-header\" ><div class=\"aio-icon-title ult-responsive\"  data-ultimate-target='#Info-box-wrap-1746 .aio-icon-title'  data-responsive-json-new='{\"font-size\":\"\",\"line-height\":\"\"}'  style=\"\">+372 6 310 575<\/div><\/div> <!-- header --><\/div> <!-- aio-icon-box --><\/a><\/div> <!-- aio-icon-component --><div class=\"aio-icon-component  vc_custom_1708504962206   style_1\"><a class=\"aio-icon-box-link\" href=\"mailto:info@xclub.ee\" ><div id=\"Info-box-wrap-4460\" class=\"aio-icon-box default-icon\" style=\"\"  ><div class=\"aio-icon-default\"><div class=\"ult-just-icon-wrapper  \"><div class=\"align-icon\" style=\"text-align:center;\">\n<div class=\"aio-icon none \"  style=\"color:#92815e;font-size:26px;display:inline-block;\">\n\t<i class=\"Defaults-envelope\"><\/i>\n<\/div><\/div><\/div><\/div><div class=\"aio-icon-header\" ><div class=\"aio-icon-title ult-responsive\"  data-ultimate-target='#Info-box-wrap-4460 .aio-icon-title'  data-responsive-json-new='{\"font-size\":\"\",\"line-height\":\"\"}'  style=\"\">info@xclub.ee<\/div><\/div> <!-- header --><\/div> <!-- aio-icon-box --><\/a><\/div> <!-- aio-icon-component -->[vc_column_text]<\/p>\n<ul>\n<li>MegaPower O\u00dc<\/li>\n<li>Registrikood: 11517485<\/li>\n<li>KMKR: EE101258858<\/li>\n<\/ul>\n<p>[\/vc_column_text][vc_column_text el_class=&#8221;mob-hide&#8221;]<\/p>\n<table style=\"border-collapse: collapse; width: 100%;\">\n<tbody>\n<tr>\n<td style=\"width: 33.3333%;\">Administraator<\/td>\n<td style=\"width: 33.3333%; text-align: center;\"><strong>10.00 \u201306.00<\/strong><\/td>\n<td style=\"width: 33.3333%; text-align: right;\"><a href=\"tel:+3726310575\">+372 6 310 575<\/a><\/td>\n<\/tr>\n<tr>\n<td style=\"width: 33.3333%;\">Turundus ja reklaam<\/td>\n<td style=\"width: 33.3333%; text-align: center;\"><a href=\"tel:+3726310575\">+372 6\u00a0310\u00a0575<\/a><\/td>\n<td style=\"width: 33.3333%; text-align: right;\"><a href=\"mailto:info@xclub.ee\">info@xclub.ee<\/a><\/td>\n<\/tr>\n<tr>\n<td style=\"width: 33.3333%;\">Juhataja<\/td>\n<td style=\"width: 33.3333%; text-align: center;\"><a href=\"tel:+3726310575\">+372 6\u00a0310\u00a0575<\/a><\/td>\n<td style=\"width: 33.3333%; text-align: right;\"><a href=\"mailto:info@xclub.ee\">info@xclub.ee<\/a><\/td>\n<\/tr>\n<\/tbody>\n<\/table>\n<p>[\/vc_column_text][vc_row_inner][vc_column_inner width=&#8221;1\/3&#8243;]<div class=\"ult-just-icon-wrapper  \"><div class=\"align-icon\" style=\"text-align:center;\">\n<a class=\"aio-tooltip 6a0848f129703\" href=\"viber:\/\/chat\/?number=+3725035527\"  data-toggle=\"tooltip\" data-placement=\"\"><div class=\"aio-icon-img \" style=\"font-size:25px;display:inline-block;\" >\n\t<img decoding=\"async\" class=\"img-icon\" alt=\"null\" src=\"https:\/\/xclub.ee\/wp-content\/uploads\/2024\/02\/viber-2.png\" title=\"\">\n<\/div><\/a><\/div><\/div>[\/vc_column_inner][vc_column_inner width=&#8221;1\/3&#8243;]<div class=\"ult-just-icon-wrapper  \"><div class=\"align-icon\" style=\"text-align:center;\">\n<a class=\"aio-tooltip 6a0848f12993b\" href=\"https:\/\/wa.me\/+3725035527\" data-toggle=\"tooltip\" data-placement=\"\" target=\"_blank\" rel=\"noopener\"><div class=\"aio-icon-img \" style=\"font-size:25px;display:inline-block;\" >\n\t<img decoding=\"async\" class=\"img-icon\" alt=\"null\" src=\"https:\/\/xclub.ee\/wp-content\/uploads\/2024\/02\/whatsapp-2.png\" title=\"\">\n<\/div><\/a><\/div><\/div>[\/vc_column_inner][vc_column_inner width=&#8221;1\/3&#8243;]<div class=\"ult-just-icon-wrapper  \"><div class=\"align-icon\" style=\"text-align:center;\">\n<a class=\"aio-tooltip 6a0848f129ae3\" href=\"https:\/\/t.me\/+3725035527\" data-toggle=\"tooltip\" data-placement=\"\"><div class=\"aio-icon-img \" style=\"font-size:25px;display:inline-block;\" >\n\t<img decoding=\"async\" class=\"img-icon\" alt=\"null\" src=\"https:\/\/xclub.ee\/wp-content\/uploads\/2024\/02\/telegram-2.png\" title=\"\">\n<\/div><\/a><\/div><\/div>[\/vc_column_inner][\/vc_row_inner][\/vc_column][vc_column width=&#8221;1\/2&#8243;][vc_column_text]<\/p>\n<h2>Asukoht:<\/h2>\n<p><a href=\"https:\/\/maps.app.goo.gl\/yLt1epqAycJGaMZq8\" target=\"_blank\" rel=\"noopener\">Harju 6, Tallinn<\/a><\/p>\n<p>Asume Tallinna \u00c4rikeskuse esimesel korrusel, sissep\u00e4\u00e4s R\u00fc\u00fctli t\u00e4navalt.[\/vc_column_text][vc_gmaps link=&#8221;#E-8_JTNDaWZyYW1lJTIwc3JjJTNEJTIyaHR0cHMlM0ElMkYlMkZ3d3cuZ29vZ2xlLmNvbSUyRm1hcHMlMkZlbWJlZCUzRnBiJTNEJTIxMW0xNCUyMTFtOCUyMTFtMyUyMTFkMjAyOC45MTQwNTE2ODg4MzQ3JTIxMmQyNC43NDMxMjUlMjEzZDU5LjQzNDUwODAwMDAwMDAxJTIxM20yJTIxMWkxMDI0JTIxMmk3NjglMjE0ZjEzLjElMjEzbTMlMjExbTIlMjExczB4MCUyNTNBMHhkNmQxMmZlZTU4MzRmZWVmJTIxMnNYJTI1MjBDbHViJTIxNWUwJTIxM20yJTIxMXNlbiUyMTJzZWUlMjE0djE2MzA2NjkwNTQxMzIlMjE1bTIlMjExc2VuJTIxMnNlZSUyMiUyMHdpZHRoJTNEJTIyNjAwJTIyJTIwaGVpZ2h0JTNEJTIyMzAwJTIyJTIwc3R5bGUlM0QlMjJib3JkZXIlM0EwJTNCJTIyJTIwYWxsb3dmdWxsc2NyZWVuJTNEJTIyJTIyJTIwbG9hZGluZyUzRCUyMmxhenklMjIlM0UlM0MlMkZpZnJhbWUlM0U=&#8221;][\/vc_column][\/vc_row][vc_section][vc_row][vc_column][vc_custom_heading text=&#8221;Kirjutage meile&#8221; font_container=&#8221;tag:h2|text_align:center&#8221; use_theme_fonts=&#8221;yes&#8221;][\/vc_column][\/vc_row][vc_row][vc_column]<div class=\"wpforms-container wpforms-container-full wpforms-render-modern\" id=\"wpforms-3950\"><form id=\"wpforms-form-3950\" class=\"wpforms-validate wpforms-form wpforms-ajax-form\" data-formid=\"3950\" method=\"post\" enctype=\"multipart\/form-data\" action=\"\/et\/wp-json\/wp\/v2\/pages\/3527\" data-token=\"93197747783d1b9b89116d6d9e80bcbe\"><noscript class=\"wpforms-error-noscript\">Please enable JavaScript in your browser to complete this form.<\/noscript><div class=\"wpforms-hidden\" id=\"wpforms-error-noscript\">Please enable JavaScript in your browser to complete this form.<\/div><div class=\"wpforms-field-container\"><div id=\"wpforms-3950-field_0-container\" class=\"wpforms-field wpforms-field-name\" data-field-id=\"0\"><label class=\"wpforms-field-label\" for=\"wpforms-3950-field_0\">Nimi <span class=\"wpforms-required-label\" aria-hidden=\"true\">*<\/span><\/label><input type=\"text\" id=\"wpforms-3950-field_0\" class=\"wpforms-field-large wpforms-field-required\" name=\"wpforms[fields][0]\" aria-errormessage=\"wpforms-3950-field_0-error\" required><\/div><div id=\"wpforms-3950-field_1-container\" class=\"wpforms-field wpforms-field-email\" data-field-id=\"1\"><label class=\"wpforms-field-label\" for=\"wpforms-3950-field_1\">E-post <span class=\"wpforms-required-label\" aria-hidden=\"true\">*<\/span><\/label><input type=\"email\" id=\"wpforms-3950-field_1\" class=\"wpforms-field-large wpforms-field-required\" name=\"wpforms[fields][1]\" spellcheck=\"false\" aria-errormessage=\"wpforms-3950-field_1-error\" required><\/div><div id=\"wpforms-3950-field_3-container\" class=\"wpforms-field wpforms-field-phone\" data-field-id=\"3\"><label class=\"wpforms-field-label\" for=\"wpforms-3950-field_3\">Telefon<\/label><input type=\"tel\" id=\"wpforms-3950-field_3\" class=\"wpforms-field-large wpforms-smart-phone-field\" data-rule-smart-phone-field=\"true\" name=\"wpforms[fields][3]\" aria-errormessage=\"wpforms-3950-field_3-error\" ><\/div><div id=\"wpforms-3950-field_2-container\" class=\"wpforms-field wpforms-field-textarea\" data-field-id=\"2\"><label class=\"wpforms-field-label\" for=\"wpforms-3950-field_2\">S\u00f5num<\/label><textarea id=\"wpforms-3950-field_2\" class=\"wpforms-field-medium\" name=\"wpforms[fields][2]\" aria-errormessage=\"wpforms-3950-field_2-error\" ><\/textarea><\/div><\/div><!-- .wpforms-field-container --><div class=\"wpforms-submit-container\" ><input type=\"hidden\" name=\"wpforms[id]\" value=\"3950\"><input type=\"hidden\" name=\"wpforms[author]\" value=\"1\"><button type=\"submit\" name=\"wpforms[submit]\" id=\"wpforms-submit-3950\" class=\"wpforms-submit\" data-alt-text=\"\u00dcks hetk...\" data-submit-text=\"Saada\" aria-live=\"assertive\" value=\"wpforms-submit\">Saada<\/button><img decoding=\"async\" src=\"https:\/\/xclub.ee\/wp-content\/plugins\/wpforms\/assets\/images\/submit-spin.svg\" class=\"wpforms-submit-spinner\" style=\"display: none;\" width=\"26\" height=\"26\" alt=\"Loading\" title=\"\"><\/div><\/form><\/div>  <!-- .wpforms-container -->[\/vc_column][\/vc_row][\/vc_section][vc_row][vc_column width=&#8221;1\/2&#8243;][vc_single_image image=&#8221;2553&#8243; img_size=&#8221;medium&#8221; onclick=&#8221;img_link_large&#8221;][\/vc_column][vc_column width=&#8221;1\/2&#8243;][vc_column_text]<\/p>\n\n\t\t<style type=\"text\/css\">\n\t\t\t#gallery-1 {\n\t\t\t\tmargin: auto;\n\t\t\t}\n\t\t\t#gallery-1 .gallery-item {\n\t\t\t\tfloat: left;\n\t\t\t\tmargin-top: 10px;\n\t\t\t\ttext-align: center;\n\t\t\t\twidth: 100%;\n\t\t\t}\n\t\t\t#gallery-1 img {\n\t\t\t\tborder: 2px solid #cfcfcf;\n\t\t\t}\n\t\t\t#gallery-1 .gallery-caption {\n\t\t\t\tmargin-left: 0;\n\t\t\t}\n\t\t\t\/* see gallery_shortcode() in wp-includes\/media.php *\/\n\t\t<\/style>\n\t\t<div id='gallery-1' class='gallery galleryid-3527 gallery-columns-1 gallery-size-thumbnail'><dl class='gallery-item'>\n\t\t\t<dt class='gallery-icon portrait'>\n\t\t\t\t<a href=\"https:\/\/xclub.ee\/wp-content\/uploads\/2012\/03\/info3.jpg\"><img decoding=\"async\" width=\"123\" height=\"184\" src=\"https:\/\/xclub.ee\/wp-content\/uploads\/2012\/03\/info3.jpg\" class=\"attachment-thumbnail size-thumbnail\" alt=\"\" title=\"\"><\/a>\n\t\t\t<\/dt><\/dl><br style=\"clear: both\" \/>\n\t\t<\/div>\n\n<p>[\/vc_column_text][\/vc_column][\/vc_row][vc_row][vc_column][vc_tta_accordion style=&#8221;flat&#8221; shape=&#8221;square&#8221; color=&#8221;black&#8221; c_icon=&#8221;chevron&#8221; active_section=&#8221;989999&#8243; collapsible_all=&#8221;true&#8221;][vc_tta_section title=&#8221;Klubi reeglid:&#8221; tab_id=&#8221;1630424547163-1b643f84-7842&#8243;][vc_column_text]<\/p>\n<div class=\"text-base my-auto mx-auto py-5 px-6\">\n<div class=\"mx-auto flex flex-1 text-base gap-4 md:gap-5 lg:gap-6 md:max-w-3xl lg:max-w-[40rem] xl:max-w-[48rem] group\/turn-messages focus-visible:outline-hidden\" tabindex=\"-1\">\n<div class=\"group\/conversation-turn relative flex w-full min-w-0 flex-col agent-turn @xs\/thread:px-0 @sm\/thread:px-1.5 @md\/thread:px-4\">\n<div class=\"relative flex-col gap-1 md:gap-3\">\n<div class=\"flex max-w-full flex-col grow\">\n<div class=\"min-h-8 text-message relative flex w-full flex-col items-end gap-2 text-start break-words whitespace-normal [.text-message+&amp;]:mt-5\" dir=\"auto\" data-message-author-role=\"assistant\" data-message-id=\"59cc1110-8516-48ef-a054-5a84ffe0a290\" data-message-model-slug=\"gpt-4o\">\n<div class=\"flex w-full flex-col gap-1 empty:hidden first:pt-[3px]\">\n<div class=\"markdown prose dark:prose-invert w-full break-words light\">\n<ol>\n<li data-start=\"18\" data-end=\"143\">Igasugune f\u00fc\u00fcsiline kontakt tantsijatega etenduse ajal on keelatud. K\u00fclalised peaksid etendust nautima ainult seda vaadates.<\/li>\n<li data-start=\"18\" data-end=\"143\">Et k\u00f5igil oleks lavale hea vaade, palutakse k\u00fclalistel v\u00f5tta diivanil mugav asend ja j\u00e4\u00e4da sinna kogu etenduse v\u00e4ltel.<\/li>\n<li data-start=\"18\" data-end=\"143\">K\u00fclalistel palutakse tantsijatega mitte telefoninumbreid ja e-posti aadresse vahetada.<\/li>\n<li data-start=\"18\" data-end=\"143\">Tantsija saab vabalt otsustada, kas ta on valmis k\u00fclalise jaoks privaatset tantsu esitama. K\u00fclaline, kes soovib tellida konkreetselt tantsijalt eratantsu, peaks esitama tantsijale asjakohase viisakuse.<\/li>\n<li data-start=\"18\" data-end=\"143\">Ebaviisakas k\u00e4itumine, mis h\u00e4irib teisi k\u00fclalisi, nt karjumine, ropu keele kasutamine, ei ole lubatud.<\/li>\n<li data-start=\"18\" data-end=\"143\">Meie t\u00f6\u00f6tajate ja k\u00fclaliste privaatsuse tagamiseks ei ole fotod ega videod lubatud.<\/li>\n<\/ol>\n<\/div>\n<\/div>\n<\/div>\n<\/div>\n<\/div>\n<\/div>\n<\/div>\n<\/div>\n<p>[\/vc_column_text][\/vc_tta_section][\/vc_tta_accordion][\/vc_column][\/vc_row]<\/p>\n<\/div>","protected":false},"excerpt":{"rendered":"<p>[vc_row][vc_column][vc_empty_space height=&#8221;30&#8243;][\/vc_column][\/vc_row][vc_row gap=&#8221;35&#8243;][vc_column width=&#8221;1\/2&#8243;][vc_column_text] Meil on hea meel teid tervitada [\/vc_column_text][vc_column_text] MegaPower O\u00dc Registrikood: 11517485 KMKR: EE101258858 [\/vc_column_text][vc_column_text el_class=&#8221;mob-hide&#8221;] Administraator 10.00 \u201306.00 +372 6 310 575 Turundus ja reklaam +372 6\u00a0310\u00a0575 info@xclub.ee Juhataja +372 6\u00a0310\u00a0575 info@xclub.ee [\/vc_column_text][vc_row_inner][vc_column_inner width=&#8221;1\/3&#8243;][\/vc_column_inner][vc_column_inner width=&#8221;1\/3&#8243;][\/vc_column_inner][vc_column_inner width=&#8221;1\/3&#8243;][\/vc_column_inner][\/vc_row_inner][\/vc_column][vc_column width=&#8221;1\/2&#8243;][vc_column_text] Asukoht: Harju 6, Tallinn Asume Tallinna \u00c4rikeskuse esimesel korrusel, sissep\u00e4\u00e4s R\u00fc\u00fctli t\u00e4navalt.[\/vc_column_text][vc_gmaps link=&#8221;#E-8_JTNDaWZyYW1lJTIwc3JjJTNEJTIyaHR0cHMlM0ElMkYlMkZ3d3cuZ29vZ2xlLmNvbSUyRm1hcHMlMkZlbWJlZCUzRnBiJTNEJTIxMW0xNCUyMTFtOCUyMTFtMyUyMTFkMjAyOC45MTQwNTE2ODg4MzQ3JTIxMmQyNC43NDMxMjUlMjEzZDU5LjQzNDUwODAwMDAwMDAxJTIxM20yJTIxMWkxMDI0JTIxMmk3NjglMjE0ZjEzLjElMjEzbTMlMjExbTIlMjExczB4MCUyNTNBMHhkNmQxMmZlZTU4MzRmZWVmJTIxMnNYJTI1MjBDbHViJTIxNWUwJTIxM20yJTIxMXNlbiUyMTJzZWUlMjE0djE2MzA2NjkwNTQxMzIlMjE1bTIlMjExc2VuJTIxMnNlZSUyMiUyMHdpZHRoJTNEJTIyNjAwJTIyJTIwaGVpZ2h0JTNEJTIyMzAwJTIyJTIwc3R5bGUlM0QlMjJib3JkZXIlM0EwJTNCJTIyJTIwYWxsb3dmdWxsc2NyZWVuJTNEJTIyJTIyJTIwbG9hZGluZyUzRCUyMmxhenklMjIlM0UlM0MlMkZpZnJhbWUlM0U=&#8221;][\/vc_column][\/vc_row][vc_section][vc_row][vc_column][vc_custom_heading text=&#8221;Kirjutage [&hellip;]<\/p>\n","protected":false},"author":1,"featured_media":1399,"parent":0,"menu_order":0,"comment_status":"closed","ping_status":"closed","template":"","meta":{"_acf_changed":false,"footnotes":""},"class_list":["post-3527","page","type-page","status-publish","has-post-thumbnail","hentry"],"acf":[],"_links":{"self":[{"href":"https:\/\/xclub.ee\/et\/wp-json\/wp\/v2\/pages\/3527","targetHints":{"allow":["GET"]}}],"collection":[{"href":"https:\/\/xclub.ee\/et\/wp-json\/wp\/v2\/pages"}],"about":[{"href":"https:\/\/xclub.ee\/et\/wp-json\/wp\/v2\/types\/page"}],"author":[{"embeddable":true,"href":"https:\/\/xclub.ee\/et\/wp-json\/wp\/v2\/users\/1"}],"replies":[{"embeddable":true,"href":"https:\/\/xclub.ee\/et\/wp-json\/wp\/v2\/comments?post=3527"}],"version-history":[{"count":10,"href":"https:\/\/xclub.ee\/et\/wp-json\/wp\/v2\/pages\/3527\/revisions"}],"predecessor-version":[{"id":5665,"href":"https:\/\/xclub.ee\/et\/wp-json\/wp\/v2\/pages\/3527\/revisions\/5665"}],"wp:featuredmedia":[{"embeddable":true,"href":"https:\/\/xclub.ee\/et\/wp-json\/wp\/v2\/media\/1399"}],"wp:attachment":[{"href":"https:\/\/xclub.ee\/et\/wp-json\/wp\/v2\/media?parent=3527"}],"curies":[{"name":"wp","href":"https:\/\/api.w.org\/{rel}","templated":true}]}}