{"id":3536,"date":"2021-09-02T17:17:06","date_gmt":"2021-09-02T14:17:06","guid":{"rendered":"http:\/\/xclub.ee\/baar\/"},"modified":"2025-04-08T16:35:28","modified_gmt":"2025-04-08T13:35:28","slug":"baar","status":"publish","type":"page","link":"https:\/\/xclub.ee\/et\/baar\/","title":{"rendered":"Baar"},"content":{"rendered":"<div class=\"wpb-content-wrapper\"><p>[vc_row css=&#8221;.vc_custom_1744030670400{border-top-width: 1px !important;border-right-width: 1px !important;border-bottom-width: 1px !important;border-left-width: 1px !important;border-left-style: solid !important;border-right-style: solid !important;border-top-style: solid !important;border-bottom-style: solid !important;}&#8221;][vc_column][vc_column_text]<div id=\"metaslider-id-5414\" style=\"width: 100%;\" class=\"ml-slider-3-107-0 metaslider metaslider-flex metaslider-5414 ml-slider has-dots-nav ms-theme-default\" role=\"region\" aria-label=\"Bar\" data-height=\"1080\" data-width=\"1920\">\n    <div id=\"metaslider_container_5414\">\n        <div id=\"temp_metaslider_5414\" class=\"flexslider\"><ul class='slides'><\/ul><\/div><div id=\"metaslider_5414\">\n            <ul class='slides'>\n                <li style=\"display: none; width: 100%;\" class=\"slide-5415 ms-image hidden_smartphone \" aria-roledescription=\"slide\" data-date=\"2025-03-19 19:22:53\" data-filename=\"dsc00376_resize-scaled-1920x1080.jpg\" data-slide-type=\"image\"><img decoding=\"async\" src=\"https:\/\/xclub.ee\/wp-content\/uploads\/2024\/09\/dsc00376_resize-scaled-1920x1080.jpg\" height=\"1080\" width=\"1920\" alt=\"xclub best stripclub tallinn\" class=\"slider-5414 slide-5415 msDefaultImage\" title=\"xclub best stripclub tallinn\" \/><\/li>\n                <li style=\"display: none; width: 100%;\" class=\"slide-5416 ms-image hidden_smartphone \" aria-roledescription=\"slide\" data-date=\"2025-03-19 19:23:06\" data-filename=\"dsc00363_resize-scaled-1920x1080.jpg\" data-slide-type=\"image\"><img decoding=\"async\" src=\"https:\/\/xclub.ee\/wp-content\/uploads\/2024\/09\/dsc00363_resize-scaled-1920x1080.jpg\" height=\"1080\" width=\"1920\" alt=\"xclub best stripclub tallinn\" class=\"slider-5414 slide-5416 msDefaultImage\" title=\"xclub best stripclub tallinn\" \/><\/li>\n                <li style=\"display: none; width: 100%;\" class=\"slide-5417 ms-image hidden_smartphone \" aria-roledescription=\"slide\" data-date=\"2025-03-19 19:23:35\" data-filename=\"dsc00358_resize-scaled-1920x1080.jpg\" data-slide-type=\"image\"><img decoding=\"async\" src=\"https:\/\/xclub.ee\/wp-content\/uploads\/2024\/09\/dsc00358_resize-scaled-1920x1080.jpg\" height=\"1080\" width=\"1920\" alt=\"xclub best stripclub tallinn\" class=\"slider-5414 slide-5417 msDefaultImage\" title=\"xclub best stripclub tallinn\" \/><\/li>\n                <li style=\"display: none; width: 100%;\" class=\"slide-5418 ms-image hidden_smartphone \" aria-roledescription=\"slide\" data-date=\"2025-03-19 19:24:06\" data-filename=\"dsc00326_resize-scaled-1920x1080.jpg\" data-slide-type=\"image\"><img decoding=\"async\" src=\"https:\/\/xclub.ee\/wp-content\/uploads\/2024\/09\/dsc00326_resize-scaled-1920x1080.jpg\" height=\"1080\" width=\"1920\" alt=\"xclub best stripclub tallinn\" class=\"slider-5414 slide-5418 msDefaultImage\" title=\"xclub best stripclub tallinn\" \/><\/li>\n            <\/ul>\n        <\/div>\n        \n    <\/div>\n<\/div>[\/vc_column_text][\/vc_column][\/vc_row][vc_row][vc_column][vc_column_text]Meie baaris saate l\u00f5\u00f5gastuda mugavas ja hubases keskkonnas. Pakume laia valikut jooke, peeneid veine, parimat viskit, suurep\u00e4raseid sigareid ja maitsvaid suupisteid.<\/p>\n<h2>Peenete jookide ja l\u00f5\u00f5gastumise varjupaik<\/h2>\n<p>Meie baar on t\u00f5eline aardelaegas teadlikele ja nautijatele. Meil on au pakkuda laia joogivalikut, mis teeb meist \u00fche parimatest striptiisibaaridest Tallinnas. K\u00f5ik joogid on valitud selleks, et muuta teie aeg meie klubis veelgi nauditavamaks. Neile, kes hindavad elu parimaid asju, on meil suurep\u00e4rane sigarite valik, mis t\u00e4iendab meie tipptasemel jooke.<\/p>\n<h2>Petke oma maitsemeeled<\/h2>\n<p>Lisaks jookidele pakume laia valikut maitsvaid suupisteid, mis on hoolikalt valitud, et t\u00e4iendada meie mitmekesist joogivalikut. See pole lihtsalt baar; see on kogemus, mis t\u00f5stab meid esmaklassiliseks striptiisibaariks Tallinnas.<\/p>\n<h2>Asukoht teie mugavuseks<\/h2>\n<p>Meie baar on hubaselt paiknenud Tallinna s\u00fcdames, olles kergesti ligip\u00e4\u00e4setav neile, kes otsivad striptiisibaaride l\u00e4hedust. Olenemata sellest, kas olete kohalik elanik v\u00f5i k\u00fclaline meie kaunis linnas, on meie uksed avatud ja ootavad teid l\u00f5\u00f5gastuma ja nautima meie meheliku baari peenet atmosf\u00e4\u00e4ri.<\/p>\n<h2>Koht kohtumiseks teadlikele<\/h2>\n<p>Meie baar on rohkem kui lihtsalt jookide nautimise koht; see on sotsiaalne keskus, koht, kus Tallinnas koguneb eliit. Kas otsite l\u00f5\u00f5gastust p\u00e4rast pikka p\u00e4eva, soovite osaleda elavates vestlustes v\u00f5i lihtsalt nautida luksuslikku atmosf\u00e4\u00e4ri, on meie baar ideaalne koht.<\/p>\n\n\t\t<style type=\"text\/css\">\n\t\t\t#gallery-1 {\n\t\t\t\tmargin: auto;\n\t\t\t}\n\t\t\t#gallery-1 .gallery-item {\n\t\t\t\tfloat: left;\n\t\t\t\tmargin-top: 10px;\n\t\t\t\ttext-align: center;\n\t\t\t\twidth: 50%;\n\t\t\t}\n\t\t\t#gallery-1 img {\n\t\t\t\tborder: 2px solid #cfcfcf;\n\t\t\t}\n\t\t\t#gallery-1 .gallery-caption {\n\t\t\t\tmargin-left: 0;\n\t\t\t}\n\t\t\t\/* see gallery_shortcode() in wp-includes\/media.php *\/\n\t\t<\/style>\n\t\t<div id='gallery-1' class='gallery galleryid-3536 gallery-columns-2 gallery-size-thumbnail'><dl class='gallery-item'>\n\t\t\t<dt class='gallery-icon landscape'>\n\t\t\t\t<a href='https:\/\/xclub.ee\/wp-content\/uploads\/2021\/08\/bar001-1.jpg'><img decoding=\"async\" width=\"260\" height=\"184\" src=\"https:\/\/xclub.ee\/wp-content\/uploads\/2021\/08\/bar001-1-260x184.jpg\" class=\"attachment-thumbnail size-thumbnail\" alt=\"\" title=\"\"><\/a>\n\t\t\t<\/dt><\/dl><dl class='gallery-item'>\n\t\t\t<dt class='gallery-icon landscape'>\n\t\t\t\t<a href='https:\/\/xclub.ee\/wp-content\/uploads\/2021\/08\/bar1.jpg'><img decoding=\"async\" width=\"260\" height=\"184\" src=\"https:\/\/xclub.ee\/wp-content\/uploads\/2021\/08\/bar1-260x184.jpg\" class=\"attachment-thumbnail size-thumbnail\" alt=\"\" title=\"\"><\/a>\n\t\t\t<\/dt><\/dl><br style=\"clear: both\" \/><dl class='gallery-item'>\n\t\t\t<dt class='gallery-icon landscape'>\n\t\t\t\t<a href='https:\/\/xclub.ee\/wp-content\/uploads\/2021\/08\/bar002.jpg'><img decoding=\"async\" width=\"260\" height=\"184\" src=\"https:\/\/xclub.ee\/wp-content\/uploads\/2021\/08\/bar002-260x184.jpg\" class=\"attachment-thumbnail size-thumbnail\" alt=\"\" title=\"\"><\/a>\n\t\t\t<\/dt><\/dl><dl class='gallery-item'>\n\t\t\t<dt class='gallery-icon landscape'>\n\t\t\t\t<a href='https:\/\/xclub.ee\/wp-content\/uploads\/2021\/08\/bar2.jpg'><img decoding=\"async\" width=\"260\" height=\"184\" src=\"https:\/\/xclub.ee\/wp-content\/uploads\/2021\/08\/bar2-260x184.jpg\" class=\"attachment-thumbnail size-thumbnail\" alt=\"\" title=\"\"><\/a>\n\t\t\t<\/dt><\/dl><br style=\"clear: both\" \/>\n\t\t<\/div>\n\n<p>[\/vc_column_text][vc_row_inner el_id=&#8221;prices&#8221;][vc_column_inner][vc_custom_heading text=&#8221;Hinnad&#8221; font_container=&#8221;tag:h2|text_align:center&#8221; use_theme_fonts=&#8221;yes&#8221;][vc_column_text]<\/p>\n<table class=\"table\" style=\"width: 100%; height: 374px;\">\n<thead>\n<tr style=\"height: 22px;\">\n<th style=\"height: 22px;\">Alkohol<\/th>\n<th style=\"height: 22px;\">Hind<\/th>\n<\/tr>\n<\/thead>\n<tbody>\n<tr style=\"height: 22px;\">\n<td style=\"height: 22px;\">Viin \/ Vodka<\/td>\n<td style=\"height: 22px;\">al. 5\/eur<\/td>\n<\/tr>\n<tr style=\"height: 22px;\">\n<td style=\"height: 22px;\">Tequila<\/td>\n<td style=\"height: 22px;\">al. 5\/eur<\/td>\n<\/tr>\n<tr style=\"height: 22px;\">\n<td style=\"height: 22px;\">Dzinn \/ Gin<\/td>\n<td style=\"height: 22px;\">al. 5\/eur<\/td>\n<\/tr>\n<tr style=\"height: 22px;\">\n<td style=\"height: 22px;\">Konjak \/ Cognac<\/td>\n<td style=\"height: 22px;\">al.20\/eur<\/td>\n<\/tr>\n<tr style=\"height: 22px;\">\n<td style=\"height: 22px;\">Viksi \/ Whisky<\/td>\n<td style=\"height: 22px;\">al. 5\/eur<\/td>\n<\/tr>\n<tr style=\"height: 22px;\">\n<td style=\"height: 22px;\">Br\u00e4ndi \/ Brandy<\/td>\n<td style=\"height: 22px;\">al. 5\/eur<\/td>\n<\/tr>\n<tr style=\"height: 22px;\">\n<td style=\"height: 22px;\">Calvados<\/td>\n<td style=\"height: 22px;\">al. 5\/eur<\/td>\n<\/tr>\n<tr style=\"height: 22px;\">\n<td style=\"height: 22px;\">Rumm \/ Rum<\/td>\n<td style=\"height: 22px;\">al. 6\/eur<\/td>\n<\/tr>\n<tr style=\"height: 22px;\">\n<td style=\"height: 22px;\">Lik\u00f6\u00f6r \/ Liqueur<\/td>\n<td style=\"height: 22px;\">al. 5\/eur<\/td>\n<\/tr>\n<tr style=\"height: 22px;\">\n<td style=\"height: 22px;\">Portvein \/ Porto wine<\/td>\n<td style=\"height: 22px;\">al. 10\/eur<\/td>\n<\/tr>\n<tr style=\"height: 22px;\">\n<td style=\"height: 22px;\">Aperatiiv \/ Aperitiv<\/td>\n<td style=\"height: 22px;\">al. 5\/eur<\/td>\n<\/tr>\n<tr style=\"height: 22px;\">\n<td style=\"height: 22px;\">\u00d5lu \/ Beer<\/td>\n<td style=\"height: 22px;\">al. 7\/eur<\/td>\n<\/tr>\n<tr style=\"height: 22px;\">\n<td style=\"height: 22px;\">Siider \/ Cider<\/td>\n<td style=\"height: 22px;\">al. 7\/eur<\/td>\n<\/tr>\n<tr style=\"height: 22px;\">\n<td style=\"height: 22px;\">Valged veinid \/ White wine<\/td>\n<td style=\"height: 22px;\">al. 100\/eur<\/td>\n<\/tr>\n<tr style=\"height: 22px;\">\n<td style=\"height: 22px;\">Punased veinid \/ Red wine<\/td>\n<td style=\"height: 22px;\">al. 100\/eur<\/td>\n<\/tr>\n<tr style=\"height: 22px;\">\n<td style=\"height: 22px;\">Shampanja \/ Champagne<\/td>\n<td style=\"height: 22px;\">al. 125\/eur<\/td>\n<\/tr>\n<\/tbody>\n<\/table>\n<p>[\/vc_column_text][vc_column_text]Meie baaris saate osta igat liiki alkoholi, sealhulgas selliseid armastatud kaubam\u00e4rke nagu:<\/p>\n<ul>\n<li>Viin \/ Vodka (Vodka Beluga, Grey Goose, Belvedere Night Sabre\u2026)<\/li>\n<li>Tequila (Jose Cuervo Especial Gold, Olmeca Altos Plata, Casamigos Anejo\u2026)<\/li>\n<li>D\u017einn \/ Gin (Monkey 47 Schwarzwald Dry Gin, Hendrick\u2019s Gin, Tanqueray Copa Gin\u2026)<\/li>\n<li>Konjak \/ Cognac (Hennessy Paradise, Hennessy XO, Martell VSOP Medallion\u2026)<\/li>\n<li>Viski \/ Whisky (J.W. Platinum 18 YO, Lagavulin 16 YO Single Islay Malt, Oban 14 YO Single Malt\u2026)<\/li>\n<li>Br\u00e4ndi \/ Brandy (Fernando de Castilla, Ararat Otborny 7YO, Metaxa 7YO\u2026)<\/li>\n<li>Calvados (Pere Magloire XO, Pere Magloire VSOP\u2026)<\/li>\n<li>Rumm \/ Rum (Zacapa 23Y Solera Gran Reserva, Angostura 1919, Havana Club Selecci\u00f3n de Maestros\u2026)<\/li>\n<li>Lik\u00f6\u00f6r \/ Liqueur (Calliano, Amaretto di Saronno, Pisang Ambon\u2026)<\/li>\n<li>Portvein \/ Porto Wine (Dow\u2019s 20 Y.O. Tawny Port, Fernando de Castilla Pedro Ximenez, W. &amp; J. Grahams Late Bottled Vintage\u2026)<\/li>\n<li>Aperatiiv \/ Aperitiv (Martini, Campari\u2026)<\/li>\n<li>\u00d5lu \/ Beer (\u00d5lu \/ Beer (A Le Coq Premium, Saku Originaal, Heineken\u2026)<\/li>\n<li>Siider \/ Cider (\u00d5un \/ Apple, Pirni \/ Pear\u2026)<\/li>\n<li>Valged veinid \/ White Wine (Laroche Les Clos Chablis Grand Cru, Little Beauty Sauvignon Blanc, Laroche St Martin Chablis\u2026)<\/li>\n<li>Punased veinid \/ Red Wine (Chateau Magnol Cru Bourgeois, Lamberti Alta Gamma Amarone della Valpolicella, Ogier Chateauneuf du Pape Reine Jeanne\u2026)<\/li>\n<li>Shampanja \/ Champagne (Shampanja \/ Champagne (Cristal Champagne, Moet &amp; Chandon Midnight Gold, Dom Perignon Rose 1998\u2026)<\/li>\n<\/ul>\n<p>[\/vc_column_text][\/vc_column_inner][\/vc_row_inner][\/vc_column][\/vc_row][vc_row disable_element=&#8221;yes&#8221;][vc_column][vc_column_text]<\/p>\n<div class=\"mob-hide\"><img decoding=\"async\" class=\"alignnone wp-image-3285 size-large\" src=\"http:\/\/xclub.ee\/wp-content\/uploads\/2021\/08\/bar-xclub-1024x591.jpg\" alt=\"\" width=\"860\" height=\"496\" title=\"\" srcset=\"https:\/\/xclub.ee\/wp-content\/uploads\/2021\/08\/bar-xclub-1024x591.jpg 1024w, https:\/\/xclub.ee\/wp-content\/uploads\/2021\/08\/bar-xclub-512x296.jpg 512w, https:\/\/xclub.ee\/wp-content\/uploads\/2021\/08\/bar-xclub-768x443.jpg 768w, https:\/\/xclub.ee\/wp-content\/uploads\/2021\/08\/bar-xclub-1536x887.jpg 1536w, https:\/\/xclub.ee\/wp-content\/uploads\/2021\/08\/bar-xclub-2048x1182.jpg 2048w\" sizes=\"(max-width: 860px) 100vw, 860px\" \/><\/div>\n<div class=\"mob-show\"><div id=\"metaslider-id-3049\" style=\"width: 100%;\" class=\"ml-slider-3-107-0 metaslider metaslider-flex metaslider-3049 ml-slider has-dots-nav ms-theme-default\" role=\"region\" aria-label=\"Bar mobile\" data-height=\"300\" data-width=\"700\">\n    <div id=\"metaslider_container_3049\">\n        <div id=\"temp_metaslider_3049\" class=\"flexslider\"><ul class='slides'><\/ul><\/div><div id=\"metaslider_3049\">\n            <ul class='slides'>\n                <li style=\"display: none; width: 100%;\" class=\"slide-3050 ms-image hidden_tablet hidden_laptop hidden_desktop \" aria-roledescription=\"slide\" data-date=\"2021-08-20 16:48:56\" data-filename=\"2I7A9275-700x300.jpg\" data-slide-type=\"image\"><img decoding=\"async\" src=\"https:\/\/xclub.ee\/wp-content\/uploads\/2019\/06\/2I7A9275-700x300.jpg\" height=\"300\" width=\"700\" alt=\"bileet Tallinna\" class=\"slider-3049 slide-3050 msDefaultImage\" title=\"bileet Tallinna\" \/><\/li>\n                <li style=\"display: none; width: 100%;\" class=\"slide-3051 ms-image hidden_tablet hidden_laptop hidden_desktop \" aria-roledescription=\"slide\" data-date=\"2021-08-20 16:49:11\" data-filename=\"2I7A9283-700x300.jpg\" data-slide-type=\"image\"><img decoding=\"async\" src=\"https:\/\/xclub.ee\/wp-content\/uploads\/2019\/06\/2I7A9283-700x300.jpg\" height=\"300\" width=\"700\" alt=\"y\u00f6kerho Tallinna\" class=\"slider-3049 slide-3051 msDefaultImage\" title=\"y\u00f6kerho Tallinna\" \/><\/li>\n                <li style=\"display: none; width: 100%;\" class=\"slide-3052 ms-image hidden_tablet hidden_laptop hidden_desktop \" aria-roledescription=\"slide\" data-date=\"2021-08-20 16:49:24\" data-filename=\"2I7A9295-700x300.jpg\" data-slide-type=\"image\"><img decoding=\"async\" src=\"https:\/\/xclub.ee\/wp-content\/uploads\/2019\/06\/2I7A9295-700x300.jpg\" height=\"300\" width=\"700\" alt=\"y\u00f6kerho Tallinna\" class=\"slider-3049 slide-3052 msDefaultImage\" title=\"y\u00f6kerho Tallinna\" \/><\/li>\n                <li style=\"display: none; width: 100%;\" class=\"slide-3053 ms-image hidden_tablet hidden_laptop hidden_desktop \" aria-roledescription=\"slide\" data-date=\"2021-08-20 16:49:36\" data-filename=\"2I7A9250-700x300.jpg\" data-slide-type=\"image\"><img decoding=\"async\" src=\"https:\/\/xclub.ee\/wp-content\/uploads\/2019\/06\/2I7A9250-700x300.jpg\" height=\"300\" width=\"700\" alt=\"bileet Tallinna\" class=\"slider-3049 slide-3053 msDefaultImage\" title=\"bileet Tallinna\" \/><\/li>\n            <\/ul>\n        <\/div>\n        \n    <\/div>\n<\/div><\/div>\n<p>\u0412\u044b \u043c\u043e\u0436\u0435\u0442\u0435 \u0440\u0430\u0441\u0441\u043b\u0430\u0431\u0438\u0442\u044c\u0441\u044f \u0432 \u043d\u0430\u0448\u0435\u043c \u043a\u043e\u043c\u0444\u043e\u0440\u0442\u043d\u043e\u043c \u0438 \u0443\u044e\u0442\u043d\u043e\u043c \u0445\u043e\u0440\u043e\u0448\u043e \u0443\u043a\u043e\u043c\u043f\u043b\u0435\u043a\u0442\u043e\u0432\u0430\u043d\u043d\u043e\u043c \u0431\u0430\u0440\u0435. \u041c\u044b \u043f\u0440\u0435\u0434\u043b\u0430\u0433\u0430\u0435\u043c \u0448\u0438\u0440\u043e\u043a\u0438\u0439 \u0430\u0441\u0441\u043e\u0440\u0442\u0438\u043c\u0435\u043d\u0442 \u043d\u0430\u043f\u0438\u0442\u043a\u043e\u0432, \u0438\u0437\u044b\u0441\u043a\u0430\u043d\u043d\u044b\u0445 \u0432\u0438\u043d, \u0432\u044b\u0431\u043e\u0440 \u043b\u0443\u0447\u0448\u0438\u0445 \u0432\u0438\u0441\u043a\u0438, \u043e\u0442\u043b\u0438\u0447\u043d\u044b\u0435 \u0441\u0438\u0433\u0430\u0440\u044b, \u0430 \u0442\u0430\u043a\u0436\u0435 \u0440\u0430\u0437\u043d\u043e\u043e\u0431\u0440\u0430\u0437\u043d\u044b\u0435 \u0432\u043a\u0443\u0441\u043d\u044b\u0435 \u0437\u0430\u043a\u0443\u0441\u043a\u0438.<\/p>\n<div class=\"mob-hide\">\n\n\t\t<style type=\"text\/css\">\n\t\t\t#gallery-2 {\n\t\t\t\tmargin: auto;\n\t\t\t}\n\t\t\t#gallery-2 .gallery-item {\n\t\t\t\tfloat: left;\n\t\t\t\tmargin-top: 10px;\n\t\t\t\ttext-align: center;\n\t\t\t\twidth: 50%;\n\t\t\t}\n\t\t\t#gallery-2 img {\n\t\t\t\tborder: 2px solid #cfcfcf;\n\t\t\t}\n\t\t\t#gallery-2 .gallery-caption {\n\t\t\t\tmargin-left: 0;\n\t\t\t}\n\t\t\t\/* see gallery_shortcode() in wp-includes\/media.php *\/\n\t\t<\/style>\n\t\t<div id='gallery-2' class='gallery galleryid-3536 gallery-columns-2 gallery-size-thumbnail'><dl class='gallery-item'>\n\t\t\t<dt class='gallery-icon landscape'>\n\t\t\t\t<a href='https:\/\/xclub.ee\/wp-content\/uploads\/2021\/08\/bar001-1.jpg'><img decoding=\"async\" width=\"260\" height=\"184\" src=\"https:\/\/xclub.ee\/wp-content\/uploads\/2021\/08\/bar001-1-260x184.jpg\" class=\"attachment-thumbnail size-thumbnail\" alt=\"\" title=\"\"><\/a>\n\t\t\t<\/dt><\/dl><dl class='gallery-item'>\n\t\t\t<dt class='gallery-icon landscape'>\n\t\t\t\t<a href='https:\/\/xclub.ee\/wp-content\/uploads\/2021\/08\/bar1.jpg'><img decoding=\"async\" width=\"260\" height=\"184\" src=\"https:\/\/xclub.ee\/wp-content\/uploads\/2021\/08\/bar1-260x184.jpg\" class=\"attachment-thumbnail size-thumbnail\" alt=\"\" title=\"\"><\/a>\n\t\t\t<\/dt><\/dl><br style=\"clear: both\" \/><dl class='gallery-item'>\n\t\t\t<dt class='gallery-icon landscape'>\n\t\t\t\t<a href='https:\/\/xclub.ee\/wp-content\/uploads\/2021\/08\/bar002.jpg'><img decoding=\"async\" width=\"260\" height=\"184\" src=\"https:\/\/xclub.ee\/wp-content\/uploads\/2021\/08\/bar002-260x184.jpg\" class=\"attachment-thumbnail size-thumbnail\" alt=\"\" title=\"\"><\/a>\n\t\t\t<\/dt><\/dl><dl class='gallery-item'>\n\t\t\t<dt class='gallery-icon landscape'>\n\t\t\t\t<a href='https:\/\/xclub.ee\/wp-content\/uploads\/2021\/08\/bar2.jpg'><img decoding=\"async\" width=\"260\" height=\"184\" src=\"https:\/\/xclub.ee\/wp-content\/uploads\/2021\/08\/bar2-260x184.jpg\" class=\"attachment-thumbnail size-thumbnail\" alt=\"\" title=\"\"><\/a>\n\t\t\t<\/dt><\/dl><br style=\"clear: both\" \/>\n\t\t<\/div>\n\n<p>&nbsp;<\/p>\n<\/div>\n<style><!-- @media (max-width: 768px) { .entry-title {text-transform: uppercase;} } --><\/style>\n<p>[\/vc_column_text][\/vc_column][\/vc_row]<\/p>\n<\/div>","protected":false},"excerpt":{"rendered":"<p>[vc_row css=&#8221;.vc_custom_1744030670400{border-top-width: 1px !important;border-right-width: 1px !important;border-bottom-width: 1px !important;border-left-width: 1px !important;border-left-style: solid !important;border-right-style: solid !important;border-top-style: solid !important;border-bottom-style: solid !important;}&#8221;][vc_column][vc_column_text][\/vc_column_text][\/vc_column][\/vc_row][vc_row][vc_column][vc_column_text]Meie baaris saate l\u00f5\u00f5gastuda mugavas ja hubases keskkonnas. Pakume laia valikut jooke, peeneid veine, parimat viskit, suurep\u00e4raseid sigareid ja maitsvaid suupisteid. Peenete jookide ja l\u00f5\u00f5gastumise varjupaik Meie baar on t\u00f5eline aardelaegas teadlikele ja nautijatele. Meil on au pakkuda [&hellip;]<\/p>\n","protected":false},"author":1,"featured_media":2514,"parent":0,"menu_order":0,"comment_status":"closed","ping_status":"closed","template":"","meta":{"_acf_changed":false,"footnotes":""},"class_list":["post-3536","page","type-page","status-publish","has-post-thumbnail","hentry"],"acf":[],"_links":{"self":[{"href":"https:\/\/xclub.ee\/et\/wp-json\/wp\/v2\/pages\/3536","targetHints":{"allow":["GET"]}}],"collection":[{"href":"https:\/\/xclub.ee\/et\/wp-json\/wp\/v2\/pages"}],"about":[{"href":"https:\/\/xclub.ee\/et\/wp-json\/wp\/v2\/types\/page"}],"author":[{"embeddable":true,"href":"https:\/\/xclub.ee\/et\/wp-json\/wp\/v2\/users\/1"}],"replies":[{"embeddable":true,"href":"https:\/\/xclub.ee\/et\/wp-json\/wp\/v2\/comments?post=3536"}],"version-history":[{"count":9,"href":"https:\/\/xclub.ee\/et\/wp-json\/wp\/v2\/pages\/3536\/revisions"}],"predecessor-version":[{"id":5637,"href":"https:\/\/xclub.ee\/et\/wp-json\/wp\/v2\/pages\/3536\/revisions\/5637"}],"wp:featuredmedia":[{"embeddable":true,"href":"https:\/\/xclub.ee\/et\/wp-json\/wp\/v2\/media\/2514"}],"wp:attachment":[{"href":"https:\/\/xclub.ee\/et\/wp-json\/wp\/v2\/media?parent=3536"}],"curies":[{"name":"wp","href":"https:\/\/api.w.org\/{rel}","templated":true}]}}