{"id":3489,"date":"2021-09-02T14:45:08","date_gmt":"2021-09-02T11:45:08","guid":{"rendered":"http:\/\/xclub.ee\/show-sali\/"},"modified":"2025-06-23T13:59:33","modified_gmt":"2025-06-23T10:59:33","slug":"show-sali","status":"publish","type":"page","link":"https:\/\/xclub.ee\/fi\/show-sali\/","title":{"rendered":"X Club Show \u2013 Tallinnan paras topless-esitys"},"content":{"rendered":"<div class=\"wpb-content-wrapper\"><p>[vc_row][vc_column][vc_column_text]<\/p>\n<div class=\"mob-hide\">\n<p>[\/vc_column_text][\/vc_column][\/vc_row][vc_row][vc_column][vc_column_text css=&#8221;.vc_custom_1744025238533{border: 1px solid rgba(255,255,255,0.6) !important;}&#8221;]<div id=\"metaslider-id-3068\" style=\"width: 100%;\" class=\"ml-slider-3-107-0 metaslider metaslider-flex metaslider-3068 ml-slider has-dots-nav ms-theme-default\" role=\"region\" aria-label=\"Show hall\" data-height=\"1080\" data-width=\"1920\">\n    <div id=\"metaslider_container_3068\">\n        <div id=\"temp_metaslider_3068\" class=\"flexslider\"><ul class='slides'><\/ul><\/div><div id=\"metaslider_3068\">\n            <ul class='slides'>\n                <li style=\"display: none; width: 100%;\" class=\"slide-3069 ms-image hidden_smartphone \" aria-roledescription=\"slide\" data-date=\"2021-08-20 16:55:35\" data-filename=\"dsc08050_resize-1620x911.jpg\" data-slide-type=\"image\"><img decoding=\"async\" src=\"https:\/\/xclub.ee\/wp-content\/uploads\/2025\/03\/dsc08050_resize-1620x911.jpg\" height=\"1080\" width=\"1920\" alt=\"Gentlemen clubs. X club. Strip\" class=\"slider-3068 slide-3069 msDefaultImage\" title=\"Gentlemen clubs. X club. Strip\" \/><\/li>\n                <li style=\"display: none; width: 100%;\" class=\"slide-5366 ms-image hidden_smartphone \" aria-roledescription=\"slide\" data-date=\"2025-03-19 18:01:45\" data-filename=\"dsc08021_resize-1620x911.jpg\" data-slide-type=\"image\"><img decoding=\"async\" src=\"https:\/\/xclub.ee\/wp-content\/uploads\/2025\/03\/dsc08021_resize-1620x911.jpg\" height=\"1080\" width=\"1920\" alt=\"Gentlemen clubs. X club. Strip\" class=\"slider-3068 slide-5366 msDefaultImage\" title=\"Gentlemen clubs. X club. Strip\" \/><\/li>\n                <li style=\"display: none; width: 100%;\" class=\"slide-5367 ms-image hidden_smartphone \" aria-roledescription=\"slide\" data-date=\"2025-03-19 18:01:49\" data-filename=\"dsc07979_resize-1620x911.jpg\" data-slide-type=\"image\"><img decoding=\"async\" src=\"https:\/\/xclub.ee\/wp-content\/uploads\/2025\/03\/dsc07979_resize-1620x911.jpg\" height=\"1080\" width=\"1920\" alt=\"Gentlemen clubs. X club. Strip\" class=\"slider-3068 slide-5367 msDefaultImage\" title=\"Gentlemen clubs. X club. Strip\" \/><\/li>\n                <li style=\"display: none; width: 100%;\" class=\"slide-5368 ms-image hidden_smartphone \" aria-roledescription=\"slide\" data-date=\"2025-03-19 18:01:53\" data-filename=\"dsc08298_resize-1620x911.jpg\" data-slide-type=\"image\"><img decoding=\"async\" src=\"https:\/\/xclub.ee\/wp-content\/uploads\/2025\/03\/dsc08298_resize-1620x911.jpg\" height=\"1080\" width=\"1920\" alt=\"Gentlemen clubs. X club. Strip\" class=\"slider-3068 slide-5368 msDefaultImage\" title=\"Gentlemen clubs. X club. Strip\" \/><\/li>\n                <li style=\"display: none; width: 100%;\" class=\"slide-5369 ms-image hidden_smartphone \" aria-roledescription=\"slide\" data-date=\"2025-03-19 18:02:32\" data-filename=\"dsc09981-scaled-1920x1080.jpg\" data-slide-type=\"image\"><img decoding=\"async\" src=\"https:\/\/xclub.ee\/wp-content\/uploads\/2025\/03\/dsc09981-scaled-1920x1080.jpg\" height=\"1080\" width=\"1920\" alt=\"Exciting night out in Tallinn nightlife\" class=\"slider-3068 slide-5369 msDefaultImage\" title=\"Exciting night out in Tallinn nightlife\" \/><\/li>\n            <\/ul>\n        <\/div>\n        \n    <\/div>\n<\/div>\n<div id=\"metaslider-id-5386\" style=\"width: 100%;\" class=\"ml-slider-3-107-0 metaslider metaslider-flex metaslider-5386 ml-slider has-dots-nav ms-theme-default\" role=\"region\" aria-label=\"Show Hall mobile\" data-height=\"800\" data-width=\"600\">\n    <div id=\"metaslider_container_5386\">\n        <div id=\"temp_metaslider_5386\" class=\"flexslider\"><ul class='slides'><\/ul><\/div><div id=\"metaslider_5386\">\n            <ul class='slides'>\n                <li style=\"display: none; width: 100%;\" class=\"slide-5387 ms-image hidden_tablet hidden_laptop hidden_desktop \" aria-roledescription=\"slide\" data-date=\"2025-03-19 18:30:00\" data-filename=\"dsc08223_resize-scaled-600x800.jpg\" data-slide-type=\"image\"><img decoding=\"async\" src=\"https:\/\/xclub.ee\/wp-content\/uploads\/2024\/12\/dsc08223_resize-scaled-600x800.jpg\" height=\"800\" width=\"600\" alt=\"An exciting and vibrant nightlife experience at XClub Tallinn, featuring world-class performances.\" class=\"slider-5386 slide-5387 msDefaultImage\" title=\"An exciting and vibrant nightlife experience at XClub Tallinn, featuring world-class performances.\" \/><\/li>\n                <li style=\"display: none; width: 100%;\" class=\"slide-5389 ms-image hidden_tablet hidden_laptop hidden_desktop \" aria-roledescription=\"slide\" data-date=\"2025-03-19 18:32:22\" data-filename=\"dsc08084_resize-scaled-600x800.jpg\" data-slide-type=\"image\"><img decoding=\"async\" src=\"https:\/\/xclub.ee\/wp-content\/uploads\/2024\/12\/dsc08084_resize-scaled-600x800.jpg\" height=\"800\" width=\"600\" alt=\"A group of excited men experiencing the ultimate strip club adventure in Tallinn.\" class=\"slider-5386 slide-5389 msDefaultImage\" title=\"A group of excited men experiencing the ultimate strip club adventure in Tallinn.\" \/><\/li>\n                <li style=\"display: none; width: 100%;\" class=\"slide-5390 ms-image hidden_tablet hidden_laptop hidden_desktop \" aria-roledescription=\"slide\" data-date=\"2025-03-19 18:36:26\" data-filename=\"dsc08041_resize-scaled-600x800.jpg\" data-slide-type=\"image\"><img decoding=\"async\" src=\"https:\/\/xclub.ee\/wp-content\/uploads\/2024\/12\/dsc08041_resize-scaled-600x800.jpg\" height=\"800\" width=\"600\" alt=\"A group of excited men experiencing the ultimate strip club adventure in Tallinn.\" class=\"slider-5386 slide-5390 msDefaultImage\" title=\"A group of excited men experiencing the ultimate strip club adventure in Tallinn.\" \/><\/li>\n                <li style=\"display: none; width: 100%;\" class=\"slide-5391 ms-image hidden_tablet hidden_laptop hidden_desktop \" aria-roledescription=\"slide\" data-date=\"2025-03-19 18:36:59\" data-filename=\"dsc08012_resize-scaled-600x800.jpg\" data-slide-type=\"image\"><img decoding=\"async\" src=\"https:\/\/xclub.ee\/wp-content\/uploads\/2024\/12\/dsc08012_resize-scaled-600x800.jpg\" height=\"800\" width=\"600\" alt=\"A seductive brunette in high heels, moving gracefully during her dance routine.\" class=\"slider-5386 slide-5391 msDefaultImage\" title=\"A seductive brunette in high heels, moving gracefully during her dance routine.\" \/><\/li>\n                <li style=\"display: none; width: 100%;\" class=\"slide-5392 ms-image hidden_tablet hidden_laptop hidden_desktop \" aria-roledescription=\"slide\" data-date=\"2025-03-19 18:37:21\" data-filename=\"dsc07971_resize-scaled-600x800.jpg\" data-slide-type=\"image\"><img decoding=\"async\" src=\"https:\/\/xclub.ee\/wp-content\/uploads\/2024\/12\/dsc07971_resize-scaled-600x800.jpg\" height=\"800\" width=\"600\" alt=\"A seductive brunette in high heels, moving gracefully during her dance routine.\" class=\"slider-5386 slide-5392 msDefaultImage\" title=\"A seductive brunette in high heels, moving gracefully during her dance routine.\" \/><\/li>\n            <\/ul>\n        <\/div>\n        \n    <\/div>\n<\/div>[\/vc_column_text][\/vc_column][\/vc_row][vc_row][vc_column width=&#8221;1\/2&#8243;][vc_column_text]Show Hall on sisustettu pariisilaisen kabareen tyyliin. Sen punaiset valot, samettiset huonekalut ja peilatut katot on tarkoitettu viritt\u00e4m\u00e4\u00e4n vieraat seksikk\u00e4\u00e4seen tunnelmaan. Jokainen vieras voi l\u00f6yt\u00e4\u00e4 paikan, josta on hyv\u00e4 n\u00e4k\u00f6ala lavalle.[\/vc_column_text][\/vc_column][vc_column width=&#8221;1\/2&#8243;][vc_column_text]Tallinnan parhaat topless-esitykset ja h\u00e4mm\u00e4stytt\u00e4v\u00e4t erikoistehosteet takaavat, ett\u00e4 p\u00e4\u00e4t k\u00e4\u00e4ntyv\u00e4t ja vieraat unohtavat arkip\u00e4iv\u00e4iset ajatuksensa. X Club on paikka, jossa vieraat uppoutuvat kiihottumisen ja villeiden fantasioiden maailmaan. Tallinnan parhaat topless-esitykset ovat kaupungin ehdoton n\u00e4ht\u00e4vyys![\/vc_column_text][\/vc_column][\/vc_row][vc_row bg_type=&#8221;bg_color&#8221; ult_hide_row=&#8221;ult_hide_row_value&#8221; ult_hide_row_large_screen=&#8221;large_screen&#8221; ult_hide_row_desktop=&#8221;desktop&#8221; ult_hide_row_tablet=&#8221;tablet&#8221; ult_hide_row_tablet_small=&#8221;xs_tablet&#8221; bg_color_value=&#8221;rgba(0,0,0,0.01)&#8221;][vc_column][vc_custom_heading text=&#8221;KARAOKE HALL&#8221; font_container=&#8221;tag:h1|text_align:left&#8221;][\/vc_column][\/vc_row][vc_row bg_type=&#8221;bg_color&#8221; ult_hide_row=&#8221;ult_hide_row_value&#8221; ult_hide_row_large_screen=&#8221;large_screen&#8221; ult_hide_row_desktop=&#8221;desktop&#8221; ult_hide_row_tablet=&#8221;tablet&#8221; ult_hide_row_tablet_small=&#8221;xs_tablet&#8221;][vc_column][vc_column_text]<\/p>\n<div style=\"width: 860px;\" class=\"wp-video\"><video class=\"wp-video-shortcode\" id=\"video-3489-1\" width=\"860\" height=\"484\" poster=\"http:\/\/xclub.ee\/wp-content\/uploads\/2021\/08\/XClub-karaoke-mp4-image.png\" preload=\"metadata\" controls=\"controls\"><source type=\"video\/mp4\" src=\"http:\/\/xclub.ee\/wp-content\/uploads\/2021\/08\/XClub-karaoke.mp4?_=1\" \/><a href=\"http:\/\/xclub.ee\/wp-content\/uploads\/2021\/08\/XClub-karaoke.mp4\">http:\/\/xclub.ee\/wp-content\/uploads\/2021\/08\/XClub-karaoke.mp4<\/a><\/video><\/div>\n<p>[\/vc_column_text][\/vc_column][\/vc_row][vc_row bg_type=&#8221;bg_color&#8221; ult_hide_row=&#8221;ult_hide_row_value&#8221; ult_hide_row_large_screen=&#8221;large_screen&#8221; ult_hide_row_desktop=&#8221;desktop&#8221; ult_hide_row_tablet=&#8221;tablet&#8221; ult_hide_row_tablet_small=&#8221;xs_tablet&#8221;][vc_column][vc_column_text css=&#8221;.vc_custom_1744026769265{border-top-width: 1px !important;border-right-width: 1px !important;border-bottom-width: 1px !important;border-left-width: 1px !important;border-left-style: solid !important;border-right-style: solid !important;border-top-style: solid !important;border-bottom-style: solid !important;}&#8221;]<div id=\"metaslider-id-3079\" style=\"width: 100%;\" class=\"ml-slider-3-107-0 metaslider metaslider-flex metaslider-3079 ml-slider hide-arrows-smartphone hide-arrows-tablet hide-arrows-laptop hide-arrows-desktop hide-navigation-smartphone hide-navigation-tablet hide-navigation-laptop hide-navigation-desktop has-dots-nav ms-theme-default\" role=\"region\" aria-label=\"Karaoke hall mobile\" data-height=\"800\" data-width=\"600\">\n    <div id=\"metaslider_container_3079\">\n        <div id=\"temp_metaslider_3079\" class=\"flexslider\"><ul class='slides'><\/ul><\/div><div id=\"metaslider_3079\">\n            <ul class='slides'>\n                <li style=\"display: none; width: 100%;\" class=\"slide-5704 ms-image hidden_tablet hidden_laptop hidden_desktop \" aria-roledescription=\"slide\" data-date=\"2025-06-06 15:34:58\" data-filename=\"432-600x800.jpg\" data-slide-type=\"image\"><img decoding=\"async\" src=\"https:\/\/xclub.ee\/wp-content\/uploads\/2025\/06\/432-600x800.jpg\" height=\"800\" width=\"600\" alt=\"\" class=\"slider-3079 slide-5704 msDefaultImage\" title=\"432\"><\/li>\n                <li style=\"display: none; width: 100%;\" class=\"slide-3080 ms-image hidden_tablet hidden_laptop hidden_desktop \" aria-roledescription=\"slide\" data-date=\"2021-08-20 16:59:33\" data-filename=\"444333322-600x800.jpg\" data-slide-type=\"image\"><img decoding=\"async\" src=\"https:\/\/xclub.ee\/wp-content\/uploads\/2018\/09\/444333322-600x800.jpg\" height=\"800\" width=\"600\" alt=\"xclub best strp club in estonia\" class=\"slider-3079 slide-3080 msDefaultImage\" title=\"xclub best strp club in estonia\" \/><\/li>\n                <li style=\"display: none; width: 100%;\" class=\"slide-5715 ms-image hidden_tablet hidden_laptop hidden_desktop \" aria-roledescription=\"slide\" data-date=\"2025-06-06 15:35:56\" data-filename=\"4432-600x800.jpg\" data-slide-type=\"image\"><img decoding=\"async\" src=\"https:\/\/xclub.ee\/wp-content\/uploads\/2025\/06\/4432-600x800.jpg\" height=\"800\" width=\"600\" alt=\"\" class=\"slider-3079 slide-5715 msDefaultImage\" title=\"4432\"><\/li>\n                <li style=\"display: none; width: 100%;\" class=\"slide-3082 ms-image hidden_tablet hidden_laptop hidden_desktop \" aria-roledescription=\"slide\" data-date=\"2021-08-20 16:59:58\" data-filename=\"dsc00278_resize-scaled-600x800.jpg\" data-slide-type=\"image\"><img decoding=\"async\" src=\"https:\/\/xclub.ee\/wp-content\/uploads\/2024\/09\/dsc00278_resize-scaled-600x800.jpg\" height=\"800\" width=\"600\" alt=\"best stripclub tallinn\" class=\"slider-3079 slide-3082 msDefaultImage\" title=\"best stripclub tallinn\" \/><\/li>\n                <li style=\"display: none; width: 100%;\" class=\"slide-3083 ms-image hidden_tablet hidden_laptop hidden_desktop \" aria-roledescription=\"slide\" data-date=\"2021-08-20 17:00:11\" data-filename=\"7766555-600x800.jpg\" data-slide-type=\"image\"><img decoding=\"async\" src=\"https:\/\/xclub.ee\/wp-content\/uploads\/2018\/09\/7766555-600x800.jpg\" height=\"800\" width=\"600\" alt=\"erotiikkaklubi striptease esitykset Tallinna\" class=\"slider-3079 slide-3083 msDefaultImage\" title=\"erotiikkaklubi striptease esitykset Tallinna\" \/><\/li>\n                <li style=\"display: none; width: 100%;\" class=\"slide-3085 ms-image hidden_tablet hidden_laptop hidden_desktop \" aria-roledescription=\"slide\" data-date=\"2021-08-20 17:16:54\" data-filename=\"dsc00264_resize-scaled-600x800.jpg\" data-slide-type=\"image\"><img decoding=\"async\" src=\"https:\/\/xclub.ee\/wp-content\/uploads\/2024\/09\/dsc00264_resize-scaled-600x800.jpg\" height=\"800\" width=\"600\" alt=\"best stripclub tallinn\" class=\"slider-3079 slide-3085 msDefaultImage\" title=\"best stripclub tallinn\" \/><\/li>\n                <li style=\"display: none; width: 100%;\" class=\"slide-3087 ms-image hidden_tablet hidden_laptop hidden_desktop \" aria-roledescription=\"slide\" data-date=\"2021-08-20 17:17:28\" data-filename=\"3434-600x800.jpg\" data-slide-type=\"image\"><img decoding=\"async\" src=\"https:\/\/xclub.ee\/wp-content\/uploads\/2018\/10\/3434-600x800.jpg\" height=\"800\" width=\"600\" alt=\"erotiikkaklubi striptease esitykset Tallinna\" class=\"slider-3079 slide-3087 msDefaultImage\" title=\"erotiikkaklubi striptease esitykset Tallinna\" \/><\/li>\n                <li style=\"display: none; width: 100%;\" class=\"slide-5500 ms-image hidden_tablet hidden_laptop hidden_desktop \" aria-roledescription=\"slide\" data-date=\"2025-04-07 14:56:01\" data-filename=\"dsc00316_resize-scaled-600x800.jpg\" data-slide-type=\"image\"><img decoding=\"async\" src=\"https:\/\/xclub.ee\/wp-content\/uploads\/2024\/09\/dsc00316_resize-scaled-600x800.jpg\" height=\"800\" width=\"600\" alt=\"best stripclub tallinn\" class=\"slider-3079 slide-5500 msDefaultImage\" title=\"best stripclub tallinn\" \/><\/li>\n            <\/ul>\n        <\/div>\n        \n    <\/div>\n<\/div>[\/vc_column_text][\/vc_column][\/vc_row][vc_row bg_type=&#8221;bg_color&#8221; ult_hide_row=&#8221;ult_hide_row_value&#8221; ult_hide_row_large_screen=&#8221;large_screen&#8221; ult_hide_row_desktop=&#8221;desktop&#8221; ult_hide_row_tablet=&#8221;tablet&#8221; ult_hide_row_tablet_small=&#8221;xs_tablet&#8221;][vc_column][vc_column_text]Esittelemme ylpe\u00e4n\u00e4 karaoke-baarimme!<\/p>\n<p>Valittavanasi on noin 50 000 kappaletta yli kymmenell\u00e4 eri kielell\u00e4. T\u00e4m\u00e4 on t\u00e4ydellinen tilaisuus olla illan t\u00e4hti \u2013 k\u00e4yt\u00f6ss\u00e4si on korkealaatuinen \u00e4\u00e4nij\u00e4rjestelm\u00e4, h\u00e4ik\u00e4isev\u00e4t visuaalit, kannustava yleis\u00f6 ja kodikas mutta ylellinen milj\u00f6\u00f6. Tervetuloa lavalle!<\/p>\n<p>Ylellinen ja kutsuva ilmapiiri<\/p>\n<p>Karaokebaarimme ei ole vain laulamista varten; se on my\u00f6s paikka, jossa voit uppoutua tunnelmaan, joka yhdist\u00e4\u00e4 luksuksen ja mukavuuden. Kotoisa mutta loistelias ymp\u00e4rist\u00f6 tekee siit\u00e4 ihanteellisen paikan ikimuistoiselle illalle. Etsitp\u00e4 karaoke-baaria l\u00e4helt\u00e4si Tallinnassa tai suunnittelet erityist\u00e4 k\u00e4ynti\u00e4, ovemme ovat auki tarjotaksemme sinulle poikkeuksellisen karaoke-el\u00e4myksen.<\/p>\n<p>Voit my\u00f6s varata show-hallin erityisi\u00e4 tilaisuuksia varten, oli kyseess\u00e4 sitten syntym\u00e4p\u00e4iv\u00e4si, polttarit tai vain villi ilta yst\u00e4vien kanssa. Tarjoamme catering-palvelut, ja halli on mukava 30 henkil\u00f6lle.[\/vc_column_text][\/vc_column][\/vc_row][vc_row][vc_column][vc_column_text]<\/p>\n<\/div>\n<p>[\/vc_column_text][\/vc_column][\/vc_row]<\/p>\n<\/div>","protected":false},"excerpt":{"rendered":"<p>[vc_row][vc_column][vc_column_text] [\/vc_column_text][\/vc_column][\/vc_row][vc_row][vc_column][vc_column_text css=&#8221;.vc_custom_1744025238533{border: 1px solid rgba(255,255,255,0.6) !important;}&#8221;] [\/vc_column_text][\/vc_column][\/vc_row][vc_row][vc_column width=&#8221;1\/2&#8243;][vc_column_text]Show Hall on sisustettu pariisilaisen kabareen tyyliin. Sen punaiset valot, samettiset huonekalut ja peilatut katot on tarkoitettu viritt\u00e4m\u00e4\u00e4n vieraat seksikk\u00e4\u00e4seen tunnelmaan. Jokainen vieras voi l\u00f6yt\u00e4\u00e4 paikan, josta on hyv\u00e4 n\u00e4k\u00f6ala lavalle.[\/vc_column_text][\/vc_column][vc_column width=&#8221;1\/2&#8243;][vc_column_text]Tallinnan parhaat topless-esitykset ja h\u00e4mm\u00e4stytt\u00e4v\u00e4t erikoistehosteet takaavat, ett\u00e4 p\u00e4\u00e4t k\u00e4\u00e4ntyv\u00e4t ja vieraat unohtavat arkip\u00e4iv\u00e4iset ajatuksensa. X [&hellip;]<\/p>\n","protected":false},"author":1,"featured_media":2475,"parent":0,"menu_order":0,"comment_status":"closed","ping_status":"closed","template":"","meta":{"_acf_changed":false,"footnotes":""},"class_list":["post-3489","page","type-page","status-publish","has-post-thumbnail","hentry"],"acf":[],"_links":{"self":[{"href":"https:\/\/xclub.ee\/fi\/wp-json\/wp\/v2\/pages\/3489","targetHints":{"allow":["GET"]}}],"collection":[{"href":"https:\/\/xclub.ee\/fi\/wp-json\/wp\/v2\/pages"}],"about":[{"href":"https:\/\/xclub.ee\/fi\/wp-json\/wp\/v2\/types\/page"}],"author":[{"embeddable":true,"href":"https:\/\/xclub.ee\/fi\/wp-json\/wp\/v2\/users\/1"}],"replies":[{"embeddable":true,"href":"https:\/\/xclub.ee\/fi\/wp-json\/wp\/v2\/comments?post=3489"}],"version-history":[{"count":3,"href":"https:\/\/xclub.ee\/fi\/wp-json\/wp\/v2\/pages\/3489\/revisions"}],"predecessor-version":[{"id":5725,"href":"https:\/\/xclub.ee\/fi\/wp-json\/wp\/v2\/pages\/3489\/revisions\/5725"}],"wp:featuredmedia":[{"embeddable":true,"href":"https:\/\/xclub.ee\/fi\/wp-json\/wp\/v2\/media\/2475"}],"wp:attachment":[{"href":"https:\/\/xclub.ee\/fi\/wp-json\/wp\/v2\/media?parent=3489"}],"curies":[{"name":"wp","href":"https:\/\/api.w.org\/{rel}","templated":true}]}}