{"id":3497,"date":"2021-09-02T15:20:20","date_gmt":"2021-09-02T12:20:20","guid":{"rendered":"http:\/\/xclub.ee\/karaokehalli\/"},"modified":"2025-04-07T19:42:52","modified_gmt":"2025-04-07T16:42:52","slug":"karaokehalli","status":"publish","type":"page","link":"https:\/\/xclub.ee\/fi\/karaokehalli\/","title":{"rendered":"Karaokehalli"},"content":{"rendered":"<div class=\"wpb-content-wrapper\"><p>[vc_row][vc_column][vc_column_text]<\/p>\n<div style=\"width: 860px;\" class=\"wp-video\"><video class=\"wp-video-shortcode\" id=\"video-3497-1\" width=\"860\" height=\"484\" poster=\"http:\/\/xclub.ee\/wp-content\/uploads\/2021\/08\/XClub-karaoke-mp4-image.png\" preload=\"metadata\" controls=\"controls\"><source type=\"video\/mp4\" src=\"http:\/\/xclub.ee\/wp-content\/uploads\/2021\/08\/XClub-karaoke.mp4?_=1\" \/><a href=\"http:\/\/xclub.ee\/wp-content\/uploads\/2021\/08\/XClub-karaoke.mp4\">http:\/\/xclub.ee\/wp-content\/uploads\/2021\/08\/XClub-karaoke.mp4<\/a><\/video><\/div>\n<h3>Esittelemme ylpe\u00e4n\u00e4 karaoke-baarimme!<\/h3>\n<p>Valikoimassamme on noin 50 000 kappaletta yli kymmenell\u00e4 eri kielell\u00e4. T\u00e4m\u00e4 on t\u00e4ydellinen tilaisuus olla illan t\u00e4hti \u2013 k\u00e4yt\u00f6ss\u00e4si on korkealaatuinen \u00e4\u00e4nentoistoj\u00e4rjestelm\u00e4, upeat visuaalit, kannustava yleis\u00f6 ja kodikas mutta ylellinen milj\u00f6\u00f6. Tervetuloa lavalle!<\/p>\n<h3>Ylellinen ja kutsuva ilmapiiri<\/h3>\n<p>Karaokebaarimme ei ole vain laulamista varten; se on my\u00f6s paikka, jossa voit uppoutua tunnelmaan, joka yhdist\u00e4\u00e4 luksuksen ja mukavuuden. Kotoisa mutta ylellinen ymp\u00e4rist\u00f6 tekee siit\u00e4 ihanteellisen paikan ikimuistoiselle illalle. Etsitp\u00e4 sitten karaoke-baaria l\u00e4helt\u00e4si Tallinnassa tai suunnittelet erityist\u00e4 vierailua, ovemme ovat auki tarjotaksemme sinulle poikkeuksellisen karaoke-el\u00e4myksen.[\/vc_column_text][vc_column_text]<\/p>\n<h3>Miksi valita meid\u00e4n karaoke-baarimme?<\/h3>\n<ol>\n<li>Laaja laulavalikoima: Kappaleita useilla eri kielill\u00e4 sis\u00e4lt\u00e4v\u00e4n repertuaarimme ansiosta olemme Tallinnan suosituin karaoke-klubi.<\/li>\n<li>Huipputekniset tilat: Ensiluokkainen \u00e4\u00e4nentoistoj\u00e4rjestelm\u00e4mme ja visuaalinen toteutuksemme varmistavat, ett\u00e4 jokainen esitys on upea.<\/li>\n<li>T\u00e4ydellinen tapahtumille: Monipuolinen karaoke-salimme sopii erinomaisesti yksityistilaisuuksiin, tarjoten ainutlaatuisen ja nautinnollisen kokemuksen.<\/li>\n<\/ol>\n<p>Johtavana karaoke-baarina Tallinnassa kutsumme sinut irrottelemaan, tarttumaan mikrofoniin ja astumaan parrasvaloihin. Olitpa sitten paikallinen tai vierailija, karaoke-klubimme on musiikin yst\u00e4vien ja juhlijoiden ehdoton kohde. Liity seuraamme iltaan, jossa olet p\u00e4\u00e4esiintyj\u00e4, ja anna musiikin vied\u00e4 mukanaan![\/vc_column_text][\/vc_column][\/vc_row][vc_row css=&#8221;.vc_custom_1744030467354{border: 1px initial rgba(255,255,255,0.6) !important;}&#8221;][vc_column][vc_column_text]<div id=\"metaslider-id-5396\" style=\"width: 100%;\" class=\"ml-slider-3-107-0 metaslider metaslider-flex metaslider-5396 ml-slider has-dots-nav ms-theme-default\" role=\"region\" aria-label=\"Karaoke hall\" data-height=\"1080\" data-width=\"1920\">\n    <div id=\"metaslider_container_5396\">\n        <div id=\"temp_metaslider_5396\" class=\"flexslider\"><ul class='slides'><\/ul><\/div><div id=\"metaslider_5396\">\n            <ul class='slides'>\n                <li style=\"display: none; width: 100%;\" class=\"slide-5716 ms-image hidden_smartphone \" aria-roledescription=\"slide\" data-date=\"2025-06-06 15:36:48\" data-filename=\"432-1280x720.jpg\" data-slide-type=\"image\"><img decoding=\"async\" src=\"https:\/\/xclub.ee\/wp-content\/uploads\/2025\/06\/432-1280x720.jpg\" height=\"1080\" width=\"1920\" alt=\"\" class=\"slider-5396 slide-5716 msDefaultImage\" title=\"432\"><\/li>\n                <li style=\"display: none; width: 100%;\" class=\"slide-5397 ms-image hidden_smartphone \" aria-roledescription=\"slide\" data-date=\"2025-03-19 19:00:11\" data-filename=\"dsc00316_resize-scaled-1920x1080.jpg\" data-slide-type=\"image\"><img decoding=\"async\" src=\"https:\/\/xclub.ee\/wp-content\/uploads\/2024\/09\/dsc00316_resize-scaled-1920x1080.jpg\" height=\"1080\" width=\"1920\" alt=\"best stripclub tallinn\" class=\"slider-5396 slide-5397 msDefaultImage\" title=\"best stripclub tallinn\" \/><\/li>\n                <li style=\"display: none; width: 100%;\" class=\"slide-5717 ms-image hidden_smartphone \" aria-roledescription=\"slide\" data-date=\"2025-06-06 15:38:31\" data-filename=\"4432-1280x720.jpg\" data-slide-type=\"image\"><img decoding=\"async\" src=\"https:\/\/xclub.ee\/wp-content\/uploads\/2025\/06\/4432-1280x720.jpg\" height=\"1080\" width=\"1920\" alt=\"\" class=\"slider-5396 slide-5717 msDefaultImage\" title=\"4432\"><\/li>\n                <li style=\"display: none; width: 100%;\" class=\"slide-5398 ms-image hidden_smartphone \" aria-roledescription=\"slide\" data-date=\"2025-03-19 19:00:24\" data-filename=\"dsc00301_resize-scaled-1920x1080.jpg\" data-slide-type=\"image\"><img decoding=\"async\" src=\"https:\/\/xclub.ee\/wp-content\/uploads\/2024\/09\/dsc00301_resize-scaled-1920x1080.jpg\" height=\"1080\" width=\"1920\" alt=\"best stripclub tallinn\" class=\"slider-5396 slide-5398 msDefaultImage\" title=\"best stripclub tallinn\" \/><\/li>\n                <li style=\"display: none; width: 100%;\" class=\"slide-5399 ms-image hidden_smartphone \" aria-roledescription=\"slide\" data-date=\"2025-03-19 19:01:00\" data-filename=\"dsc00264_resize-scaled-1920x1080.jpg\" data-slide-type=\"image\"><img decoding=\"async\" src=\"https:\/\/xclub.ee\/wp-content\/uploads\/2024\/09\/dsc00264_resize-scaled-1920x1080.jpg\" height=\"1080\" width=\"1920\" alt=\"best stripclub tallinn\" class=\"slider-5396 slide-5399 msDefaultImage\" title=\"best stripclub tallinn\" \/><\/li>\n                <li style=\"display: none; width: 100%;\" class=\"slide-5400 ms-image hidden_smartphone \" aria-roledescription=\"slide\" data-date=\"2025-03-19 19:01:23\" data-filename=\"dsc00268_resize-scaled-1920x1080.jpg\" data-slide-type=\"image\"><img decoding=\"async\" src=\"https:\/\/xclub.ee\/wp-content\/uploads\/2024\/09\/dsc00268_resize-scaled-1920x1080.jpg\" height=\"1080\" width=\"1920\" alt=\"best stripclub tallinn\" class=\"slider-5396 slide-5400 msDefaultImage\" title=\"best stripclub tallinn\" \/><\/li>\n            <\/ul>\n        <\/div>\n        \n    <\/div>\n<\/div>[\/vc_column_text][\/vc_column][\/vc_row][vc_row disable_element=&#8221;yes&#8221;][vc_column][vc_column_text]<\/p>\n<div class=\"mob-hide\">\n<div style=\"width: 860px;\" class=\"wp-video\"><video class=\"wp-video-shortcode\" id=\"video-3497-2\" width=\"860\" height=\"484\" poster=\"http:\/\/xclub.ee\/wp-content\/uploads\/2021\/08\/XClub-karaoke-mp4-image.png\" preload=\"metadata\" controls=\"controls\"><source type=\"video\/mp4\" src=\"http:\/\/xclub.ee\/wp-content\/uploads\/2021\/08\/XClub-karaoke.mp4?_=2\" \/><a href=\"http:\/\/xclub.ee\/wp-content\/uploads\/2021\/08\/XClub-karaoke.mp4\">http:\/\/xclub.ee\/wp-content\/uploads\/2021\/08\/XClub-karaoke.mp4<\/a><\/video><\/div>\n<p style=\"text-align: right;\">\n<\/div>\n<div class=\"mob-show\"><img decoding=\"async\" src=\"\/wp-content\/uploads\/2017\/04\/Xclub_Website_karaoke_devka.jpg\" alt=\"\" width=\"100%\" title=\"\"><\/div>\n<h2>We are proud to present our Karaoke bar!<\/h2>\n<p>There are about 50 000 songs in more than ten different languages you can choose of. It is the perfect chance to be the star of the night &#8211; you will be supported by high-quality soundsystem, dashing visuals, cheering audience and cozy but luxurious milieu. Welcome to the stage!<\/p>\n<p>You can also book the hall for your special occasions whether it would be your birthday, stag night or just a wild night out with friends.<br \/>\nWe provide catering. The hall is comfortable for 30 persons.<\/p>\n<div class=\"mob-hide\">\n\n\t\t<style type=\"text\/css\">\n\t\t\t#gallery-1 {\n\t\t\t\tmargin: auto;\n\t\t\t}\n\t\t\t#gallery-1 .gallery-item {\n\t\t\t\tfloat: left;\n\t\t\t\tmargin-top: 10px;\n\t\t\t\ttext-align: center;\n\t\t\t\twidth: 50%;\n\t\t\t}\n\t\t\t#gallery-1 img {\n\t\t\t\tborder: 2px solid #cfcfcf;\n\t\t\t}\n\t\t\t#gallery-1 .gallery-caption {\n\t\t\t\tmargin-left: 0;\n\t\t\t}\n\t\t\t\/* see gallery_shortcode() in wp-includes\/media.php *\/\n\t\t<\/style>\n\t\t<div id='gallery-1' class='gallery galleryid-3497 gallery-columns-2 gallery-size-thumbnail'><dl class='gallery-item'>\n\t\t\t<dt class='gallery-icon portrait'>\n\t\t\t\t<a href='https:\/\/xclub.ee\/wp-content\/uploads\/2018\/10\/3434.jpg'><img decoding=\"async\" width=\"174\" height=\"184\" src=\"https:\/\/xclub.ee\/wp-content\/uploads\/2018\/10\/3434.jpg\" class=\"attachment-thumbnail size-thumbnail\" alt=\"erotiikkaklubi striptease esitykset Tallinna\" title=\"\"><\/a>\n\t\t\t<\/dt><\/dl><dl class='gallery-item'>\n\t\t\t<dt class='gallery-icon portrait'>\n\t\t\t\t<a href='https:\/\/xclub.ee\/wp-content\/uploads\/2018\/09\/7766555.jpg'><img decoding=\"async\" width=\"123\" height=\"184\" src=\"https:\/\/xclub.ee\/wp-content\/uploads\/2018\/09\/7766555.jpg\" class=\"attachment-thumbnail size-thumbnail\" alt=\"erotiikkaklubi striptease esitykset Tallinna\" title=\"\"><\/a>\n\t\t\t<\/dt><\/dl><br style=\"clear: both\" \/><dl class='gallery-item'>\n\t\t\t<dt class='gallery-icon portrait'>\n\t\t\t\t<a href='https:\/\/xclub.ee\/wp-content\/uploads\/2018\/10\/33423.jpg'><img decoding=\"async\" width=\"174\" height=\"184\" src=\"https:\/\/xclub.ee\/wp-content\/uploads\/2018\/10\/33423.jpg\" class=\"attachment-thumbnail size-thumbnail\" alt=\"erotiikkaklubi striptease esitykset Tallinna\" title=\"\"><\/a>\n\t\t\t<\/dt><\/dl><dl class='gallery-item'>\n\t\t\t<dt class='gallery-icon portrait'>\n\t\t\t\t<a href='https:\/\/xclub.ee\/wp-content\/uploads\/2018\/10\/6654345.jpg'><img decoding=\"async\" width=\"174\" height=\"184\" src=\"https:\/\/xclub.ee\/wp-content\/uploads\/2018\/10\/6654345.jpg\" class=\"attachment-thumbnail size-thumbnail\" alt=\"erotiikkaklubi striptease esitykset Tallinna\" title=\"\"><\/a>\n\t\t\t<\/dt><\/dl><br style=\"clear: both\" \/><dl class='gallery-item'>\n\t\t\t<dt class='gallery-icon portrait'>\n\t\t\t\t<a href='https:\/\/xclub.ee\/wp-content\/uploads\/2018\/09\/444333322.jpg'><img decoding=\"async\" width=\"123\" height=\"184\" src=\"https:\/\/xclub.ee\/wp-content\/uploads\/2018\/09\/444333322.jpg\" class=\"attachment-thumbnail size-thumbnail\" alt=\"xclub best strp club in estonia\" title=\"\"><\/a>\n\t\t\t<\/dt><\/dl><dl class='gallery-item'>\n\t\t\t<dt class='gallery-icon landscape'>\n\t\t\t\t<a href='https:\/\/xclub.ee\/wp-content\/uploads\/2017\/05\/merged-8.jpg'><img decoding=\"async\" width=\"260\" height=\"173\" src=\"https:\/\/xclub.ee\/wp-content\/uploads\/2017\/05\/merged-8.jpg\" class=\"attachment-thumbnail size-thumbnail\" alt=\"xclub best strp club in estonia\" title=\"\"><\/a>\n\t\t\t<\/dt><\/dl><br style=\"clear: both\" \/><dl class='gallery-item'>\n\t\t\t<dt class='gallery-icon landscape'>\n\t\t\t\t<a href='https:\/\/xclub.ee\/wp-content\/uploads\/2017\/05\/merged-4.jpg'><img decoding=\"async\" width=\"260\" height=\"173\" src=\"https:\/\/xclub.ee\/wp-content\/uploads\/2017\/05\/merged-4.jpg\" class=\"attachment-thumbnail size-thumbnail\" alt=\"xclub best strp club in estonia\" title=\"\"><\/a>\n\t\t\t<\/dt><\/dl><dl class='gallery-item'>\n\t\t\t<dt class='gallery-icon landscape'>\n\t\t\t\t<a href='https:\/\/xclub.ee\/wp-content\/uploads\/2017\/05\/merged-3.jpg'><img decoding=\"async\" width=\"260\" height=\"173\" src=\"https:\/\/xclub.ee\/wp-content\/uploads\/2017\/05\/merged-3.jpg\" class=\"attachment-thumbnail size-thumbnail\" alt=\"striper club\" title=\"\"><\/a>\n\t\t\t<\/dt><\/dl><br style=\"clear: both\" \/>\n\t\t<\/div>\n\n<p>&nbsp;<\/p>\n<p>&nbsp;<\/p>\n<\/div>\n<div class=\"mob-show\"><img decoding=\"async\" src=\"\/wp-content\/uploads\/2017\/05\/merged-3.jpg\" alt=\"\" width=\"100%\" title=\"\"><\/div>\n<p>[\/vc_column_text][\/vc_column][\/vc_row][vc_row][vc_column][vc_column_text]<\/p>\n<div class=\"mob-show\"><\/div>\n<p>[\/vc_column_text][\/vc_column][\/vc_row]<\/p>\n<\/div>","protected":false},"excerpt":{"rendered":"<p>[vc_row][vc_column][vc_column_text] Esittelemme ylpe\u00e4n\u00e4 karaoke-baarimme! Valikoimassamme on noin 50 000 kappaletta yli kymmenell\u00e4 eri kielell\u00e4. T\u00e4m\u00e4 on t\u00e4ydellinen tilaisuus olla illan t\u00e4hti \u2013 k\u00e4yt\u00f6ss\u00e4si on korkealaatuinen \u00e4\u00e4nentoistoj\u00e4rjestelm\u00e4, upeat visuaalit, kannustava yleis\u00f6 ja kodikas mutta ylellinen milj\u00f6\u00f6. Tervetuloa lavalle! Ylellinen ja kutsuva ilmapiiri Karaokebaarimme ei ole vain laulamista varten; se on my\u00f6s paikka, jossa voit uppoutua tunnelmaan, [&hellip;]<\/p>\n","protected":false},"author":1,"featured_media":1525,"parent":0,"menu_order":0,"comment_status":"closed","ping_status":"closed","template":"","meta":{"_acf_changed":false,"footnotes":""},"class_list":["post-3497","page","type-page","status-publish","has-post-thumbnail","hentry"],"acf":[],"_links":{"self":[{"href":"https:\/\/xclub.ee\/fi\/wp-json\/wp\/v2\/pages\/3497","targetHints":{"allow":["GET"]}}],"collection":[{"href":"https:\/\/xclub.ee\/fi\/wp-json\/wp\/v2\/pages"}],"about":[{"href":"https:\/\/xclub.ee\/fi\/wp-json\/wp\/v2\/types\/page"}],"author":[{"embeddable":true,"href":"https:\/\/xclub.ee\/fi\/wp-json\/wp\/v2\/users\/1"}],"replies":[{"embeddable":true,"href":"https:\/\/xclub.ee\/fi\/wp-json\/wp\/v2\/comments?post=3497"}],"version-history":[{"count":3,"href":"https:\/\/xclub.ee\/fi\/wp-json\/wp\/v2\/pages\/3497\/revisions"}],"predecessor-version":[{"id":5579,"href":"https:\/\/xclub.ee\/fi\/wp-json\/wp\/v2\/pages\/3497\/revisions\/5579"}],"wp:featuredmedia":[{"embeddable":true,"href":"https:\/\/xclub.ee\/fi\/wp-json\/wp\/v2\/media\/1525"}],"wp:attachment":[{"href":"https:\/\/xclub.ee\/fi\/wp-json\/wp\/v2\/media?parent=3497"}],"curies":[{"name":"wp","href":"https:\/\/api.w.org\/{rel}","templated":true}]}}