{"id":3504,"date":"2021-09-02T15:22:05","date_gmt":"2021-09-02T12:22:05","guid":{"rendered":"http:\/\/xclub.ee\/lisapalvelut\/"},"modified":"2025-06-23T13:54:45","modified_gmt":"2025-06-23T10:54:45","slug":"lisapalvelut","status":"publish","type":"page","link":"https:\/\/xclub.ee\/fi\/lisapalvelut\/","title":{"rendered":"Lis\u00e4palvelut"},"content":{"rendered":"<h2><strong><a href=\"\/wp-content\/uploads\/2012\/04\/limousine-verhuur.jpg\"><img decoding=\"async\" class=\"alignleft size-thumbnail wp-image-349\" title=\"limusiini\" src=\"\/wp-content\/uploads\/2012\/04\/limousine-verhuur-260x184.jpg\" alt=\"\" width=\"260\" height=\"184\"><\/a><\/strong><\/h2>\n<h2><strong>Limusiini yl\u00e4osattomien tytt\u00f6jen kanssa<\/strong><\/h2>\n<p>Seikkailun yst\u00e4ville:<\/p>\n<p>Limusiinimatka (60 min) Xclub Topless Dancersin kanssa. Hinta sis\u00e4lt\u00e4\u00e4 limusiinin + naiset<\/p>\n<p>&nbsp;<\/p>\n<p>&nbsp;<\/p>\n<h2><strong>Strip -tanssin mestarikurssi<\/strong><\/h2>\n<p>Xclub tarjoaa strip -tanssikoulutuksia klubinopettajan kanssa.<\/p>\n<h2><\/h2>\n<h2><strong><strong><br \/>\n<a href=\"\/wp-content\/uploads\/2012\/04\/strip-pokker.jpg\"><img decoding=\"async\" class=\"alignleft size-thumbnail wp-image-802\" title=\"R\u00e4sypokka\" src=\"\/wp-content\/uploads\/2012\/04\/strip-pokker-260x184.jpg\" alt=\"\" width=\"260\" height=\"184\"><\/a><\/strong><\/strong><\/h2>\n<h2><strong><strong>R\u00e4sypokka<\/strong><\/strong><\/h2>\n<p>Peli pokeria, jossa korko &#8211; vaatteesi ja (mielenkiintoisin) &#8211; Vaatteet tyt\u00f6t klubilta. Keskim\u00e4\u00e4r\u00e4inen peli kest\u00e4\u00e4 15-30 minuuttia<\/p>\n<h2><strong>Illallinen-Show<\/strong><\/h2>\n<p>Esityksi\u00e4 baarin \/ ravintolan \/ klubin eri tapahtumiin.<\/p>\n<p>PS! Kiireellinen tilaus on arvokkaampi kuin<\/p>\n<p>&nbsp;<\/p>\n<p>&nbsp;<\/p>\n<h2><strong><a href=\"\/wp-content\/uploads\/2012\/04\/male.jpg\"><img decoding=\"async\" class=\"size-thumbnail wp-image-353 alignleft\" title=\"Uros\" src=\"\/wp-content\/uploads\/2012\/04\/male-260x184.jpg\" alt=\"\" width=\"260\" height=\"184\"><\/a><\/strong><\/h2>\n<h2>Miesten eroottinen esitys<\/h2>\n<p>X Club tarjoaa vieh\u00e4tt\u00e4v\u00e4n ja halukkaan miespuolisen eroottisen esityksen. Yleens\u00e4 tapahtuu yksityisess\u00e4 huoneessa Casanova.<\/p>\n<p>Hinta riippuu osallistujam\u00e4\u00e4r\u00e4st\u00e4.<\/p>\n<p>&nbsp;<\/p>\n<p>&nbsp;<\/p>\n<p>&nbsp;<\/p>\n<p>&nbsp;<\/p>\n<p>* Klubi pid\u00e4tt\u00e4\u00e4 oikeuden kielt\u00e4yty\u00e4 asiakkaasta, jos kaikkia tanssijoita suojaavia turvatoimia ei noudateta. Muistutamme my\u00f6s, ett\u00e4 esitys ei sis\u00e4ll\u00e4 seksipalveluja.<\/p>\n","protected":false},"excerpt":{"rendered":"<p>Limusiini yl\u00e4osattomien tytt\u00f6jen kanssa Seikkailun yst\u00e4ville: Limusiinimatka (60 min) Xclub Topless Dancersin kanssa. Hinta sis\u00e4lt\u00e4\u00e4 limusiinin + naiset &nbsp; &nbsp; Strip -tanssin mestarikurssi Xclub tarjoaa strip -tanssikoulutuksia klubinopettajan kanssa. R\u00e4sypokka Peli pokeria, jossa korko &#8211; vaatteesi ja (mielenkiintoisin) &#8211; Vaatteet tyt\u00f6t klubilta. Keskim\u00e4\u00e4r\u00e4inen peli kest\u00e4\u00e4 15-30 minuuttia Illallinen-Show Esityksi\u00e4 baarin \/ ravintolan \/ klubin eri [&hellip;]<\/p>\n","protected":false},"author":1,"featured_media":3274,"parent":0,"menu_order":0,"comment_status":"closed","ping_status":"closed","template":"","meta":{"_acf_changed":false,"footnotes":""},"class_list":["post-3504","page","type-page","status-publish","has-post-thumbnail","hentry"],"acf":[],"_links":{"self":[{"href":"https:\/\/xclub.ee\/fi\/wp-json\/wp\/v2\/pages\/3504","targetHints":{"allow":["GET"]}}],"collection":[{"href":"https:\/\/xclub.ee\/fi\/wp-json\/wp\/v2\/pages"}],"about":[{"href":"https:\/\/xclub.ee\/fi\/wp-json\/wp\/v2\/types\/page"}],"author":[{"embeddable":true,"href":"https:\/\/xclub.ee\/fi\/wp-json\/wp\/v2\/users\/1"}],"replies":[{"embeddable":true,"href":"https:\/\/xclub.ee\/fi\/wp-json\/wp\/v2\/comments?post=3504"}],"version-history":[{"count":2,"href":"https:\/\/xclub.ee\/fi\/wp-json\/wp\/v2\/pages\/3504\/revisions"}],"predecessor-version":[{"id":3702,"href":"https:\/\/xclub.ee\/fi\/wp-json\/wp\/v2\/pages\/3504\/revisions\/3702"}],"wp:featuredmedia":[{"embeddable":true,"href":"https:\/\/xclub.ee\/fi\/wp-json\/wp\/v2\/media\/3274"}],"wp:attachment":[{"href":"https:\/\/xclub.ee\/fi\/wp-json\/wp\/v2\/media?parent=3504"}],"curies":[{"name":"wp","href":"https:\/\/api.w.org\/{rel}","templated":true}]}}