{"id":3534,"date":"2021-09-02T17:16:50","date_gmt":"2021-09-02T14:16:50","guid":{"rendered":"http:\/\/xclub.ee\/baari\/"},"modified":"2025-04-07T19:37:01","modified_gmt":"2025-04-07T16:37:01","slug":"baari","status":"publish","type":"page","link":"https:\/\/xclub.ee\/fi\/baari\/","title":{"rendered":"Baari"},"content":{"rendered":"<div class=\"wpb-content-wrapper\"><p>[vc_row][vc_column][vc_column_text]<\/p>\n<div class=\"mob-hide\">\n<p>[\/vc_column_text][\/vc_column][\/vc_row][vc_row css=&#8221;.vc_custom_1744030670400{border-top-width: 1px !important;border-right-width: 1px !important;border-bottom-width: 1px !important;border-left-width: 1px !important;border-left-style: solid !important;border-right-style: solid !important;border-top-style: solid !important;border-bottom-style: solid !important;}&#8221;][vc_column][vc_column_text]<div id=\"metaslider-id-5414\" style=\"width: 100%;\" class=\"ml-slider-3-107-0 metaslider metaslider-flex metaslider-5414 ml-slider has-dots-nav ms-theme-default\" role=\"region\" aria-label=\"Bar\" data-height=\"1080\" data-width=\"1920\">\n    <div id=\"metaslider_container_5414\">\n        <div id=\"temp_metaslider_5414\" class=\"flexslider\"><ul class='slides'><\/ul><\/div><div id=\"metaslider_5414\">\n            <ul class='slides'>\n                <li style=\"display: none; width: 100%;\" class=\"slide-5415 ms-image hidden_smartphone \" aria-roledescription=\"slide\" data-date=\"2025-03-19 19:22:53\" data-filename=\"dsc00376_resize-scaled-1920x1080.jpg\" data-slide-type=\"image\"><img decoding=\"async\" src=\"https:\/\/xclub.ee\/wp-content\/uploads\/2024\/09\/dsc00376_resize-scaled-1920x1080.jpg\" height=\"1080\" width=\"1920\" alt=\"xclub best stripclub tallinn\" class=\"slider-5414 slide-5415 msDefaultImage\" title=\"xclub best stripclub tallinn\" \/><\/li>\n                <li style=\"display: none; width: 100%;\" class=\"slide-5416 ms-image hidden_smartphone \" aria-roledescription=\"slide\" data-date=\"2025-03-19 19:23:06\" data-filename=\"dsc00363_resize-scaled-1920x1080.jpg\" data-slide-type=\"image\"><img decoding=\"async\" src=\"https:\/\/xclub.ee\/wp-content\/uploads\/2024\/09\/dsc00363_resize-scaled-1920x1080.jpg\" height=\"1080\" width=\"1920\" alt=\"xclub best stripclub tallinn\" class=\"slider-5414 slide-5416 msDefaultImage\" title=\"xclub best stripclub tallinn\" \/><\/li>\n                <li style=\"display: none; width: 100%;\" class=\"slide-5417 ms-image hidden_smartphone \" aria-roledescription=\"slide\" data-date=\"2025-03-19 19:23:35\" data-filename=\"dsc00358_resize-scaled-1920x1080.jpg\" data-slide-type=\"image\"><img decoding=\"async\" src=\"https:\/\/xclub.ee\/wp-content\/uploads\/2024\/09\/dsc00358_resize-scaled-1920x1080.jpg\" height=\"1080\" width=\"1920\" alt=\"xclub best stripclub tallinn\" class=\"slider-5414 slide-5417 msDefaultImage\" title=\"xclub best stripclub tallinn\" \/><\/li>\n                <li style=\"display: none; width: 100%;\" class=\"slide-5418 ms-image hidden_smartphone \" aria-roledescription=\"slide\" data-date=\"2025-03-19 19:24:06\" data-filename=\"dsc00326_resize-scaled-1920x1080.jpg\" data-slide-type=\"image\"><img decoding=\"async\" src=\"https:\/\/xclub.ee\/wp-content\/uploads\/2024\/09\/dsc00326_resize-scaled-1920x1080.jpg\" height=\"1080\" width=\"1920\" alt=\"xclub best stripclub tallinn\" class=\"slider-5414 slide-5418 msDefaultImage\" title=\"xclub best stripclub tallinn\" \/><\/li>\n            <\/ul>\n        <\/div>\n        \n    <\/div>\n<\/div>[\/vc_column_text][\/vc_column][\/vc_row][vc_row][vc_column][vc_column_text]<\/p>\n<p>Olet tervetullut rentoutumaan viihtyis\u00e4\u00e4n ja mukavaan, hyvin varustettuun baariimme. Tarjoamme laajan valikoiman virvokkeita, hienoja viinej\u00e4, parhaita viskej\u00e4, erinomaisia sikareita sek\u00e4 valikoiman maukkaita v\u00e4lipaloja.<\/p>\n<h3>Hienojen juomien ja rentoutumisen paratiisi<\/h3>\n<p>Baarimme on aarreaitta niin harrastajille kuin asiantuntijoillekin. Olemme ylpeit\u00e4 tarjoamastamme laajasta valikoimasta juomia, mik\u00e4 tekee meist\u00e4 yhden Tallinnan parhaista strippibaareista. Hienointa viinist\u00e4 maailman parhaisiin viskeihin, jokainen juoma on valittu rikastuttamaan kokemustasi klubillamme. Niille, jotka arvostavat el\u00e4m\u00e4n hienompia asioita, erinomainen sikarikokoelmamme odottaa, t\u00e4ydellisesti paritettuina ensiluokkaisten juomiemme kanssa.<\/p>\n<h3>Hemmottele makunystyr\u00f6it\u00e4si<\/h3>\n<p>Juomien lis\u00e4ksi tarjoamme valikoiman maukkaita v\u00e4lipaloja, jotka on tarkkaan valittu t\u00e4ydent\u00e4m\u00e4\u00e4n monipuolista juomavalikoimaamme. T\u00e4m\u00e4 ei ole vain baari; se on kokemus, joka nostaa meid\u00e4t Tallinnan johtavaksi strippibaariksi.<\/p>\n<h3>Sijainti sinun mukavuudellesi<\/h3>\n<p>Sijaitsemme k\u00e4tev\u00e4sti Tallinnan vilkkaassa syd\u00e4mess\u00e4, ja strippiklubimme baari on helposti saavutettavissa kaikille, jotka etsiv\u00e4t l\u00e4hell\u00e4 olevaa strippibaaria. Olitpa paikallinen tai vierailemassa kauniissa kaupungissamme, ovemme ovat avoinna toivottamassa sinut tervetulleeksi rentoutumaan ja nauttimaan herrasmiesbaarimme hienostuneesta ilmapiirist\u00e4.<\/p>\n<h3>Kohtauspaikka vaativille<\/h3>\n<p>Baarimme on enemm\u00e4n kuin vain paikka nauttia juomasta; se on sosiaalinen keskus, paikka, jossa Tallinnan eliitti kokoontuu. Etsitp\u00e4 sitten rentoutumista pitk\u00e4n p\u00e4iv\u00e4n j\u00e4lkeen, vilkkaita keskusteluja tai vain ylellist\u00e4 tunnelmaa, baarimme tarjoaa t\u00e4ydellisen ymp\u00e4rist\u00f6n.[\/vc_column_text][vc_row_inner el_id=&#8221;prices&#8221;][vc_column_inner][vc_custom_heading text=&#8221;Prices&#8221; font_container=&#8221;tag:h2|text_align:center&#8221; use_theme_fonts=&#8221;yes&#8221;][vc_column_text]<\/p>\n<table class=\"table\" style=\"width: 100%; height: 374px;\">\n<thead>\n<tr style=\"height: 22px;\">\n<th style=\"height: 22px;\">Alcoholic beverage<\/th>\n<th style=\"height: 22px;\">Price<\/th>\n<\/tr>\n<\/thead>\n<tbody>\n<tr style=\"height: 22px;\">\n<td style=\"height: 22px;\">VIINA \/ VODKA<\/td>\n<td style=\"height: 22px;\">alkaen 5\/eur<\/td>\n<\/tr>\n<tr style=\"height: 22px;\">\n<td style=\"height: 22px;\">TEQUILA<\/td>\n<td style=\"height: 22px;\">alkaen 5\/eur<\/td>\n<\/tr>\n<tr style=\"height: 22px;\">\n<td style=\"height: 22px;\">GIN<\/td>\n<td style=\"height: 22px;\">alkaen 5\/eur<\/td>\n<\/tr>\n<tr style=\"height: 22px;\">\n<td style=\"height: 22px;\">KONJAKKI<\/td>\n<td style=\"height: 22px;\">alkaen 20\/eur<\/td>\n<\/tr>\n<tr style=\"height: 22px;\">\n<td style=\"height: 22px;\">VISKI<\/td>\n<td style=\"height: 22px;\">alkaen 5\/eur<\/td>\n<\/tr>\n<tr style=\"height: 22px;\">\n<td style=\"height: 22px;\">BRANDY<\/td>\n<td style=\"height: 22px;\">alkaen 5\/eur<\/td>\n<\/tr>\n<tr style=\"height: 22px;\">\n<td style=\"height: 22px;\">CALVADOS<\/td>\n<td style=\"height: 22px;\">alkaen 5\/eur<\/td>\n<\/tr>\n<tr style=\"height: 22px;\">\n<td style=\"height: 22px;\">ROMMI<\/td>\n<td style=\"height: 22px;\">alkaen 6\/eur<\/td>\n<\/tr>\n<tr style=\"height: 22px;\">\n<td style=\"height: 22px;\">LIK\u00d6\u00d6RI<\/td>\n<td style=\"height: 22px;\">alkaen 5\/eur<\/td>\n<\/tr>\n<tr style=\"height: 22px;\">\n<td style=\"height: 22px;\">PORTVIINI<\/td>\n<td style=\"height: 22px;\">alkaen 10\/eur<\/td>\n<\/tr>\n<tr style=\"height: 22px;\">\n<td style=\"height: 22px;\">APERITIIVI<\/td>\n<td style=\"height: 22px;\">alkaen 5\/eur<\/td>\n<\/tr>\n<tr style=\"height: 22px;\">\n<td style=\"height: 22px;\">OLUT<\/td>\n<td style=\"height: 22px;\">alkaen 7\/eur<\/td>\n<\/tr>\n<tr style=\"height: 22px;\">\n<td style=\"height: 22px;\">SIIDERI<\/td>\n<td style=\"height: 22px;\">alkaen 7\/eur<\/td>\n<\/tr>\n<tr style=\"height: 22px;\">\n<td style=\"height: 22px;\">VALKOVIINI<\/td>\n<td style=\"height: 22px;\">alkaen 100\/eur<\/td>\n<\/tr>\n<tr style=\"height: 22px;\">\n<td style=\"height: 22px;\">PUNAVIINI<\/td>\n<td style=\"height: 22px;\">alkaen 100\/eur<\/td>\n<\/tr>\n<tr style=\"height: 22px;\">\n<td style=\"height: 22px;\">SAMPPANJA<\/td>\n<td style=\"height: 22px;\">alkaen 125\/eur<\/td>\n<\/tr>\n<\/tbody>\n<\/table>\n<p>[\/vc_column_text][vc_column_text]Baarissamme voit ostaa kaikenlaista alkoholia, mukaan lukien sellaiset rakastetut merkit kuin:<\/p>\n<ul>\n<li>Viin \/ Vodka (Vodka Beluga, Grey Goose, Belvedere Night Sabre&#8230;)<\/li>\n<li>Tequila (Jose Cuervo Especial Gold, Olmeca Altos Plata, Casamigos Anejo&#8230;)<\/li>\n<li>D\u017einn \/ Gin (Monkey 47 Schwarzwald Dry Gin, Hendrick&#8217;s Gin, Tanqueray Copa Gin&#8230;)<\/li>\n<li>Konjak \/ Cognac (Hennessy Paradise, Hennessy XO, Martell VSOP Medallion&#8230;)<\/li>\n<li>Viski \/ Whisky (J.W. Platinum 18 YO, Lagavulin 16 YO Single Islay Malt, Oban 14 YO Single Malt&#8230;)<\/li>\n<li>Br\u00e4ndi \/ Brandy (Fernando de Castilla, Ararat Otborny 7YO, Metaxa 7YO&#8230;)<\/li>\n<li>Calvados (Pere Magloire XO, Pere Magloire VSOP&#8230;)<\/li>\n<li>Rumm \/ Rum (Zacapa 23Y Solera Gran Reserva, Angostura 1919, Havana Club Selecci\u00f3n de Maestros&#8230;)<\/li>\n<li>Lik\u00f6\u00f6r \/ Liqueur (Calliano, Amaretto di Saronno, Pisang Ambon&#8230;)<\/li>\n<li>Portvein \/ Porto Wine (Dow\u2019s 20 Y.O. Tawny Port, Fernando de Castilla Pedro Ximenez, W. &amp; J. Grahams Late Bottled Vintage&#8230;)<\/li>\n<li>Aperatiiv \/ Aperitiv (Martini, Campari&#8230;)<\/li>\n<li>\u00d5lu \/ Beer (\u00d5lu \/ Beer (A Le Coq Premium, Saku Originaal, Heineken&#8230;)<\/li>\n<li>Siider \/ Cider (\u00d5un \/ Apple, Pirni \/ Pear&#8230;)<\/li>\n<li>Valged veinid \/ White Wine (Laroche Les Clos Chablis Grand Cru, Little Beauty Sauvignon Blanc, Laroche St Martin Chablis&#8230;)<\/li>\n<li>Punased veinid \/ Red Wine (Chateau Magnol Cru Bourgeois, Lamberti Alta Gamma Amarone della Valpolicella, Ogier Chateauneuf du Pape Reine Jeanne&#8230;)<\/li>\n<li>Shampanja \/ Champagne (Shampanja \/ Champagne (Cristal Champagne, Moet &amp; Chandon Midnight Gold, Dom Perignon Rose 1998&#8230;)<\/li>\n<\/ul>\n<p>[\/vc_column_text][\/vc_column_inner][\/vc_row_inner][\/vc_column][\/vc_row][vc_row disable_element=&#8221;yes&#8221;][vc_column][vc_column_text]<\/p>\n<div class=\"mob-hide\"><img decoding=\"async\" class=\"alignnone wp-image-3285 size-large\" src=\"http:\/\/xclub.ee\/wp-content\/uploads\/2021\/08\/bar-xclub-1024x591.jpg\" alt=\"\" width=\"860\" height=\"496\" title=\"\" srcset=\"https:\/\/xclub.ee\/wp-content\/uploads\/2021\/08\/bar-xclub-1024x591.jpg 1024w, https:\/\/xclub.ee\/wp-content\/uploads\/2021\/08\/bar-xclub-512x296.jpg 512w, https:\/\/xclub.ee\/wp-content\/uploads\/2021\/08\/bar-xclub-768x443.jpg 768w, https:\/\/xclub.ee\/wp-content\/uploads\/2021\/08\/bar-xclub-1536x887.jpg 1536w, https:\/\/xclub.ee\/wp-content\/uploads\/2021\/08\/bar-xclub-2048x1182.jpg 2048w\" sizes=\"(max-width: 860px) 100vw, 860px\" \/><\/div>\n<div class=\"mob-show\"><div id=\"metaslider-id-3049\" style=\"width: 100%;\" class=\"ml-slider-3-107-0 metaslider metaslider-flex metaslider-3049 ml-slider has-dots-nav ms-theme-default\" role=\"region\" aria-label=\"Bar mobile\" data-height=\"300\" data-width=\"700\">\n    <div id=\"metaslider_container_3049\">\n        <div id=\"temp_metaslider_3049\" class=\"flexslider\"><ul class='slides'><\/ul><\/div><div id=\"metaslider_3049\">\n            <ul class='slides'>\n                <li style=\"display: none; width: 100%;\" class=\"slide-3050 ms-image hidden_tablet hidden_laptop hidden_desktop \" aria-roledescription=\"slide\" data-date=\"2021-08-20 16:48:56\" data-filename=\"2I7A9275-700x300.jpg\" data-slide-type=\"image\"><img decoding=\"async\" src=\"https:\/\/xclub.ee\/wp-content\/uploads\/2019\/06\/2I7A9275-700x300.jpg\" height=\"300\" width=\"700\" alt=\"bileet Tallinna\" class=\"slider-3049 slide-3050 msDefaultImage\" title=\"bileet Tallinna\" \/><\/li>\n                <li style=\"display: none; width: 100%;\" class=\"slide-3051 ms-image hidden_tablet hidden_laptop hidden_desktop \" aria-roledescription=\"slide\" data-date=\"2021-08-20 16:49:11\" data-filename=\"2I7A9283-700x300.jpg\" data-slide-type=\"image\"><img decoding=\"async\" src=\"https:\/\/xclub.ee\/wp-content\/uploads\/2019\/06\/2I7A9283-700x300.jpg\" height=\"300\" width=\"700\" alt=\"y\u00f6kerho Tallinna\" class=\"slider-3049 slide-3051 msDefaultImage\" title=\"y\u00f6kerho Tallinna\" \/><\/li>\n                <li style=\"display: none; width: 100%;\" class=\"slide-3052 ms-image hidden_tablet hidden_laptop hidden_desktop \" aria-roledescription=\"slide\" data-date=\"2021-08-20 16:49:24\" data-filename=\"2I7A9295-700x300.jpg\" data-slide-type=\"image\"><img decoding=\"async\" src=\"https:\/\/xclub.ee\/wp-content\/uploads\/2019\/06\/2I7A9295-700x300.jpg\" height=\"300\" width=\"700\" alt=\"y\u00f6kerho Tallinna\" class=\"slider-3049 slide-3052 msDefaultImage\" title=\"y\u00f6kerho Tallinna\" \/><\/li>\n                <li style=\"display: none; width: 100%;\" class=\"slide-3053 ms-image hidden_tablet hidden_laptop hidden_desktop \" aria-roledescription=\"slide\" data-date=\"2021-08-20 16:49:36\" data-filename=\"2I7A9250-700x300.jpg\" data-slide-type=\"image\"><img decoding=\"async\" src=\"https:\/\/xclub.ee\/wp-content\/uploads\/2019\/06\/2I7A9250-700x300.jpg\" height=\"300\" width=\"700\" alt=\"bileet Tallinna\" class=\"slider-3049 slide-3053 msDefaultImage\" title=\"bileet Tallinna\" \/><\/li>\n            <\/ul>\n        <\/div>\n        \n    <\/div>\n<\/div><\/div>\n<p>You are welcome to relax in our comfortable and cozy well-stocked bar. We offer a wide assortment of refreshments, fine wines, a selection of best whiskeys, excellent cigars as well as an array of tasty snack.<\/p>\n<div class=\"mob-hide\">\n\n\t\t<style type=\"text\/css\">\n\t\t\t#gallery-1 {\n\t\t\t\tmargin: auto;\n\t\t\t}\n\t\t\t#gallery-1 .gallery-item {\n\t\t\t\tfloat: left;\n\t\t\t\tmargin-top: 10px;\n\t\t\t\ttext-align: center;\n\t\t\t\twidth: 50%;\n\t\t\t}\n\t\t\t#gallery-1 img {\n\t\t\t\tborder: 2px solid #cfcfcf;\n\t\t\t}\n\t\t\t#gallery-1 .gallery-caption {\n\t\t\t\tmargin-left: 0;\n\t\t\t}\n\t\t\t\/* see gallery_shortcode() in wp-includes\/media.php *\/\n\t\t<\/style>\n\t\t<div id='gallery-1' class='gallery galleryid-3534 gallery-columns-2 gallery-size-thumbnail'><dl class='gallery-item'>\n\t\t\t<dt class='gallery-icon landscape'>\n\t\t\t\t<a href='https:\/\/xclub.ee\/wp-content\/uploads\/2021\/08\/bar001-1.jpg'><img decoding=\"async\" width=\"260\" height=\"184\" src=\"https:\/\/xclub.ee\/wp-content\/uploads\/2021\/08\/bar001-1-260x184.jpg\" class=\"attachment-thumbnail size-thumbnail\" alt=\"\" title=\"\"><\/a>\n\t\t\t<\/dt><\/dl><dl class='gallery-item'>\n\t\t\t<dt class='gallery-icon landscape'>\n\t\t\t\t<a href='https:\/\/xclub.ee\/wp-content\/uploads\/2021\/08\/bar1.jpg'><img decoding=\"async\" width=\"260\" height=\"184\" src=\"https:\/\/xclub.ee\/wp-content\/uploads\/2021\/08\/bar1-260x184.jpg\" class=\"attachment-thumbnail size-thumbnail\" alt=\"\" title=\"\"><\/a>\n\t\t\t<\/dt><\/dl><br style=\"clear: both\" \/><dl class='gallery-item'>\n\t\t\t<dt class='gallery-icon landscape'>\n\t\t\t\t<a href='https:\/\/xclub.ee\/wp-content\/uploads\/2021\/08\/bar002.jpg'><img decoding=\"async\" width=\"260\" height=\"184\" src=\"https:\/\/xclub.ee\/wp-content\/uploads\/2021\/08\/bar002-260x184.jpg\" class=\"attachment-thumbnail size-thumbnail\" alt=\"\" title=\"\"><\/a>\n\t\t\t<\/dt><\/dl><dl class='gallery-item'>\n\t\t\t<dt class='gallery-icon landscape'>\n\t\t\t\t<a href='https:\/\/xclub.ee\/wp-content\/uploads\/2021\/08\/bar2.jpg'><img decoding=\"async\" width=\"260\" height=\"184\" src=\"https:\/\/xclub.ee\/wp-content\/uploads\/2021\/08\/bar2-260x184.jpg\" class=\"attachment-thumbnail size-thumbnail\" alt=\"\" title=\"\"><\/a>\n\t\t\t<\/dt><\/dl><br style=\"clear: both\" \/>\n\t\t<\/div>\n\n<p>&nbsp;<\/p>\n<\/div>\n<p>[\/vc_column_text][\/vc_column][\/vc_row][vc_row][vc_column][vc_column_text]<\/p>\n<\/div>\n<p>[\/vc_column_text][\/vc_column][\/vc_row]<\/p>\n<\/div>","protected":false},"excerpt":{"rendered":"<p>[vc_row][vc_column][vc_column_text] [\/vc_column_text][\/vc_column][\/vc_row][vc_row css=&#8221;.vc_custom_1744030670400{border-top-width: 1px !important;border-right-width: 1px !important;border-bottom-width: 1px !important;border-left-width: 1px !important;border-left-style: solid !important;border-right-style: solid !important;border-top-style: solid !important;border-bottom-style: solid !important;}&#8221;][vc_column][vc_column_text][\/vc_column_text][\/vc_column][\/vc_row][vc_row][vc_column][vc_column_text] Olet tervetullut rentoutumaan viihtyis\u00e4\u00e4n ja mukavaan, hyvin varustettuun baariimme. Tarjoamme laajan valikoiman virvokkeita, hienoja viinej\u00e4, parhaita viskej\u00e4, erinomaisia sikareita sek\u00e4 valikoiman maukkaita v\u00e4lipaloja. Hienojen juomien ja rentoutumisen paratiisi Baarimme on aarreaitta niin harrastajille kuin asiantuntijoillekin. Olemme [&hellip;]<\/p>\n","protected":false},"author":1,"featured_media":2515,"parent":0,"menu_order":0,"comment_status":"closed","ping_status":"closed","template":"","meta":{"_acf_changed":false,"footnotes":""},"class_list":["post-3534","page","type-page","status-publish","has-post-thumbnail","hentry"],"acf":[],"_links":{"self":[{"href":"https:\/\/xclub.ee\/fi\/wp-json\/wp\/v2\/pages\/3534","targetHints":{"allow":["GET"]}}],"collection":[{"href":"https:\/\/xclub.ee\/fi\/wp-json\/wp\/v2\/pages"}],"about":[{"href":"https:\/\/xclub.ee\/fi\/wp-json\/wp\/v2\/types\/page"}],"author":[{"embeddable":true,"href":"https:\/\/xclub.ee\/fi\/wp-json\/wp\/v2\/users\/1"}],"replies":[{"embeddable":true,"href":"https:\/\/xclub.ee\/fi\/wp-json\/wp\/v2\/comments?post=3534"}],"version-history":[{"count":4,"href":"https:\/\/xclub.ee\/fi\/wp-json\/wp\/v2\/pages\/3534\/revisions"}],"predecessor-version":[{"id":5576,"href":"https:\/\/xclub.ee\/fi\/wp-json\/wp\/v2\/pages\/3534\/revisions\/5576"}],"wp:featuredmedia":[{"embeddable":true,"href":"https:\/\/xclub.ee\/fi\/wp-json\/wp\/v2\/media\/2515"}],"wp:attachment":[{"href":"https:\/\/xclub.ee\/fi\/wp-json\/wp\/v2\/media?parent=3534"}],"curies":[{"name":"wp","href":"https:\/\/api.w.org\/{rel}","templated":true}]}}