{"id":3493,"date":"2021-09-02T15:18:52","date_gmt":"2021-09-02T12:18:52","guid":{"rendered":"http:\/\/xclub.ee\/karaoke-hall\/"},"modified":"2025-06-23T13:48:26","modified_gmt":"2025-06-23T10:48:26","slug":"karaoke-hall","status":"publish","type":"page","link":"https:\/\/xclub.ee\/sv\/karaoke-hall\/","title":{"rendered":"Karaokehall"},"content":{"rendered":"<div class=\"wpb-content-wrapper\"><p>[vc_row][vc_column][vc_column_text css=&#8221;&#8221;]<\/p>\n<div style=\"width: 860px;\" class=\"wp-video\"><video class=\"wp-video-shortcode\" id=\"video-3493-1\" width=\"860\" height=\"484\" poster=\"http:\/\/xclub.ee\/wp-content\/uploads\/2021\/08\/XClub-karaoke-mp4-image.png\" preload=\"metadata\" controls=\"controls\"><source type=\"video\/mp4\" src=\"http:\/\/xclub.ee\/wp-content\/uploads\/2021\/08\/XClub-karaoke.mp4?_=1\" \/><a href=\"http:\/\/xclub.ee\/wp-content\/uploads\/2021\/08\/XClub-karaoke.mp4\">http:\/\/xclub.ee\/wp-content\/uploads\/2021\/08\/XClub-karaoke.mp4<\/a><\/video><\/div>\n<h3 class=\"ds-markdown-paragraph\"><strong>Vi \u00e4r stolta att presentera v\u00e5r Karaokebar!<\/strong><\/h3>\n<p class=\"ds-markdown-paragraph\">H\u00e4r finns cirka 50 000 l\u00e5tar p\u00e5 \u00f6ver tio olika spr\u00e5k att v\u00e4lja bland. Det \u00e4r din perfekta chans att bli kv\u00e4llens stj\u00e4rna \u2013 du kommer att st\u00f6das av ett h\u00f6gkvalitativt ljudsystem, imponerande visuella effekter, en peppande publik och en mysig men \u00e4nd\u00e5 lyxig milj\u00f6. V\u00e4lkommen p\u00e5 scenen!<\/p>\n<h3 class=\"ds-markdown-paragraph\"><strong>En Lyxig och Inbjudande Atmosf\u00e4r<\/strong><\/h3>\n<p class=\"ds-markdown-paragraph\">V\u00e5r karaokebar handlar inte bara om att sjunga \u2013 det handlar om att f\u00f6rsvinna in i en atmosf\u00e4r som kombinerar lyx med komfort. Den mysiga men \u00e4nd\u00e5 \u00f6verd\u00e5diga inredningen g\u00f6r det till den perfekta platsen f\u00f6r en minnesv\u00e4rd kv\u00e4ll. Oavsett om du s\u00f6ker efter en &#8221;karaokebar n\u00e4ra mig&#8221; i Tallinn eller planerar ett speciellt bes\u00f6k, st\u00e5r v\u00e5ra d\u00f6rrar \u00f6ppna f\u00f6r en exceptionell karaokeupplevelse.<\/p>\n<p class=\"ds-markdown-paragraph\"><strong>Du kan \u00e4ven boka showhallen f\u00f6r dina speciella tillf\u00e4llen<\/strong>\u00a0vare sig det g\u00e4ller din f\u00f6delsedag, svensexa eller bara en galen kv\u00e4ll med v\u00e4nner.<br \/>\nVi erbjuder catering. Hallen rymmer bekv\u00e4mt 30 personer.<\/p>\n<p>[\/vc_column_text][vc_column_text css=&#8221;&#8221;]<\/p>\n<h3 class=\"ds-markdown-paragraph\"><strong>Varf\u00f6r V\u00e4lja V\u00e5r Karaokebar?<\/strong><\/h3>\n<ol>\n<li class=\"ds-markdown-paragraph\"><strong>Stort L\u00e5tubud:<\/strong>\u00a0Med ett repertoar av l\u00e5tar p\u00e5 flera spr\u00e5k framst\u00e5r vi som den fr\u00e4msta karaokeklubben i Tallinn.<\/li>\n<li class=\"ds-markdown-paragraph\"><strong>Toppmoderna Faciliteter:<\/strong>\u00a0V\u00e5rt h\u00f6gklassiga ljudsystem och visuella uppl\u00e4gg s\u00e4kerst\u00e4ller att varje framtr\u00e4dande blir enast\u00e5ende.<\/li>\n<li class=\"ds-markdown-paragraph\"><strong>Perfekt f\u00f6r Evenemang:<\/strong>\u00a0V\u00e5r m\u00e5ngsidiga karaokehall passar utm\u00e4rkt till privata tillst\u00e4llningar och erbjuder en unik och rolig upplevelse.<\/li>\n<\/ol>\n<p class=\"ds-markdown-paragraph\">Som den ledande\u00a0<strong>Karaokebaren i Tallinn<\/strong>\u00a0bjuder vi in dig att sl\u00e4ppa loss, ta mikrofonen och st\u00e5 i str\u00e5lkastarljuset. Oavsett om du \u00e4r lokal eller bes\u00f6kare \u00e4r v\u00e5r karaokeklubb den ultimata destinationen f\u00f6r musikentusiaster och festprissar. Kom och var med p\u00e5 en kv\u00e4ll d\u00e4r\u00a0<strong>du<\/strong>\u00a0\u00e4r huvudattraktionen \u2013 l\u00e5t musiken ta dig med p\u00e5 en resa!<\/p>\n<p>[\/vc_column_text][\/vc_column][\/vc_row][vc_row css=&#8221;.vc_custom_1744030467354{border: 1px initial rgba(255,255,255,0.6) !important;}&#8221;][vc_column][vc_column_text]<div id=\"metaslider-id-5396\" style=\"width: 100%;\" class=\"ml-slider-3-107-0 metaslider metaslider-flex metaslider-5396 ml-slider has-dots-nav ms-theme-default\" role=\"region\" aria-label=\"Karaoke hall\" data-height=\"1080\" data-width=\"1920\">\n    <div id=\"metaslider_container_5396\">\n        <div id=\"temp_metaslider_5396\" class=\"flexslider\"><ul class='slides'><\/ul><\/div><div id=\"metaslider_5396\">\n            <ul class='slides'>\n                <li style=\"display: none; width: 100%;\" class=\"slide-5716 ms-image hidden_smartphone \" aria-roledescription=\"slide\" data-date=\"2025-06-06 15:36:48\" data-filename=\"432-1280x720.jpg\" data-slide-type=\"image\"><img decoding=\"async\" src=\"https:\/\/xclub.ee\/wp-content\/uploads\/2025\/06\/432-1280x720.jpg\" height=\"1080\" width=\"1920\" alt=\"\" class=\"slider-5396 slide-5716 msDefaultImage\" title=\"432\"><\/li>\n                <li style=\"display: none; width: 100%;\" class=\"slide-5397 ms-image hidden_smartphone \" aria-roledescription=\"slide\" data-date=\"2025-03-19 19:00:11\" data-filename=\"dsc00316_resize-scaled-1920x1080.jpg\" data-slide-type=\"image\"><img decoding=\"async\" src=\"https:\/\/xclub.ee\/wp-content\/uploads\/2024\/09\/dsc00316_resize-scaled-1920x1080.jpg\" height=\"1080\" width=\"1920\" alt=\"best stripclub tallinn\" class=\"slider-5396 slide-5397 msDefaultImage\" title=\"best stripclub tallinn\" \/><\/li>\n                <li style=\"display: none; width: 100%;\" class=\"slide-5717 ms-image hidden_smartphone \" aria-roledescription=\"slide\" data-date=\"2025-06-06 15:38:31\" data-filename=\"4432-1280x720.jpg\" data-slide-type=\"image\"><img decoding=\"async\" src=\"https:\/\/xclub.ee\/wp-content\/uploads\/2025\/06\/4432-1280x720.jpg\" height=\"1080\" width=\"1920\" alt=\"\" class=\"slider-5396 slide-5717 msDefaultImage\" title=\"4432\"><\/li>\n                <li style=\"display: none; width: 100%;\" class=\"slide-5398 ms-image hidden_smartphone \" aria-roledescription=\"slide\" data-date=\"2025-03-19 19:00:24\" data-filename=\"dsc00301_resize-scaled-1920x1080.jpg\" data-slide-type=\"image\"><img decoding=\"async\" src=\"https:\/\/xclub.ee\/wp-content\/uploads\/2024\/09\/dsc00301_resize-scaled-1920x1080.jpg\" height=\"1080\" width=\"1920\" alt=\"best stripclub tallinn\" class=\"slider-5396 slide-5398 msDefaultImage\" title=\"best stripclub tallinn\" \/><\/li>\n                <li style=\"display: none; width: 100%;\" class=\"slide-5399 ms-image hidden_smartphone \" aria-roledescription=\"slide\" data-date=\"2025-03-19 19:01:00\" data-filename=\"dsc00264_resize-scaled-1920x1080.jpg\" data-slide-type=\"image\"><img decoding=\"async\" src=\"https:\/\/xclub.ee\/wp-content\/uploads\/2024\/09\/dsc00264_resize-scaled-1920x1080.jpg\" height=\"1080\" width=\"1920\" alt=\"best stripclub tallinn\" class=\"slider-5396 slide-5399 msDefaultImage\" title=\"best stripclub tallinn\" \/><\/li>\n                <li style=\"display: none; width: 100%;\" class=\"slide-5400 ms-image hidden_smartphone \" aria-roledescription=\"slide\" data-date=\"2025-03-19 19:01:23\" data-filename=\"dsc00268_resize-scaled-1920x1080.jpg\" data-slide-type=\"image\"><img decoding=\"async\" src=\"https:\/\/xclub.ee\/wp-content\/uploads\/2024\/09\/dsc00268_resize-scaled-1920x1080.jpg\" height=\"1080\" width=\"1920\" alt=\"best stripclub tallinn\" class=\"slider-5396 slide-5400 msDefaultImage\" title=\"best stripclub tallinn\" \/><\/li>\n            <\/ul>\n        <\/div>\n        \n    <\/div>\n<\/div>[\/vc_column_text][\/vc_column][\/vc_row][vc_row disable_element=&#8221;yes&#8221;][vc_column][vc_column_text]<\/p>\n<div class=\"mob-hide\">\n<div style=\"width: 860px;\" class=\"wp-video\"><video class=\"wp-video-shortcode\" id=\"video-3493-2\" width=\"860\" height=\"484\" poster=\"http:\/\/xclub.ee\/wp-content\/uploads\/2021\/08\/XClub-karaoke-mp4-image.png\" preload=\"metadata\" controls=\"controls\"><source type=\"video\/mp4\" src=\"http:\/\/xclub.ee\/wp-content\/uploads\/2021\/08\/XClub-karaoke.mp4?_=2\" \/><a href=\"http:\/\/xclub.ee\/wp-content\/uploads\/2021\/08\/XClub-karaoke.mp4\">http:\/\/xclub.ee\/wp-content\/uploads\/2021\/08\/XClub-karaoke.mp4<\/a><\/video><\/div>\n<p style=\"text-align: right;\">\n<\/div>\n<div class=\"mob-show\"><img decoding=\"async\" src=\"\/wp-content\/uploads\/2017\/04\/Xclub_Website_karaoke_devka.jpg\" alt=\"\" width=\"100%\" title=\"\"><\/div>\n<h2>We are proud to present our Karaoke bar!<\/h2>\n<p>There are about 50 000 songs in more than ten different languages you can choose of. It is the perfect chance to be the star of the night &#8211; you will be supported by high-quality soundsystem, dashing visuals, cheering audience and cozy but luxurious milieu. Welcome to the stage!<\/p>\n<p>You can also book the hall for your special occasions whether it would be your birthday, stag night or just a wild night out with friends.<br \/>\nWe provide catering. The hall is comfortable for 30 persons.<\/p>\n<div class=\"mob-hide\">\n\n\t\t<style type=\"text\/css\">\n\t\t\t#gallery-1 {\n\t\t\t\tmargin: auto;\n\t\t\t}\n\t\t\t#gallery-1 .gallery-item {\n\t\t\t\tfloat: left;\n\t\t\t\tmargin-top: 10px;\n\t\t\t\ttext-align: center;\n\t\t\t\twidth: 50%;\n\t\t\t}\n\t\t\t#gallery-1 img {\n\t\t\t\tborder: 2px solid #cfcfcf;\n\t\t\t}\n\t\t\t#gallery-1 .gallery-caption {\n\t\t\t\tmargin-left: 0;\n\t\t\t}\n\t\t\t\/* see gallery_shortcode() in wp-includes\/media.php *\/\n\t\t<\/style>\n\t\t<div id='gallery-1' class='gallery galleryid-3493 gallery-columns-2 gallery-size-thumbnail'><dl class='gallery-item'>\n\t\t\t<dt class='gallery-icon portrait'>\n\t\t\t\t<a href='https:\/\/xclub.ee\/wp-content\/uploads\/2018\/10\/3434.jpg'><img decoding=\"async\" width=\"174\" height=\"184\" src=\"https:\/\/xclub.ee\/wp-content\/uploads\/2018\/10\/3434.jpg\" class=\"attachment-thumbnail size-thumbnail\" alt=\"erotiikkaklubi striptease esitykset Tallinna\" title=\"\"><\/a>\n\t\t\t<\/dt><\/dl><dl class='gallery-item'>\n\t\t\t<dt class='gallery-icon portrait'>\n\t\t\t\t<a href='https:\/\/xclub.ee\/wp-content\/uploads\/2018\/09\/7766555.jpg'><img decoding=\"async\" width=\"123\" height=\"184\" src=\"https:\/\/xclub.ee\/wp-content\/uploads\/2018\/09\/7766555.jpg\" class=\"attachment-thumbnail size-thumbnail\" alt=\"erotiikkaklubi striptease esitykset Tallinna\" title=\"\"><\/a>\n\t\t\t<\/dt><\/dl><br style=\"clear: both\" \/><dl class='gallery-item'>\n\t\t\t<dt class='gallery-icon portrait'>\n\t\t\t\t<a href='https:\/\/xclub.ee\/wp-content\/uploads\/2018\/10\/33423.jpg'><img decoding=\"async\" width=\"174\" height=\"184\" src=\"https:\/\/xclub.ee\/wp-content\/uploads\/2018\/10\/33423.jpg\" class=\"attachment-thumbnail size-thumbnail\" alt=\"erotiikkaklubi striptease esitykset Tallinna\" title=\"\"><\/a>\n\t\t\t<\/dt><\/dl><dl class='gallery-item'>\n\t\t\t<dt class='gallery-icon portrait'>\n\t\t\t\t<a href='https:\/\/xclub.ee\/wp-content\/uploads\/2018\/10\/6654345.jpg'><img decoding=\"async\" width=\"174\" height=\"184\" src=\"https:\/\/xclub.ee\/wp-content\/uploads\/2018\/10\/6654345.jpg\" class=\"attachment-thumbnail size-thumbnail\" alt=\"erotiikkaklubi striptease esitykset Tallinna\" title=\"\"><\/a>\n\t\t\t<\/dt><\/dl><br style=\"clear: both\" \/><dl class='gallery-item'>\n\t\t\t<dt class='gallery-icon portrait'>\n\t\t\t\t<a href='https:\/\/xclub.ee\/wp-content\/uploads\/2018\/09\/444333322.jpg'><img decoding=\"async\" width=\"123\" height=\"184\" src=\"https:\/\/xclub.ee\/wp-content\/uploads\/2018\/09\/444333322.jpg\" class=\"attachment-thumbnail size-thumbnail\" alt=\"xclub best strp club in estonia\" title=\"\"><\/a>\n\t\t\t<\/dt><\/dl><dl class='gallery-item'>\n\t\t\t<dt class='gallery-icon landscape'>\n\t\t\t\t<a href='https:\/\/xclub.ee\/wp-content\/uploads\/2017\/05\/merged-8.jpg'><img decoding=\"async\" width=\"260\" height=\"173\" src=\"https:\/\/xclub.ee\/wp-content\/uploads\/2017\/05\/merged-8.jpg\" class=\"attachment-thumbnail size-thumbnail\" alt=\"xclub best strp club in estonia\" title=\"\"><\/a>\n\t\t\t<\/dt><\/dl><br style=\"clear: both\" \/><dl class='gallery-item'>\n\t\t\t<dt class='gallery-icon landscape'>\n\t\t\t\t<a href='https:\/\/xclub.ee\/wp-content\/uploads\/2017\/05\/merged-4.jpg'><img decoding=\"async\" width=\"260\" height=\"173\" src=\"https:\/\/xclub.ee\/wp-content\/uploads\/2017\/05\/merged-4.jpg\" class=\"attachment-thumbnail size-thumbnail\" alt=\"xclub best strp club in estonia\" title=\"\"><\/a>\n\t\t\t<\/dt><\/dl><dl class='gallery-item'>\n\t\t\t<dt class='gallery-icon landscape'>\n\t\t\t\t<a href='https:\/\/xclub.ee\/wp-content\/uploads\/2017\/05\/merged-3.jpg'><img decoding=\"async\" width=\"260\" height=\"173\" src=\"https:\/\/xclub.ee\/wp-content\/uploads\/2017\/05\/merged-3.jpg\" class=\"attachment-thumbnail size-thumbnail\" alt=\"striper club\" title=\"\"><\/a>\n\t\t\t<\/dt><\/dl><br style=\"clear: both\" \/>\n\t\t<\/div>\n\n<p>&nbsp;<\/p>\n<p>&nbsp;<\/p>\n<\/div>\n<div class=\"mob-show\"><img decoding=\"async\" src=\"\/wp-content\/uploads\/2017\/05\/merged-3.jpg\" alt=\"\" width=\"100%\" title=\"\"><\/div>\n<p>[\/vc_column_text][\/vc_column][\/vc_row][vc_row][vc_column][vc_column_text]<\/p>\n<div class=\"mob-show\"><\/div>\n<p>[\/vc_column_text][\/vc_column][\/vc_row]<\/p>\n<\/div>","protected":false},"excerpt":{"rendered":"<p>[vc_row][vc_column][vc_column_text css=&#8221;&#8221;] Vi \u00e4r stolta att presentera v\u00e5r Karaokebar! H\u00e4r finns cirka 50 000 l\u00e5tar p\u00e5 \u00f6ver tio olika spr\u00e5k att v\u00e4lja bland. Det \u00e4r din perfekta chans att bli kv\u00e4llens stj\u00e4rna \u2013 du kommer att st\u00f6das av ett h\u00f6gkvalitativt ljudsystem, imponerande visuella effekter, en peppande publik och en mysig men \u00e4nd\u00e5 lyxig milj\u00f6. V\u00e4lkommen [&hellip;]<\/p>\n","protected":false},"author":1,"featured_media":1527,"parent":0,"menu_order":0,"comment_status":"closed","ping_status":"closed","template":"","meta":{"_acf_changed":false,"footnotes":""},"class_list":["post-3493","page","type-page","status-publish","has-post-thumbnail","hentry"],"acf":[],"_links":{"self":[{"href":"https:\/\/xclub.ee\/sv\/wp-json\/wp\/v2\/pages\/3493","targetHints":{"allow":["GET"]}}],"collection":[{"href":"https:\/\/xclub.ee\/sv\/wp-json\/wp\/v2\/pages"}],"about":[{"href":"https:\/\/xclub.ee\/sv\/wp-json\/wp\/v2\/types\/page"}],"author":[{"embeddable":true,"href":"https:\/\/xclub.ee\/sv\/wp-json\/wp\/v2\/users\/1"}],"replies":[{"embeddable":true,"href":"https:\/\/xclub.ee\/sv\/wp-json\/wp\/v2\/comments?post=3493"}],"version-history":[{"count":4,"href":"https:\/\/xclub.ee\/sv\/wp-json\/wp\/v2\/pages\/3493\/revisions"}],"predecessor-version":[{"id":5692,"href":"https:\/\/xclub.ee\/sv\/wp-json\/wp\/v2\/pages\/3493\/revisions\/5692"}],"wp:featuredmedia":[{"embeddable":true,"href":"https:\/\/xclub.ee\/sv\/wp-json\/wp\/v2\/media\/1527"}],"wp:attachment":[{"href":"https:\/\/xclub.ee\/sv\/wp-json\/wp\/v2\/media?parent=3493"}],"curies":[{"name":"wp","href":"https:\/\/api.w.org\/{rel}","templated":true}]}}