{"id":3501,"date":"2021-09-02T15:21:22","date_gmt":"2021-09-02T12:21:22","guid":{"rendered":"http:\/\/xclub.ee\/ytterligare-tjanster\/"},"modified":"2025-06-23T13:44:15","modified_gmt":"2025-06-23T10:44:15","slug":"ytterligare-tjanster","status":"publish","type":"page","link":"https:\/\/xclub.ee\/sv\/ytterligare-tjanster\/","title":{"rendered":"Ytterligare tj\u00e4nster"},"content":{"rendered":"<h2><strong><a href=\"\/wp-content\/uploads\/2012\/04\/limousine-verhuur.jpg\"><img decoding=\"async\" class=\"alignleft size-thumbnail wp-image-349\" title=\"limousine\" src=\"\/wp-content\/uploads\/2012\/04\/limousine-verhuur-260x184.jpg\" alt=\"\" width=\"260\" height=\"184\"><\/a><\/strong><\/h2>\n<h2><strong>Limousine med toppl\u00f6sa tjejer<\/strong><\/h2>\n<p>F\u00f6r \u00e4ventyrs\u00e4lskare:<\/p>\n<p>Limousinresa (60 minuter) med Xclub Topless Dancers. I priset ing\u00e5r limousine + damer<\/p>\n<p>&nbsp;<\/p>\n<p>&nbsp;<\/p>\n<h2><strong>Strip Dance Master Class<\/strong><\/h2>\n<p>Xclub erbjuder banddansutbildningar med klubbl\u00e4rare.<\/p>\n<h2><\/h2>\n<h2><strong><strong><br \/>\n<a href=\"\/wp-content\/uploads\/2012\/04\/strip-pokker.jpg\"><img decoding=\"async\" class=\"alignleft size-thumbnail wp-image-802\" title=\"kl\u00e4dpoker\" src=\"\/wp-content\/uploads\/2012\/04\/strip-pokker-260x184.jpg\" alt=\"\" width=\"260\" height=\"184\"><\/a><\/strong><\/strong><\/h2>\n<h2><strong><strong>Kl\u00e4dpoker<\/strong><\/strong><\/h2>\n<p>Pokerspelet, d\u00e4r kursen &#8211; dina kl\u00e4der och (mest intressanta) &#8211; Kl\u00e4dtjejer fr\u00e5n klubben. Det genomsnittliga spelet varar mellan 15 och 30 minuter<\/p>\n<h2><strong>Middagsshow<\/strong><\/h2>\n<p>Visar f\u00f6r olika evenemang i baren \/ restaurangen \/ klubben.<\/p>\n<p>PS! Br\u00e5dskande order v\u00e4rd mer \u00e4n<\/p>\n<p>&nbsp;<\/p>\n<p>&nbsp;<\/p>\n<h2><strong><a href=\"\/wp-content\/uploads\/2012\/04\/male.jpg\"><img decoding=\"async\" class=\"size-thumbnail wp-image-353 alignleft\" title=\"manlig\" src=\"\/wp-content\/uploads\/2012\/04\/male-260x184.jpg\" alt=\"\" width=\"260\" height=\"184\"><\/a><\/strong><\/h2>\n<h2>M\u00e4ns erotiska show<\/h2>\n<p>X Club erbjuder en charmig och villig manlig erotisk show. Vanligtvis \u00e4ger rum i ett privat rum Casanova.<\/p>\n<p>Priset beror p\u00e5 antalet deltagare.<\/p>\n<p>&nbsp;<\/p>\n<p>&nbsp;<\/p>\n<p>&nbsp;<\/p>\n<p>&nbsp;<\/p>\n<p>* Klubben f\u00f6rbeh\u00e5ller sig r\u00e4tten att v\u00e4gra en klient om alla s\u00e4kerhets\u00e5tg\u00e4rder som skyddar dansarna inte uppfylls. Vi p\u00e5minner dig ocks\u00e5 om att showen inte inneh\u00e5ller n\u00e5gra sexuella tj\u00e4nster.<\/p>\n","protected":false},"excerpt":{"rendered":"<p>Limousine med toppl\u00f6sa tjejer F\u00f6r \u00e4ventyrs\u00e4lskare: Limousinresa (60 minuter) med Xclub Topless Dancers. I priset ing\u00e5r limousine + damer &nbsp; &nbsp; Strip Dance Master Class Xclub erbjuder banddansutbildningar med klubbl\u00e4rare. Kl\u00e4dpoker Pokerspelet, d\u00e4r kursen &#8211; dina kl\u00e4der och (mest intressanta) &#8211; Kl\u00e4dtjejer fr\u00e5n klubben. Det genomsnittliga spelet varar mellan 15 och 30 minuter Middagsshow Visar [&hellip;]<\/p>\n","protected":false},"author":1,"featured_media":3276,"parent":0,"menu_order":0,"comment_status":"closed","ping_status":"closed","template":"","meta":{"_acf_changed":false,"footnotes":""},"class_list":["post-3501","page","type-page","status-publish","has-post-thumbnail","hentry"],"acf":[],"_links":{"self":[{"href":"https:\/\/xclub.ee\/sv\/wp-json\/wp\/v2\/pages\/3501","targetHints":{"allow":["GET"]}}],"collection":[{"href":"https:\/\/xclub.ee\/sv\/wp-json\/wp\/v2\/pages"}],"about":[{"href":"https:\/\/xclub.ee\/sv\/wp-json\/wp\/v2\/types\/page"}],"author":[{"embeddable":true,"href":"https:\/\/xclub.ee\/sv\/wp-json\/wp\/v2\/users\/1"}],"replies":[{"embeddable":true,"href":"https:\/\/xclub.ee\/sv\/wp-json\/wp\/v2\/comments?post=3501"}],"version-history":[{"count":2,"href":"https:\/\/xclub.ee\/sv\/wp-json\/wp\/v2\/pages\/3501\/revisions"}],"predecessor-version":[{"id":3690,"href":"https:\/\/xclub.ee\/sv\/wp-json\/wp\/v2\/pages\/3501\/revisions\/3690"}],"wp:featuredmedia":[{"embeddable":true,"href":"https:\/\/xclub.ee\/sv\/wp-json\/wp\/v2\/media\/3276"}],"wp:attachment":[{"href":"https:\/\/xclub.ee\/sv\/wp-json\/wp\/v2\/media?parent=3501"}],"curies":[{"name":"wp","href":"https:\/\/api.w.org\/{rel}","templated":true}]}}