{"id":3521,"date":"2021-09-02T15:23:47","date_gmt":"2021-09-02T12:23:47","guid":{"rendered":"http:\/\/xclub.ee\/bar\/"},"modified":"2025-06-23T13:41:46","modified_gmt":"2025-06-23T10:41:46","slug":"bar","status":"publish","type":"page","link":"https:\/\/xclub.ee\/sv\/bar\/","title":{"rendered":"Bar tj\u00e4nster"},"content":{"rendered":"<div class=\"wpb-content-wrapper\"><p>[vc_row][vc_column][vc_column_text]<\/p>\n<div class=\"mob-hide\">\n<p>[\/vc_column_text][\/vc_column][\/vc_row][vc_row css=&#8221;.vc_custom_1744030670400{border-top-width: 1px !important;border-right-width: 1px !important;border-bottom-width: 1px !important;border-left-width: 1px !important;border-left-style: solid !important;border-right-style: solid !important;border-top-style: solid !important;border-bottom-style: solid !important;}&#8221;][vc_column][vc_column_text]<div id=\"metaslider-id-5414\" style=\"width: 100%;\" class=\"ml-slider-3-107-0 metaslider metaslider-flex metaslider-5414 ml-slider has-dots-nav ms-theme-default\" role=\"region\" aria-label=\"Bar\" data-height=\"1080\" data-width=\"1920\">\n    <div id=\"metaslider_container_5414\">\n        <div id=\"temp_metaslider_5414\" class=\"flexslider\"><ul class='slides'><\/ul><\/div><div id=\"metaslider_5414\">\n            <ul class='slides'>\n                <li style=\"display: none; width: 100%;\" class=\"slide-5415 ms-image hidden_smartphone \" aria-roledescription=\"slide\" data-date=\"2025-03-19 19:22:53\" data-filename=\"dsc00376_resize-scaled-1920x1080.jpg\" data-slide-type=\"image\"><img decoding=\"async\" src=\"https:\/\/xclub.ee\/wp-content\/uploads\/2024\/09\/dsc00376_resize-scaled-1920x1080.jpg\" height=\"1080\" width=\"1920\" alt=\"xclub best stripclub tallinn\" class=\"slider-5414 slide-5415 msDefaultImage\" title=\"xclub best stripclub tallinn\" \/><\/li>\n                <li style=\"display: none; width: 100%;\" class=\"slide-5416 ms-image hidden_smartphone \" aria-roledescription=\"slide\" data-date=\"2025-03-19 19:23:06\" data-filename=\"dsc00363_resize-scaled-1920x1080.jpg\" data-slide-type=\"image\"><img decoding=\"async\" src=\"https:\/\/xclub.ee\/wp-content\/uploads\/2024\/09\/dsc00363_resize-scaled-1920x1080.jpg\" height=\"1080\" width=\"1920\" alt=\"xclub best stripclub tallinn\" class=\"slider-5414 slide-5416 msDefaultImage\" title=\"xclub best stripclub tallinn\" \/><\/li>\n                <li style=\"display: none; width: 100%;\" class=\"slide-5417 ms-image hidden_smartphone \" aria-roledescription=\"slide\" data-date=\"2025-03-19 19:23:35\" data-filename=\"dsc00358_resize-scaled-1920x1080.jpg\" data-slide-type=\"image\"><img decoding=\"async\" src=\"https:\/\/xclub.ee\/wp-content\/uploads\/2024\/09\/dsc00358_resize-scaled-1920x1080.jpg\" height=\"1080\" width=\"1920\" alt=\"xclub best stripclub tallinn\" class=\"slider-5414 slide-5417 msDefaultImage\" title=\"xclub best stripclub tallinn\" \/><\/li>\n                <li style=\"display: none; width: 100%;\" class=\"slide-5418 ms-image hidden_smartphone \" aria-roledescription=\"slide\" data-date=\"2025-03-19 19:24:06\" data-filename=\"dsc00326_resize-scaled-1920x1080.jpg\" data-slide-type=\"image\"><img decoding=\"async\" src=\"https:\/\/xclub.ee\/wp-content\/uploads\/2024\/09\/dsc00326_resize-scaled-1920x1080.jpg\" height=\"1080\" width=\"1920\" alt=\"xclub best stripclub tallinn\" class=\"slider-5414 slide-5418 msDefaultImage\" title=\"xclub best stripclub tallinn\" \/><\/li>\n            <\/ul>\n        <\/div>\n        \n    <\/div>\n<\/div>[\/vc_column_text][\/vc_column][\/vc_row][vc_row][vc_column][vc_column_text css=&#8221;&#8221;]<\/p>\n<p class=\"ds-markdown-paragraph\"><strong>V\u00c5R BAR: EN OAS F\u00d6R N\u00d6JESK\u00c4NNARE<\/strong><br \/>\nV\u00e4lkommen att avkoppla dig i v\u00e5r v\u00e4lutrustade bar med bekv\u00e4ma och inbjudande sittplatser. Vi erbjuder ett brett utbud av f\u00f6rfriskningar, fina viner, ett urval av v\u00e4rldens b\u00e4sta whiskyn, premiumcigarrer samt l\u00e4ckra sm\u00e5r\u00e4tter.<\/p>\n<p class=\"ds-markdown-paragraph\"><strong>En P\u00e4rla F\u00f6r Spirituosa-\u00c4lskare<\/strong><br \/>\nV\u00e5r bar \u00e4r en skattkammare f\u00f6r kr\u00e4sna g\u00e4ster. Med stolthet presenterar vi ett exklusivt sortiment som placerar oss bland Tallins fr\u00e4msta herrklubbar. Fr\u00e5n uts\u00f6kta viner till v\u00e4rldsklassiga whiskyn \u2013 varje dryck \u00e4r noggrant utvald f\u00f6r att f\u00f6rh\u00f6ja din upplevelse. F\u00f6r den raffin\u00f6rden erbjuder vi \u00e4ven ett utm\u00e4rkt cigarurutbud, perfekt att kombinera med v\u00e5ra premiumsprit.<\/p>\n<p class=\"ds-markdown-paragraph\"><strong>Njutning F\u00f6r Smakl\u00f6karna<\/strong><br \/>\nUt\u00f6ver v\u00e5ra drycker serverar vi l\u00e4ckra sm\u00e5r\u00e4tter, noggrant utvalda f\u00f6r att komplettera v\u00e5rt sortiment. Detta \u00e4r mer \u00e4n en bar \u2013 det \u00e4r en upplevelse som cementerar v\u00e5r position som Tallins fr\u00e4msta herrklubb.<\/p>\n<p class=\"ds-markdown-paragraph\"><strong>Perfekt Bel\u00e4gen I Hj\u00e4rtat Av Tallinn<\/strong><br \/>\nV\u00e5r exklusiva klubb ligger i Tallins pulserande centrum, l\u00e4tt att hitta f\u00f6r den som s\u00f6ker efter en premiumupplevelse. Vare sig du \u00e4r stadens inv\u00e5nare eller bes\u00f6kare \u2013 v\u00e5ra d\u00f6rrar st\u00e5r \u00f6ppna f\u00f6r att v\u00e4lkomna dig till en atmosf\u00e4r av o\u00f6vertr\u00e4ffad klass och komfort.<\/p>\n<p class=\"ds-markdown-paragraph\"><strong>M\u00f6tesplats F\u00f6r Den Kr\u00e4sne<\/strong><br \/>\nV\u00e5r bar \u00e4r mer \u00e4n bara ett st\u00e4lle att dricka p\u00e5 \u2013 det \u00e4r en social samlingspunkt d\u00e4r Tallins elit tr\u00e4ffas. H\u00e4r kan du koppla av efter en l\u00e5ng dag, delta i stimulerande konversationer eller helt enkelt bara njuta av den lyxiga atmosf\u00e4ren.<\/p>\n<p>[\/vc_column_text][vc_row_inner el_id=&#8221;prices&#8221;][vc_column_inner][vc_custom_heading text=&#8221;PRISER&#8221; font_container=&#8221;tag:h2|text_align:center&#8221; use_theme_fonts=&#8221;yes&#8221; css=&#8221;&#8221;][vc_column_text css=&#8221;&#8221;]<\/p>\n<table class=\"table\" style=\"width: 100%;\">\n<thead>\n<tr>\n<th><strong>Alkoholhaltiga drycker<\/strong><\/th>\n<th><strong>Pris<\/strong><\/th>\n<\/tr>\n<\/thead>\n<tbody>\n<tr>\n<td>Viin \/ Vodka<\/td>\n<td>from 5\/eur<\/td>\n<\/tr>\n<tr>\n<td>Tequila<\/td>\n<td>from 5\/eur<\/td>\n<\/tr>\n<tr>\n<td>Dzinn \/ Gin<\/td>\n<td>from 5\/eur<\/td>\n<\/tr>\n<tr>\n<td>Konjak \/ Cognac<\/td>\n<td>from 20\/eur<\/td>\n<\/tr>\n<tr>\n<td>Viksi \/ Whisky<\/td>\n<td>from 5\/eur<\/td>\n<\/tr>\n<tr>\n<td>Br\u00e4ndi \/ Brandy<\/td>\n<td>from 5\/eur<\/td>\n<\/tr>\n<tr>\n<td>Calvados<\/td>\n<td>from 5\/eur<\/td>\n<\/tr>\n<tr>\n<td>Rumm \/ Rum<\/td>\n<td>from 6\/eur<\/td>\n<\/tr>\n<tr>\n<td>Lik\u00f6\u00f6r \/ Liqueur<\/td>\n<td>from 5\/eur<\/td>\n<\/tr>\n<tr>\n<td>Portvein \/ Porto wine<\/td>\n<td>from 10\/eur<\/td>\n<\/tr>\n<tr>\n<td>Aperatiiv \/ Aperitiv<\/td>\n<td>from 5\/eur<\/td>\n<\/tr>\n<tr>\n<td>\u00d5lu \/ Beer<\/td>\n<td>from 7\/eur<\/td>\n<\/tr>\n<tr>\n<td>Siider \/ Cider<\/td>\n<td>from 7\/eur<\/td>\n<\/tr>\n<tr>\n<td>Valged veinid \/ White wine<\/td>\n<td>from 100\/eur<\/td>\n<\/tr>\n<tr>\n<td>Punased veinid \/ Red wine<\/td>\n<td>from 100\/eur<\/td>\n<\/tr>\n<tr>\n<td>Shampanja \/ Champagne<\/td>\n<td>from 125\/eur<\/td>\n<\/tr>\n<\/tbody>\n<\/table>\n<p>[\/vc_column_text][vc_column_text css=&#8221;&#8221;]<\/p>\n<p class=\"ds-markdown-paragraph\">I v\u00e5r bar serverar vi alla dryckesklassiker, inklusive dessa eftertraktade m\u00e4rken:<\/p>\n<p class=\"ds-markdown-paragraph\"><strong>Vodka<\/strong><br \/>\nBeluga, Grey Goose, Belvedere Night Sabre<\/p>\n<p class=\"ds-markdown-paragraph\"><strong>Tequila<\/strong><br \/>\nJose Cuervo Especial Gold, Olmeca Altos Plata, Casamigos A\u00f1ejo<\/p>\n<p class=\"ds-markdown-paragraph\"><strong>Gin<\/strong><br \/>\nMonkey 47 Schwarzwald Dry Gin, Hendrick\u2019s, Tanqueray Copa Gin<\/p>\n<p class=\"ds-markdown-paragraph\"><strong>Cognac<\/strong><br \/>\nHennessy Paradise, Hennessy XO, Martell VSOP Medaillon<\/p>\n<p class=\"ds-markdown-paragraph\"><strong>Whisky<\/strong><br \/>\nJ.W. Platinum 18-\u00e5rig, Lagavulin 16-\u00e5rig Single Islay Malt, Oban 14-\u00e5rig Single Malt<\/p>\n<p class=\"ds-markdown-paragraph\"><strong>Brandy<\/strong><br \/>\nFernando de Castilla, Ararat Otborny 7-\u00e5rig, Metaxa 7-\u00e5rig<\/p>\n<p class=\"ds-markdown-paragraph\"><strong>Calvados<\/strong><br \/>\nP\u00e8re Magloire XO, P\u00e8re Magloire VSOP<\/p>\n<p class=\"ds-markdown-paragraph\"><strong>Rom<\/strong><br \/>\nZacapa 23-\u00e5rig Solera Gran Reserva, Angostura 1919, Havana Club Selecci\u00f3n de Maestros<\/p>\n<p class=\"ds-markdown-paragraph\"><strong>Lik\u00f6r<\/strong><br \/>\nGalliano, Amaretto di Saronno, Pisang Ambon<\/p>\n<p class=\"ds-markdown-paragraph\"><strong>Portvin<\/strong><br \/>\nDow\u2019s 20-\u00e5rig Tawny Port, Fernando de Castilla Pedro Xim\u00e9nez, Graham\u2019s Late Bottled Vintage<\/p>\n<p class=\"ds-markdown-paragraph\"><strong>Aperitif<\/strong><br \/>\nMartini, Campari<\/p>\n<p class=\"ds-markdown-paragraph\"><strong>\u00d6l<\/strong><br \/>\nA. Le Coq Premium, Saku Originaal, Heineken<\/p>\n<p class=\"ds-markdown-paragraph\"><strong>Cider<\/strong><br \/>\n\u00c4ppelcider, P\u00e4roncider<\/p>\n<p class=\"ds-markdown-paragraph\"><strong>Vita viner<\/strong><br \/>\nLaroche Les Clos Chablis Grand Cru, Little Beauty Sauvignon Blanc, Laroche St Martin Chablis<\/p>\n<p class=\"ds-markdown-paragraph\"><strong>R\u00f6da viner<\/strong><br \/>\nCh\u00e2teau Magnol Cru Bourgeois, Lamberti Alta Gamma Amarone, Ogier Ch\u00e2teauneuf-du-Pape Reine Jeanne<\/p>\n<p class=\"ds-markdown-paragraph\"><strong>Champagne<\/strong><br \/>\nLouis Roederer Cristal, Mo\u00ebt &amp; Chandon Midnight Gold, Dom P\u00e9rignon Ros\u00e9 1998<\/p>\n<p>[\/vc_column_text][\/vc_column_inner][\/vc_row_inner][\/vc_column][\/vc_row][vc_row disable_element=&#8221;yes&#8221;][vc_column][vc_column_text]<\/p>\n<div class=\"mob-hide\"><img decoding=\"async\" class=\"alignnone wp-image-3285 size-large\" src=\"http:\/\/xclub.ee\/wp-content\/uploads\/2021\/08\/bar-xclub-1024x591.jpg\" alt=\"\" width=\"860\" height=\"496\" title=\"\" srcset=\"https:\/\/xclub.ee\/wp-content\/uploads\/2021\/08\/bar-xclub-1024x591.jpg 1024w, https:\/\/xclub.ee\/wp-content\/uploads\/2021\/08\/bar-xclub-512x296.jpg 512w, https:\/\/xclub.ee\/wp-content\/uploads\/2021\/08\/bar-xclub-768x443.jpg 768w, https:\/\/xclub.ee\/wp-content\/uploads\/2021\/08\/bar-xclub-1536x887.jpg 1536w, https:\/\/xclub.ee\/wp-content\/uploads\/2021\/08\/bar-xclub-2048x1182.jpg 2048w\" sizes=\"(max-width: 860px) 100vw, 860px\" \/><\/div>\n<div class=\"mob-show\"><div id=\"metaslider-id-3049\" style=\"width: 100%;\" class=\"ml-slider-3-107-0 metaslider metaslider-flex metaslider-3049 ml-slider has-dots-nav ms-theme-default\" role=\"region\" aria-label=\"Bar mobile\" data-height=\"300\" data-width=\"700\">\n    <div id=\"metaslider_container_3049\">\n        <div id=\"temp_metaslider_3049\" class=\"flexslider\"><ul class='slides'><\/ul><\/div><div id=\"metaslider_3049\">\n            <ul class='slides'>\n                <li style=\"display: none; width: 100%;\" class=\"slide-3050 ms-image hidden_tablet hidden_laptop hidden_desktop \" aria-roledescription=\"slide\" data-date=\"2021-08-20 16:48:56\" data-filename=\"2I7A9275-700x300.jpg\" data-slide-type=\"image\"><img decoding=\"async\" src=\"https:\/\/xclub.ee\/wp-content\/uploads\/2019\/06\/2I7A9275-700x300.jpg\" height=\"300\" width=\"700\" alt=\"bileet Tallinna\" class=\"slider-3049 slide-3050 msDefaultImage\" title=\"bileet Tallinna\" \/><\/li>\n                <li style=\"display: none; width: 100%;\" class=\"slide-3051 ms-image hidden_tablet hidden_laptop hidden_desktop \" aria-roledescription=\"slide\" data-date=\"2021-08-20 16:49:11\" data-filename=\"2I7A9283-700x300.jpg\" data-slide-type=\"image\"><img decoding=\"async\" src=\"https:\/\/xclub.ee\/wp-content\/uploads\/2019\/06\/2I7A9283-700x300.jpg\" height=\"300\" width=\"700\" alt=\"y\u00f6kerho Tallinna\" class=\"slider-3049 slide-3051 msDefaultImage\" title=\"y\u00f6kerho Tallinna\" \/><\/li>\n                <li style=\"display: none; width: 100%;\" class=\"slide-3052 ms-image hidden_tablet hidden_laptop hidden_desktop \" aria-roledescription=\"slide\" data-date=\"2021-08-20 16:49:24\" data-filename=\"2I7A9295-700x300.jpg\" data-slide-type=\"image\"><img decoding=\"async\" src=\"https:\/\/xclub.ee\/wp-content\/uploads\/2019\/06\/2I7A9295-700x300.jpg\" height=\"300\" width=\"700\" alt=\"y\u00f6kerho Tallinna\" class=\"slider-3049 slide-3052 msDefaultImage\" title=\"y\u00f6kerho Tallinna\" \/><\/li>\n                <li style=\"display: none; width: 100%;\" class=\"slide-3053 ms-image hidden_tablet hidden_laptop hidden_desktop \" aria-roledescription=\"slide\" data-date=\"2021-08-20 16:49:36\" data-filename=\"2I7A9250-700x300.jpg\" data-slide-type=\"image\"><img decoding=\"async\" src=\"https:\/\/xclub.ee\/wp-content\/uploads\/2019\/06\/2I7A9250-700x300.jpg\" height=\"300\" width=\"700\" alt=\"bileet Tallinna\" class=\"slider-3049 slide-3053 msDefaultImage\" title=\"bileet Tallinna\" \/><\/li>\n            <\/ul>\n        <\/div>\n        \n    <\/div>\n<\/div><\/div>\n<p>You are welcome to relax in our comfortable and cozy well-stocked bar. We offer a wide assortment of refreshments, fine wines, a selection of best whiskeys, excellent cigars as well as an array of tasty snack.<\/p>\n<div class=\"mob-hide\">\n\n\t\t<style type=\"text\/css\">\n\t\t\t#gallery-1 {\n\t\t\t\tmargin: auto;\n\t\t\t}\n\t\t\t#gallery-1 .gallery-item {\n\t\t\t\tfloat: left;\n\t\t\t\tmargin-top: 10px;\n\t\t\t\ttext-align: center;\n\t\t\t\twidth: 50%;\n\t\t\t}\n\t\t\t#gallery-1 img {\n\t\t\t\tborder: 2px solid #cfcfcf;\n\t\t\t}\n\t\t\t#gallery-1 .gallery-caption {\n\t\t\t\tmargin-left: 0;\n\t\t\t}\n\t\t\t\/* see gallery_shortcode() in wp-includes\/media.php *\/\n\t\t<\/style>\n\t\t<div id='gallery-1' class='gallery galleryid-3521 gallery-columns-2 gallery-size-thumbnail'><dl class='gallery-item'>\n\t\t\t<dt class='gallery-icon landscape'>\n\t\t\t\t<a href='https:\/\/xclub.ee\/wp-content\/uploads\/2021\/08\/bar001-1.jpg'><img decoding=\"async\" width=\"260\" height=\"184\" src=\"https:\/\/xclub.ee\/wp-content\/uploads\/2021\/08\/bar001-1-260x184.jpg\" class=\"attachment-thumbnail size-thumbnail\" alt=\"\" title=\"\"><\/a>\n\t\t\t<\/dt><\/dl><dl class='gallery-item'>\n\t\t\t<dt class='gallery-icon landscape'>\n\t\t\t\t<a href='https:\/\/xclub.ee\/wp-content\/uploads\/2021\/08\/bar1.jpg'><img decoding=\"async\" width=\"260\" height=\"184\" src=\"https:\/\/xclub.ee\/wp-content\/uploads\/2021\/08\/bar1-260x184.jpg\" class=\"attachment-thumbnail size-thumbnail\" alt=\"\" title=\"\"><\/a>\n\t\t\t<\/dt><\/dl><br style=\"clear: both\" \/><dl class='gallery-item'>\n\t\t\t<dt class='gallery-icon landscape'>\n\t\t\t\t<a href='https:\/\/xclub.ee\/wp-content\/uploads\/2021\/08\/bar002.jpg'><img decoding=\"async\" width=\"260\" height=\"184\" src=\"https:\/\/xclub.ee\/wp-content\/uploads\/2021\/08\/bar002-260x184.jpg\" class=\"attachment-thumbnail size-thumbnail\" alt=\"\" title=\"\"><\/a>\n\t\t\t<\/dt><\/dl><dl class='gallery-item'>\n\t\t\t<dt class='gallery-icon landscape'>\n\t\t\t\t<a href='https:\/\/xclub.ee\/wp-content\/uploads\/2021\/08\/bar2.jpg'><img decoding=\"async\" width=\"260\" height=\"184\" src=\"https:\/\/xclub.ee\/wp-content\/uploads\/2021\/08\/bar2-260x184.jpg\" class=\"attachment-thumbnail size-thumbnail\" alt=\"\" title=\"\"><\/a>\n\t\t\t<\/dt><\/dl><br style=\"clear: both\" \/>\n\t\t<\/div>\n\n<p>&nbsp;<\/p>\n<\/div>\n<p>[\/vc_column_text][\/vc_column][\/vc_row][vc_row][vc_column][vc_column_text]<\/p>\n<\/div>\n<p>[\/vc_column_text][\/vc_column][\/vc_row]<\/p>\n<\/div>","protected":false},"excerpt":{"rendered":"<p>[vc_row][vc_column][vc_column_text] [\/vc_column_text][\/vc_column][\/vc_row][vc_row css=&#8221;.vc_custom_1744030670400{border-top-width: 1px !important;border-right-width: 1px !important;border-bottom-width: 1px !important;border-left-width: 1px !important;border-left-style: solid !important;border-right-style: solid !important;border-top-style: solid !important;border-bottom-style: solid !important;}&#8221;][vc_column][vc_column_text][\/vc_column_text][\/vc_column][\/vc_row][vc_row][vc_column][vc_column_text css=&#8221;&#8221;] V\u00c5R BAR: EN OAS F\u00d6R N\u00d6JESK\u00c4NNARE V\u00e4lkommen att avkoppla dig i v\u00e5r v\u00e4lutrustade bar med bekv\u00e4ma och inbjudande sittplatser. Vi erbjuder ett brett utbud av f\u00f6rfriskningar, fina viner, ett urval av v\u00e4rldens b\u00e4sta whiskyn, premiumcigarrer [&hellip;]<\/p>\n","protected":false},"author":1,"featured_media":2517,"parent":0,"menu_order":0,"comment_status":"closed","ping_status":"closed","template":"","meta":{"_acf_changed":false,"footnotes":""},"class_list":["post-3521","page","type-page","status-publish","has-post-thumbnail","hentry"],"acf":[],"_links":{"self":[{"href":"https:\/\/xclub.ee\/sv\/wp-json\/wp\/v2\/pages\/3521","targetHints":{"allow":["GET"]}}],"collection":[{"href":"https:\/\/xclub.ee\/sv\/wp-json\/wp\/v2\/pages"}],"about":[{"href":"https:\/\/xclub.ee\/sv\/wp-json\/wp\/v2\/types\/page"}],"author":[{"embeddable":true,"href":"https:\/\/xclub.ee\/sv\/wp-json\/wp\/v2\/users\/1"}],"replies":[{"embeddable":true,"href":"https:\/\/xclub.ee\/sv\/wp-json\/wp\/v2\/comments?post=3521"}],"version-history":[{"count":9,"href":"https:\/\/xclub.ee\/sv\/wp-json\/wp\/v2\/pages\/3521\/revisions"}],"predecessor-version":[{"id":5720,"href":"https:\/\/xclub.ee\/sv\/wp-json\/wp\/v2\/pages\/3521\/revisions\/5720"}],"wp:featuredmedia":[{"embeddable":true,"href":"https:\/\/xclub.ee\/sv\/wp-json\/wp\/v2\/media\/2517"}],"wp:attachment":[{"href":"https:\/\/xclub.ee\/sv\/wp-json\/wp\/v2\/media?parent=3521"}],"curies":[{"name":"wp","href":"https:\/\/api.w.org\/{rel}","templated":true}]}}